{"id":1053,"date":"2015-11-17T23:16:08","date_gmt":"2015-11-17T22:16:08","guid":{"rendered":"http:\/\/www.knichip.pw.edu.pl\/?page_id=1053"},"modified":"2017-03-31T22:08:05","modified_gmt":"2017-03-31T21:08:05","slug":"ferrofluid","status":"publish","type":"page","link":"https:\/\/www.knichip.pw.edu.pl\/?page_id=1053","title":{"rendered":"Ferrofluid"},"content":{"rendered":"<p>Jest to p\u0142yn zawieraj\u0105cy zawiesin\u0119 mikroskopijnych cz\u0105steczek substancji ferromagnetycznej, takiej jak magnetyt. Dzi\u0119ki temu p\u0142yn posiada w\u0142a\u015bciwo\u015bci magnetyczne, co wywo\u0142uje widowiskowy efekt. Ferrofluidy uzyskiwane s\u0105 przez utworzenie zawiesiny mikroskopijnych cz\u0105steczek substancji ferromagnetycznej, takiej jak magnetyt, w cieczy no\u015bnej. Silne pola magnetyczne oddzia\u0142ywuj\u0105 na ferrofluid doprowadzaj\u0105c do polaryzacji i przemieszczenia zawieszonych drobin, a wraz z nimi obj\u0119to\u015bci cieczy. Po przekroczeniu progu nat\u0119\u017cenia pola magnetycznego, dochodzi do wewn\u0119trznej indukcji w materiale i do utworzenia na jego powierzchni geometrycznych wzor\u00f3w, kt\u00f3rych uk\u0142ad ulega zmianie wraz ze zmian\u0105 pola, temperatury i innych parametr\u00f3w p\u0142ynu.<\/p>\n<div id='gallery-1' class='gallery galleryid-1053 gallery-columns-1 gallery-size-large'><figure class='gallery-item'>\n\t\t\t<div class='gallery-icon landscape'>\n\t\t\t\t<a href='https:\/\/www.knichip.pw.edu.pl\/?attachment_id=1022'><img fetchpriority=\"high\" decoding=\"async\" width=\"1024\" height=\"683\" src=\"https:\/\/www.knichip.pw.edu.pl\/wp-content\/uploads\/2015\/11\/IMG_9499-1024x683.jpg\" class=\"attachment-large size-large\" alt=\"\" srcset=\"https:\/\/www.knichip.pw.edu.pl\/wp-content\/uploads\/2015\/11\/IMG_9499-1024x683.jpg 1024w, https:\/\/www.knichip.pw.edu.pl\/wp-content\/uploads\/2015\/11\/IMG_9499-300x200.jpg 300w, https:\/\/www.knichip.pw.edu.pl\/wp-content\/uploads\/2015\/11\/IMG_9499-900x600.jpg 900w\" sizes=\"(max-width: 1024px) 100vw, 1024px\" \/><\/a>\n\t\t\t<\/div><\/figure>\n\t\t<\/div>\n\n","protected":false},"excerpt":{"rendered":"<p>Jest to p\u0142yn zawieraj\u0105cy zawiesin\u0119 mikroskopijnych cz\u0105steczek substancji ferromagnetycznej, takiej jak magnetyt. Dzi\u0119ki temu p\u0142yn posiada w\u0142a\u015bciwo\u015bci magnetyczne, co wywo\u0142uje widowiskowy efekt. Ferrofluidy uzyskiwane s\u0105 przez utworzenie zawiesiny mikroskopijnych cz\u0105steczek substancji ferromagnetycznej, takiej jak magnetyt, w cieczy no\u015bnej. Silne pola magnetyczne oddzia\u0142ywuj\u0105 na ferrofluid doprowadzaj\u0105c do polaryzacji i przemieszczenia zawieszonych drobin, a wraz z nimi &#8230; <a title=\"Ferrofluid\" class=\"read-more\" href=\"https:\/\/www.knichip.pw.edu.pl\/?page_id=1053\" aria-label=\"Read more about Ferrofluid\">Dowiedz si\u0119 wi\u0119cej<\/a><\/p>\n","protected":false},"author":17,"featured_media":0,"parent":57,"menu_order":0,"comment_status":"closed","ping_status":"open","template":"","meta":{"footnotes":""},"class_list":["post-1053","page","type-page","status-publish"],"_links":{"self":[{"href":"https:\/\/www.knichip.pw.edu.pl\/index.php?rest_route=\/wp\/v2\/pages\/1053","targetHints":{"allow":["GET"]}}],"collection":[{"href":"https:\/\/www.knichip.pw.edu.pl\/index.php?rest_route=\/wp\/v2\/pages"}],"about":[{"href":"https:\/\/www.knichip.pw.edu.pl\/index.php?rest_route=\/wp\/v2\/types\/page"}],"author":[{"embeddable":true,"href":"https:\/\/www.knichip.pw.edu.pl\/index.php?rest_route=\/wp\/v2\/users\/17"}],"replies":[{"embeddable":true,"href":"https:\/\/www.knichip.pw.edu.pl\/index.php?rest_route=%2Fwp%2Fv2%2Fcomments&post=1053"}],"version-history":[{"count":5,"href":"https:\/\/www.knichip.pw.edu.pl\/index.php?rest_route=\/wp\/v2\/pages\/1053\/revisions"}],"predecessor-version":[{"id":1443,"href":"https:\/\/www.knichip.pw.edu.pl\/index.php?rest_route=\/wp\/v2\/pages\/1053\/revisions\/1443"}],"up":[{"embeddable":true,"href":"https:\/\/www.knichip.pw.edu.pl\/index.php?rest_route=\/wp\/v2\/pages\/57"}],"wp:attachment":[{"href":"https:\/\/www.knichip.pw.edu.pl\/index.php?rest_route=%2Fwp%2Fv2%2Fmedia&parent=1053"}],"curies":[{"name":"wp","href":"https:\/\/api.w.org\/{rel}","templated":true}]}}