{"id":1119,"date":"2015-12-22T21:04:23","date_gmt":"2015-12-22T20:04:23","guid":{"rendered":"http:\/\/www.knichip.pw.edu.pl\/?page_id=1119"},"modified":"2023-10-04T22:15:01","modified_gmt":"2023-10-04T21:15:01","slug":"eyec-3","status":"publish","type":"page","link":"https:\/\/www.knichip.pw.edu.pl\/?page_id=1119","title":{"rendered":"EYEC"},"content":{"rendered":"<p><strong>O konferencji\u2026<\/strong><\/p>\n<p style=\"text-align: center;\">Pewnego jesiennego dnia 2011r. podczas jednego ze spotka\u0144 naszego Ko\u0142a nasi poprzednicy zastanawiali si\u0119, jak mo\u017cna rozwin\u0105\u0107 swoje umiej\u0119tno\u015bci i zapewni\u0107 now\u0105, bardziej atrakcyjn\u0105 metod\u0119 wymiany do\u015bwiadcze\u0144 pomi\u0119dzy m\u0142odymi naukowcami. Pomys\u0142 dla ludzi, kt\u00f3rzy tak jak pomys\u0142odawcy wierzyli, \u017ce najlepiej rozwija\u0107 si\u0119 drog\u0105 dbania o pasj\u0119\u00a0 do nauki do i zagadnie\u0144 in\u017cynierskich.<\/p>\n<p style=\"text-align: center;\">Tak narodzi\u0142 si\u0119 koncept, \u017ceby da\u0107 m\u0142odym in\u017cynierom i naukowcom mo\u017cliwo\u015b\u0107 do zaprezentowania swoich bada\u0144 naukowych podczas pierwszej edycji <strong>European Young Engineers Conference (EYEC)<\/strong> &#8211; czyli mi\u0119dzynarodowej konferencji o charakterze interdyscyplinarnym, podczas kt\u00f3rej uczestnicy maj\u0105 tak\u017ce okazj\u0119 wej\u015bcia w \u015brodowisko naukowe oraz rozwini\u0119cia swoich zdolno\u015bci j\u0119zykowych i interpersonalnych.<\/p>\n<p style=\"text-align: center;\">Od tamtej pory, ka\u017cde pokolenie cz\u0142onk\u00f3w Ko\u0142a po\u015bwi\u0119ca\u0142o si\u0119 dla doskonalenia ka\u017cdej kolejnej edycji wydarzenia. Podczas podr\u00f3\u017cy, kt\u00f3r\u0105 jest zespo\u0142owa praca nad przygotowaniem Konferencji, w 2015r. Ko\u0142o wesz\u0142o we wsp\u00f3\u0142prac\u0119 z Fundacj\u0105 M\u0142odej Nauki, kt\u00f3ra nadal czuwa nad stron\u0105 prawn\u0105 organizacji.<\/p>\n<p style=\"text-align: center;\">Konferencja mia\u0142a od samego pocz\u0105tku bardzo proste za\u0142o\u017cenia: pozwoli\u0107 in\u017cynierom, magistrom i doktorantom zaprezentowa\u0107 si\u0119 przed szerszym, mi\u0119dzynarodowym spektrum odbiorc\u00f3w. Dla wielu uczestnik\u00f3w, EYEC by\u0142 pierwszym krokiem w tym kierunku. Dzi\u0119ki przyjaznej atmosferze, wysokiemu poziomowi prezentowanych bada\u0144 wydarzenie cieszy si\u0119 rosn\u0105c\u0105 popularno\u015bci\u0105, chocia\u017c do tej pory odby\u0142o si\u0119 ju\u017c wiele edycji.<\/p>\n<p style=\"text-align: center;\">Podczas EYEC-a uczestnicy zar\u00f3wno daj\u0105 ustne prezentacje, jak bior\u0105 udzia\u0142 w sesjach plakatowych odnosz\u0105cych si\u0119 do dziedzin:<\/p>\n<ul>\n<li>In\u017cynieria chemiczna<\/li>\n<li>In\u017cnieria procesowa<\/li>\n<li>Aparatura procesowa<\/li>\n<li>In\u017cynieria biomedyczna<\/li>\n<li>nanotechnologie &amp; nanomateria\u0142y<\/li>\n<li>in\u017cynieria bioprocesowa<\/li>\n<li>ochrona \u015brodowiska<\/li>\n<li>in\u017cynieria materia\u0142owa<\/li>\n<li>inne dyscypliny in\u017cynierskie<\/li>\n<\/ul>\n<p style=\"text-align: center;\">Jednak na tym konferencja si\u0119 nie ko\u0144czy. Uczestnicy bior\u0105 udzia\u0142 w rozmowach na temat najnowszych trend\u00f3w w nauce, integruj\u0105 si\u0119, czy maj\u0105 okazj\u0119 wys\u0142ucha\u0107 wyk\u0142ad\u00f3w Go\u015bci Specjalnych.<\/p>\n<p style=\"text-align: center;\">Do zobaczenia w kwietniu!<\/p>\n<p style=\"text-align: center;\">Wi\u0119cej informacji mog\u0105 Pa\u0144stwo uzyska\u0107 na mediach EYEC:<\/p>\n<p style=\"text-align: center;\">\t\t\t\t\t\t\t<a href=\"https:\/\/www.facebook.com\/pages\/European-Young-Engineers-Conference\/368685893146669?fref=ts\" target=\"_blank\" rel=\"noopener noreferrer\"><br \/>\nFacebook<br \/>\n<\/a><br \/>\n<a href=\"https:\/\/www.linkedin.com\/company\/eyec-knichip\/\" target=\"_blank\" rel=\"noopener noreferrer\"><br \/>\nLinkedin<br \/>\n<\/a><br \/>\n<a href=\"https:\/\/www.eyec.ichip.pw.edu.pl\/\" target=\"_blank\" rel=\"noopener noreferrer\"><br \/>\nWordpress<br \/>\n<\/a><\/p>\n","protected":false},"excerpt":{"rendered":"<p>O konferencji\u2026 Pewnego jesiennego dnia 2011r. podczas jednego ze spotka\u0144 naszego Ko\u0142a nasi poprzednicy zastanawiali si\u0119, jak mo\u017cna rozwin\u0105\u0107 swoje umiej\u0119tno\u015bci i zapewni\u0107 now\u0105, bardziej atrakcyjn\u0105 metod\u0119 wymiany do\u015bwiadcze\u0144 pomi\u0119dzy m\u0142odymi naukowcami. Pomys\u0142 dla ludzi, kt\u00f3rzy tak jak pomys\u0142odawcy wierzyli, \u017ce najlepiej rozwija\u0107 si\u0119 drog\u0105 dbania o pasj\u0119\u00a0 do nauki do i zagadnie\u0144 in\u017cynierskich. Tak &#8230; <a title=\"EYEC\" class=\"read-more\" href=\"https:\/\/www.knichip.pw.edu.pl\/?page_id=1119\" aria-label=\"Read more about EYEC\">Dowiedz si\u0119 wi\u0119cej<\/a><\/p>\n","protected":false},"author":17,"featured_media":0,"parent":0,"menu_order":0,"comment_status":"closed","ping_status":"open","template":"","meta":{"footnotes":""},"class_list":["post-1119","page","type-page","status-publish"],"_links":{"self":[{"href":"https:\/\/www.knichip.pw.edu.pl\/index.php?rest_route=\/wp\/v2\/pages\/1119","targetHints":{"allow":["GET"]}}],"collection":[{"href":"https:\/\/www.knichip.pw.edu.pl\/index.php?rest_route=\/wp\/v2\/pages"}],"about":[{"href":"https:\/\/www.knichip.pw.edu.pl\/index.php?rest_route=\/wp\/v2\/types\/page"}],"author":[{"embeddable":true,"href":"https:\/\/www.knichip.pw.edu.pl\/index.php?rest_route=\/wp\/v2\/users\/17"}],"replies":[{"embeddable":true,"href":"https:\/\/www.knichip.pw.edu.pl\/index.php?rest_route=%2Fwp%2Fv2%2Fcomments&post=1119"}],"version-history":[{"count":12,"href":"https:\/\/www.knichip.pw.edu.pl\/index.php?rest_route=\/wp\/v2\/pages\/1119\/revisions"}],"predecessor-version":[{"id":2330,"href":"https:\/\/www.knichip.pw.edu.pl\/index.php?rest_route=\/wp\/v2\/pages\/1119\/revisions\/2330"}],"wp:attachment":[{"href":"https:\/\/www.knichip.pw.edu.pl\/index.php?rest_route=%2Fwp%2Fv2%2Fmedia&parent=1119"}],"curies":[{"name":"wp","href":"https:\/\/api.w.org\/{rel}","templated":true}]}}