{"id":115,"date":"2013-04-07T19:28:20","date_gmt":"2013-04-07T19:28:20","guid":{"rendered":"http:\/\/www.knichip.pw.edu.pl\/?page_id=115"},"modified":"2016-01-09T18:27:05","modified_gmt":"2016-01-09T17:27:05","slug":"targi-kol-naukowych-konik","status":"publish","type":"page","link":"https:\/\/www.knichip.pw.edu.pl\/?page_id=115","title":{"rendered":"Targi K\u00f3\u0142 Naukowych &#8222;KONIK&#8221;"},"content":{"rendered":"<p><strong>Targi K\u00f3\u0142 Naukowych i Organizacji Studenckich &#8222;KONIK&#8221;<\/strong><\/p>\n<p>Targi s\u0105 cykliczn\u0105 imprez\u0105 organizowan\u0105 przez <a href=\"http:\/\/rkn.sspw.pl\" target=\"_blank\">Rad\u0119 K\u00f3\u0142 Naukowych Politechniki Warszawskiej<\/a> oraz <a href=\"http:\/\/sspw.pl\/index.html\" target=\"_blank\">Samorz\u0105d Student\u00f3w Politechniki Warszawskiej<\/a> i maj\u0105 charakter niekomercyjny. Inicjatywa zosta\u0142a obj\u0119ta honorowym patronatem przez\u00a0<b>Ministerstwo Nauki i Szkolnictwa Wy\u017cszego<\/b>,\u00a0<b>Mazowieckim Kuratorium O\u015bwiaty<\/b>\u00a0oraz\u00a0<b>Jego Magnificencj\u0119 Rektora Politechniki Warszawskiej<\/b>.<br \/>\nTargi K\u00f3\u0142 Naukowych i Organizacji Studenckich \u201eKonik\u201d to jedna z najwi\u0119kszych form promocji dzia\u0142alno\u015bci K\u00f3\u0142 Naukowych i Organizacji Studenckich Politechniki Warszawskiej.<br \/>\nTargi maj\u0105 na celu ukazanie najpi\u0119kniejszej formy nauki &#8211; tej stosowanej w praktyce. Ko\u0142a Naukowe przedstawi\u0105 zwiedzaj\u0105cym na czym polega ich dzia\u0142alno\u015b\u0107, natomiast Organizacje Studenckie promuj\u0105 aktywne uczestnictwo w \u017cyciu uczelni.<\/p>\n<p style=\"text-align: left;\" align=\"center\">Podczas Targ\u00f3w \u201eKonik\u201d mo\u017cna zobaczy\u0107 m.in.:<br \/>\n-skomplikowane eksperymenty naukowe<br \/>\n-relacje ze studenckich wyjazd\u00f3w na konferencje, targi i pokazy<br \/>\n-umiej\u0119tno\u015bci jakie otrzymujemy dzia\u0142aj\u0105c w organizacjach studenckich<br \/>\n-mo\u017cliwo\u015bci rozwoju, jakie oferuje Politechnika Warszawska swoim studentom<br \/>\n-wst\u0105pi\u0107 do jednej z organizacji b\u0105d\u017a ko\u0142a naukowego (oczywi\u015bcie Naszego:P )<\/p>\n<hr \/>\n<p style=\"text-align: left;\" align=\"center\"><strong>2015<\/strong><\/p>\n<p>Mieli\u015bmy przyjemno\u015b\u0107 brania udzia\u0142u w XII Targach K\u00f3\u0142 Naukowych i Organizacji Studenckich \u201eKONIK\u201d W tym roku na naszym stanowisku mo\u017cna by\u0142o zobaczy\u0107 do\u015bwiadczenia takie jak: <a href=\"https:\/\/www.youtube.com\/watch?v=Lzl40NYnBKo\" target=\"_blank\">Efekt Weissenberga<\/a>,\u00a0Ferrofluid, <a href=\"https:\/\/www.youtube.com\/watch?v=7q_Jt3rZlws\" target=\"_blank\">Przep\u0142yw Taylora-Couette\u2019a<\/a>, Ogniwo z Coca-coli, Ciecz nieniutonowska. Ferrofluid oraz Efekt Weissenberga s\u0105 naszymi nowymi do\u015bwiadczeniami \u2013 w tym roku pokazali\u015bmy je pierwszy raz. Cieszy\u0142y si\u0119 wyj\u0105tkowym zainteresowaniem.<\/p>\n<div id=\"metaslider-id-593\" style=\"width: 100%; margin: 0 auto;\" class=\"ml-slider-3-98-0 metaslider metaslider-nivo metaslider-593 ml-slider ms-theme-outline\" role=\"region\" aria-roledescription=\"Slideshow\" aria-label=\"HeaderPhotos\" data-width=\"1950\">\n    <div id=\"metaslider_container_593\">\n        <div class='slider-wrapper theme-default'><div class='ribbon'><\/div><div id='metaslider_593' class='nivoSlider'><img fetchpriority=\"high\" decoding=\"async\" src=\"https:\/\/www.knichip.pw.edu.pl\/wp-content\/uploads\/2022\/10\/Zrzut-ekranu-2022-10-1-o-12.36.59-1-1440x443.png\" height=\"600\" width=\"1950\" title=\"Zrzut ekranu 2022-10-1 o 12.36.59\" alt=\"\" class=\"slider-593 slide-2315\" \/><img decoding=\"async\" src=\"https:\/\/www.knichip.pw.edu.pl\/wp-content\/uploads\/2022\/05\/IMG_20220528_144403-e1669573815918-1950x600.jpg\" height=\"600\" width=\"1950\" title=\"IMG_20220528_144403\" alt=\"\" class=\"slider-593 slide-2320\" \/><img decoding=\"async\" src=\"https:\/\/www.knichip.pw.edu.pl\/wp-content\/uploads\/2022\/10\/IMG_6946-e1730194048737-1950x600.jpg\" height=\"600\" width=\"1950\" title=\"IMG_6946\" alt=\"\" class=\"slider-593 slide-2424\" \/><img loading=\"lazy\" decoding=\"async\" src=\"https:\/\/www.knichip.pw.edu.pl\/wp-content\/uploads\/2023\/11\/DSC_0488-scaled-e1730194195619-1950x600.jpg\" height=\"600\" width=\"1950\" title=\"DSC_0488\" alt=\"\" class=\"slider-593 slide-2425\" \/><img loading=\"lazy\" decoding=\"async\" src=\"https:\/\/www.knichip.pw.edu.pl\/wp-content\/uploads\/2023\/11\/IMG_20231010_140126-scaled-e1730194120689-1915x589.jpg\" height=\"600\" width=\"1950\" title=\"IMG_20231010_140126\" alt=\"\" class=\"slider-593 slide-2508\" \/><\/div><\/div>\n        \n    <\/div>\n<\/div>\n<p style=\"text-align: left;\" align=\"center\">Ciecz nieniutonowska, nielepkospr\u0119\u017cysta, reostabilna \u2013 dylatacyjna. Jest ona zag\u0119szczana \u015bcinaniem, co mo\u017cna zademonstrowa\u0107 dzia\u0142aj\u0105c na ni\u0105 si\u0142\u0105 np. uderzeniem, b\u0105d\u017a \u015bciskaniem. Dostarczy\u0142o to nam, jak r\u00f3wnie\u017c zwiedzaj\u0105cym wiele frajdy.Tak komentuje targi koordynatorka \u201eKONIK\u201d 2015 \u2013 Asia Rak: \u201eObecnie na przynajmniej kilku uczelniach regularnie odbywaj\u0105 si\u0119 Targi K\u00f3\u0142 Naukowych, jednak nasze Targi s\u0105 szczeg\u00f3lne, poniewa\u017c s\u0105 tworzone przez nas i wed\u0142ug naszego pomys\u0142u. Co roku staramy si\u0119 stworzy\u0107 w pe\u0142ni profesjonalne wydarzenie, na kt\u00f3rym wystawcy maj\u0105 do dyspozycji prawdziw\u0105 zabudow\u0119 targow\u0105, a przygotowania trwaj\u0105 kilka miesi\u0119cy. To wydarzenie jest jednym ze sposob\u00f3w na realizacj\u0119 cel\u00f3w RKN. Umo\u017cliwia promocj\u0119 K\u00f3\u0142 Naukowych w\u015br\u00f3d student\u00f3w oraz przyczynia si\u0119 do ich rozwoju. Ponadto stanowi platform\u0119 do wsp\u00f3\u0142pracy i dzielenia si\u0119 do\u015bwiadczeniami i inspiracjami przez cz\u0142onk\u00f3w K\u00f3\u0142.\u201d Dzi\u0119ki tej inicjatywie mogli\u015bmy sprawdzi\u0107 si\u0119 \u2013 prezentuj\u0105c do\u015bwiadczenia oraz poszerzy\u0107 swoj\u0105 wiedz\u0119 teoretyczn\u0105. Targi \u201eKONIK\u201d zako\u0144czy\u0142y si\u0119 sympatycznym spotkaniem integracyjnym dla wszystkich wystawc\u00f3w i organizator\u00f3w. Zapraszamy za rok!<\/p>\n<hr \/>\n<p style=\"text-align: left;\" align=\"center\"><strong>2014<\/strong><\/p>\n<p><a href=\"http:\/\/www.knichip.pw.edu.pl\/wp-content\/uploads\/2014\/11\/10492085_385219841647273_7586644973727409449_n.jpg\"><img loading=\"lazy\" decoding=\"async\" class=\"aligncenter size-full wp-image-481\" src=\"http:\/\/www.knichip.pw.edu.pl\/wp-content\/uploads\/2014\/11\/10492085_385219841647273_7586644973727409449_n.jpg\" alt=\"logo\" width=\"960\" height=\"720\" \/><\/a><\/p>\n<p>W dniach 22-23 pa\u017adziernika br. na Gmachu G\u0142\u00f3wnym Politechniki Warszawskiej odby\u0142y si\u0119 Targi K\u00f3\u0142 Naukowych i Organizacji Studenckich. Tegoroczne targi da\u0142y nam pow\u00f3d do dumy- zaj\u0119li\u015bmy 3 miejsce w g\u0142osowaniu na najlepsze stanowisko. Wszystkie do\u015bwiadczenia wykonali\u015bmy tak jak chcieli\u015bmy. Zdarza\u0142y si\u0119 usterki, jednak zawsze odnajdywali\u015bmy przyczyn\u0119 problemu i starali\u015bmy si\u0119 j\u0105 jak najszybciej naprawi\u0107. O naszym sukcesie \u015bwiadczy nie tylko tak wysoka pozycja w g\u0142osowaniu, ale tak\u017ce zaciekawienie od strony s\u0142uchaczy, kt\u00f3rzy odwiedzili nasze stanowisko. W naszym zespole panowa\u0142a mi\u0142a atmosfera, du\u017co \u015bmiechu i \u017cart\u00f3w- nic wi\u0119c dziwnego \u017ce przedstawiciele innych stanowisk zgodnie twierdzili \u017ce jeste\u015bmy najfajniejszym zespo\u0142em na ca\u0142ych targach. Koordynatorem naszego stanowiska by\u0142a Katarzyna Grabarska, pomocnikiem Karolina Bartosiewicz. Mamy nadziej\u0119 \u017ce w kolejnych edycjach KONIKa powt\u00f3rzymy tegoroczny sukces, a ju\u017c dzi\u015b z niecierpliwo\u015bci\u0105 czekamy na zbli\u017caj\u0105cy si\u0119 Piknik Naukowy na Stadionie Narodowym.<\/p>\n<p>Nasze Ko\u0142o Naukowe zaprezentowa\u0142o nast\u0119puj\u0105ce do\u015bwiadczenia:<!--more--><\/p>\n<p><strong>Przep\u0142yw Taylora-Couett\u2019e<\/strong><\/p>\n<p>Mi\u0119dzy dwoma wsp\u00f3\u0142osiowymi cylindrami, znajdowa\u0142 si\u0119 syrop glukozowy oraz dwie kolorowe krople cieczy o tej samej lepko\u015bci i g\u0119sto\u015bci, co ciecz wype\u0142niaj\u0105ca przestrze\u0144 miedzy cylindrami. Obracali\u015bmy cylinder wewn\u0119trzny i obserwowali\u015bmy rozmycie kolorowej kropli, po wykonaniu ok. 5-8 obrot\u00f3w, kr\u0119cili\u015bmy cylindrem w przeciwn\u0105 stron\u0119 i obserwowali\u015bmy zachodz\u0105ce zmiany, okazuje si\u0119 \u017ce dla bardzo g\u0119stych cieczy mo\u017cna uzyska\u0107 efekt rozmycia i powrotu do pierwotnej postaci.<\/p>\n<ul>\n<ul>\n<li><strong>Reaktor dwufazowy<\/strong><\/li>\n<\/ul>\n<\/ul>\n<p><a href=\"http:\/\/www.knichip.pw.edu.pl\/wp-content\/uploads\/2014\/11\/P1012979-e1415193363443.jpg\"><img loading=\"lazy\" decoding=\"async\" class=\"aligncenter size-full wp-image-481\" src=\"http:\/\/www.knichip.pw.edu.pl\/wp-content\/uploads\/2014\/11\/P1012979-e1415193363443.jpg\" alt=\"logo\" width=\"282\" height=\"500\" \/><\/a><\/p>\n<p>Celem do\u015bwiadczenia jest zademonstrowanie zjawiska dyspersji i koalescencji kropel w uk\u0142adzie dwufazowym ciecz \u2013 ciecz. W zbiorniku znajduj\u0105 si\u0119 dwie pocz\u0105tkowo niezmieszane ciecze: woda (z dodatkowo rozpuszczonym barwnikiem \u2013 fluorescein\u0105) i olej mineralny. Obie ciecze tworz\u0105 dwie rozdzielne fazy. W wyniku obrot\u00f3w mieszad\u0142a dochodzi do wymieszania obu cieczy. Zachodzi w\u00f3wczas zjawisko dyspersji, powstaje dwufazowy uk\u0142ad koloidalny ciecz \u2013 ciecz zwany emulsj\u0105. W ca\u0142ej obj\u0119to\u015bci mieszaniny w reaktorze znajduj\u0105 si\u0119 krople fazy rozproszonej. Ich rozk\u0142ad ustali\u0142 si\u0119 po pewnym czasie w danych warunkach hydrodynamicznych (przy danej szybko\u015bci obrot\u00f3w mieszad\u0142a). Uk\u0142ad osi\u0105ga wtedy stan pewnej r\u00f3wnowagi, kt\u00f3ra zwi\u0105zana jest z szybko\u015bci\u0105 \u0142\u0105czenia si\u0119 mniejszych kropel w wi\u0119ksze (koalescencji) oraz z szybko\u015bci\u0105 rozpadu wi\u0119kszych kropel w mniejsze. Rozpad kropel zachodzi g\u0142\u00f3wnie w pobli\u017cu \u0142opat mieszad\u0142a. Jest to zwi\u0105zane z burzliwo\u015bci\u0105 wywo\u0142an\u0105 przez obracanie si\u0119 mieszad\u0142a. Zjawisko koalescencji jest silniejsze w miejscach bardziej odleg\u0142ych od mieszad\u0142a. Krople fazy rozproszonej s\u0105 tym wi\u0119ksze, im dalej znajduj\u0105 si\u0119 od mieszad\u0142a.<\/p>\n<p><strong>Reaktor w kt\u00f3rym powstaje emulsja.<\/strong><br \/>\n<a href=\"http:\/\/www.knichip.pw.edu.pl\/wp-content\/uploads\/2014\/11\/20141020_175429-e1415194104147.jpg\"><img loading=\"lazy\" decoding=\"async\" class=\"aligncenter size-full wp-image-481\" src=\"http:\/\/www.knichip.pw.edu.pl\/wp-content\/uploads\/2014\/11\/20141020_175429-e1415194104147.jpg\" alt=\"logo\" width=\"500\" height=\"667\" \/><\/a><\/p>\n<p>Reaktorem jest zbiornik z mieszad\u0142em mechanicznym.<\/p>\n<p>Wewn\u0105trz znajduje sie mieszanina dw\u00f3ch cieczy woda-olej. Pocz\u0105tkowo obie te ciecze nie s\u0105 ze sob\u0105 zmieszane, gdy\u017c olej jako substancja niepolarna nie rozpuszcza si\u0119 w wodzie. W\u00f3wczas obie ciecze tworz\u0105 dwie rozdzielne fazy. W tym przypadku faz\u0119 rozproszon\u0105 stanowi woda z dodatkiem barwnika, za\u015b faz\u0119 ci\u0105g\u0142\u0105 stanowi olej.<\/p>\n<p>W wyniku obrot\u00f3w mieszad\u0142a dochodzi do wymieszania obu cieczy. W\u00f3wczas dochodzi do dyspersji, powstaje dwufazowy uk\u0142ad koloidalny ciecz \u2013 ciecz zwany emulsj\u0105. W praktyce objawia si\u0119 to tym, \u017ce w fazie ci\u0105g\u0142ej widoczne s\u0105 kropelki fazy rozproszonej.<\/p>\n<p>Zjawisko koalescencji kropel mo\u017ce zosta\u0107 zahamowane poprzez dodanie substancji powierzchniowo czynnych (tzw. Emulgator\u00f3w- w naszym do\u015bwiadczeniu u\u017cyli\u015bmy stearynianu sodu, rozpuszczone myd\u0142o twarde). Skutkiem ich dzia\u0142ania jest obni\u017cenie napi\u0119cia mi\u0119dzyfazowego i zaadsorbowanie si\u0119 na granicy faz. W\u00f3wczas nast\u0119puje \u201eusztywnienie\u201d tej powierzchni. W takim wypadku rozpad kropel b\u0119dzie prowadzi\u0142 do powstania coraz mniejszych i proces ten zako\u0144czy si\u0119 w momencie, gdy rozmiar kropel b\u0119dzie stabilny i nie b\u0119dzie zachodzi\u0142 dalszy ich rozpad. Dzi\u0119ki obecno\u015bci substancji powierzchniowo czynnych ma\u0142e rozmiary kropel si\u0119 utrzymuj\u0105, nawet po wy\u0142\u0105czeniu mieszad\u0142a. W\u00f3wczas uzyskany uk\u0142ad staje si\u0119 trwa\u0142\u0105 emulsj\u0105.<\/p>\n<p><strong>Lampa lava<\/strong><br \/>\n<a href=\"http:\/\/www.knichip.pw.edu.pl\/wp-content\/uploads\/2014\/11\/P1012999-e1415193498976.jpg\"><img loading=\"lazy\" decoding=\"async\" class=\"aligncenter size-full wp-image-481\" src=\"http:\/\/www.knichip.pw.edu.pl\/wp-content\/uploads\/2014\/11\/P1012999-e1415193498976.jpg\" alt=\"logo\" width=\"282\" height=\"500\" \/><\/a><\/p>\n<p>W wysokim cylindrze znajdowa\u0142a si\u0119 woda (ok. 1\/5 obj\u0119to\u015bci), olej ro\u015blinny (do pe\u0142na) oraz tusz od drukarki (kilka kropli), do cylindra wrzucili\u015bmy tabletk\u0119 musuj\u0105c\u0105. Uzyskali\u015bmy zachwycaj\u0105cy efekt.<\/p>\n<p>Wyja\u015bnienie: Woda jest ci\u0119\u017csza od oleju przez co opada na dno. Tabletka musuj\u0105ca powoduje wytwarzanie si\u0119 b\u0105belk\u00f3w, a one z kolei wypychaj\u0105 zabarwion\u0105 wod\u0119 ku g\u00f3rze, gdy woda osi\u0105ga szczyt naczynia opada z powrotem na dno i obieg si\u0119 zamyka.<\/p>\n<p><strong>Prezentacja cyklonu- wykonana w programie SolidWorks<\/strong><\/p>\n<p>Odpylacze cyklonowe s\u0105 przeznaczone do oczyszczania powietrza zanieczyszczonego suchymi py\u0142ami o wielko\u015bci powy\u017cej 5 \u03bcm. Nale\u017c\u0105 do grupy urz\u0105dze\u0144 podci\u015bnieniowych. Proces odpylania zachodzi tu na zasadzie si\u0142y od\u015brodkowej, a wytr\u0105cone py\u0142y gromadz\u0105 si\u0119 w pojemniku umieszczonym pod odpylaczem. W przypadku py\u0142\u00f3w grubych odpylacze cyklonowe mog\u0105 pe\u0142ni\u0107 funkcje filtra ko\u0144cowego, natomiast przy odpylaniu py\u0142\u00f3w drobnych mog\u0105 pe\u0142ni\u0107 funkcje filtra wst\u0119pnego, kt\u00f3ry nast\u0119pnie nale\u017cy po\u0142\u0105czy\u0107 szeregowo z filtrem dok\u0142adnym o zbli\u017conym wydatku. Skuteczno\u015b\u0107 odpylaczy waha si\u0119 w granicach 95-99%.<\/p>\n<p>W cyklonie zanieczyszczony gaz wpada do cylindrycznej komory i wiruje w niej, w wyniku czego unosz\u0105ce si\u0119 w gazie ci\u0119\u017csze od niego sk\u0142adniki s\u0105 odrzucane na zewn\u0105trz pod dzia\u0142aniem si\u0142y od\u015brodkowej. W wyniku ocierania si\u0119 o \u015bcianki cyklonu trac\u0105 pr\u0119dko\u015b\u0107 (energi\u0119 kinetyczn\u0105) i opadaj\u0105 pod wp\u0142ywem grawitacji, a czyste powietrze wyp\u0142ywa w g\u00f3r\u0119, przez centralnie umieszczony kana\u0142.<\/p>\n<p><strong>Ciecz nieniutonowska<\/strong><\/p>\n<p>Wykonali\u015bmy to do\u015bwiadczenie w trzech r\u00f3\u017cnych ods\u0142onach:<\/p>\n<ul>\n<ul>\n<li>na g\u0142o\u015bniku, przy ustawieniu odpowiednich cz\u0119stotliwo\u015bci ogl\u0105dali\u015bmy \u201eta\u0144cz\u0105c\u0105 ciecz\u201d,<\/li>\n<li>w misce, ka\u017cdy m\u00f3g\u0142 wzi\u0105\u0107 do r\u0105k ciecz, i sprawdzi\u0107 jak si\u0119 zachowuje przy przyk\u0142adaniu napr\u0119\u017ce\u0144 oraz pozostawieniu w spoczynku,<\/li>\n<\/ul>\n<\/ul>\n<p><a href=\"http:\/\/www.knichip.pw.edu.pl\/wp-content\/uploads\/2014\/11\/P1012991.jpg\"><img loading=\"lazy\" decoding=\"async\" class=\"aligncenter size-full wp-image-481\" src=\"http:\/\/www.knichip.pw.edu.pl\/wp-content\/uploads\/2014\/11\/P1012991.jpg\" alt=\"logo\" width=\"500\" height=\"282\" \/><\/a><\/p>\n<ul>\n<li>w basenie przed Gmachem G\u0142\u00f3wnym- sprawdzali\u015bmy czy da si\u0119 chodzi\u0107 po cieczy, i jak si\u0119 okazuje jest to mo\u017cliwe. Jednak kiedy zbyt d\u0142ugo b\u0119dziemy sta\u0107 w cieczy bez \u017cadnego ruchu, zapadamy si\u0119 na dno niczym w ruchomych piaskach, a kiedy pr\u00f3bujemy si\u0119 wydosta\u0107 mo\u017ce si\u0119 okaza\u0107 ze nie jest to takie proste bo nasze stopy zosta\u0142y uwi\u0119zione. Mimo ch\u0142odu znale\u017ali si\u0119 \u015bmia\u0142kowie kt\u00f3rzy bosymi stopami przeszli si\u0119 po naszej cieczy, dla ka\u017cdego kto wzi\u0105\u0142 udzia\u0142 w zabawie przygotowali\u015bmy nagrody- kubki z logiem naszego Ko\u0142a.<\/li>\n<\/ul>\n<p>To do\u015bwiadczenie na naszym stanowisku cieszy\u0142o si\u0119 najwi\u0119kszym zainteresowaniem, przyci\u0105ga\u0142o uwag\u0119 nie tylko student\u00f3w.<\/p>\n<p>Wyja\u015bnienie: w naszym do\u015bwiadczeniu mieszamy skrobi\u0119 z wod\u0105 w proporcjach ok. 1: 1 (mo\u017ce z lekk\u0105 przewag\u0105 obj\u0119to\u015bciow\u0105 m\u0105ki, \u017ceby nie by\u0142o zbyt rzadkie). Mo\u017cna doda\u0107 do wody barwnik spo\u017cywczy, aby uzyska\u0107 ciekawszy efekt.<\/p>\n<p>M\u0105ka ziemniaczana zawiera d\u0142ugie \u0142a\u0144cuchy moleku\u0142, po dodaniu wody moleku\u0142y te ulegaj\u0105 rozerwaniu i powstaje p\u0142ynna substancja. Pod wp\u0142ywem nacisku woda ta jest wypierana i zachowuje si\u0119 jak cia\u0142o sta\u0142e. Fachowo mo\u017cna powiedzie\u0107, \u017ce wraz ze wzrostem si\u0142y nacisku zwi\u0119ksza si\u0119 lepko\u015b\u0107 takiego p\u0142ynu. Gdy wi\u0119c nie ma si\u0142y nacisku p\u0142yn nieniutonowski zachowuje si\u0119 tak jak ciecz, rozp\u0142ywaj\u0105c si\u0119 po ca\u0142ym naczyniu. Je\u015bli si\u0142y s\u0105 du\u017ce lub zmieniaj\u0105 si\u0119 bardzo szybko, to ze skrobi tworzy si\u0119 uporz\u0105dkowana struktura i ciecz nieniutonowska jest sztywna.<\/p>\n<hr \/>\n<p><strong>2013<\/strong><br \/>\n<em>Tak, ju\u017c dawno po Targach K\u00f3\u0142 Naukowych &#8211; &#8222;KONIK&#8221;&#8230; Zatem nadszed\u0142 czas na podsumowanie:<\/em><\/p>\n<p style=\"text-indent: 10%;\"><em><span style=\"color: #800000;\">Stanowisko cieszy\u0142o si\u0119 sporym zainteresowaniem, go\u015bci szczeg\u00f3lnie przyci\u0105ga\u0142 Reaktor Koalescencyjny dr in\u017c. Piotra Machniewskiego. Prezentowali\u015bcie materia\u0142y typu slajdy, ale nie zabrak\u0142o tego co robimy, do\u015bwiadcze\u0144, aparatury, m.in cyklon, kolumny absorpcyjne, mieszalnik statyczny, oraz symulacji CFD. Ca\u0142e targi min\u0119\u0142y spokojnie, w\u015br\u00f3d niema\u0142ych t\u0142um\u00f3w ludzi.<\/span><\/em><\/p>\n<p><em>Niemniej jednak, chcieli\u015bmy podzi\u0119kowa\u0107 wszystkim Cz\u0142onkom Ko\u0142a za udzia\u0142 w przedsi\u0119wzi\u0119ciu, dzielnie reprezentowali\u015bcie nasze Ko\u0142o oraz Wydzia\u0142. Stokrotne Dzi\u0119ki! \ud83d\ude42<\/em><\/p>\n<p><em>Dzi\u0119kujemy r\u00f3wnie\u017c zainteresowanym, zach\u0119camy do wst\u0105pienia w nasze szeregi, aby wdra\u017ca\u0107 nowe pomys\u0142y, realizowa\u0107 je i wsp\u00f3lnie tworzy\u0107 przysz\u0142o\u015b\u0107 \ud83d\ude42<\/em><\/p>\n<p><em><!--more--><\/em><\/p>\n<p style=\"text-indent: 5%;\"><strong><span style=\"color: #993300;\"><em>Niezmiernie chcieli\u015bmy podzi\u0119kowa\u0107 przy tej okazji Wa\u017cnym dla Nas osobom, kt\u00f3re r\u00f3wnie\u017c go\u015bci\u0142y na targach:<\/em><\/span><\/strong><\/p>\n<p style=\"text-indent: 10%;\"><span style=\"color: #993300;\"><em>Naszemu Dziekanowi: prof. dr hab. in\u017c. Eugeniuszowi Molga &#8211; za wsparcie,<\/em><\/span><\/p>\n<p style=\"text-indent: 10%;\"><span style=\"color: #993300;\"><em>prof. nzw. dr hab. in\u017c. Tomaszowi Sosnowskiemu &#8211; za odwiedziny i dobre s\u0142owo.<\/em><\/span><\/p>\n<p style=\"text-indent: 10%;\"><span style=\"color: #993300;\"><em>oraz oczywi\u015bcie:\u00a0dr in\u017c. Piotrowi Machniewskiemu &#8211; za udost\u0119pnienie Reaktora Koalescencyjnego, i pomys\u0142y.<\/em><\/span><\/p>\n<p><em>Ko\u0144cz\u0105c, warto przeczyta\u0107 poni\u017csz\u0105 informacj\u0119:<\/em><\/p>\n<blockquote><p><em>Jak donosi Blog Biblioteki G\u0142\u00f3wnej, i Rada K\u00f3\u0142 Naukowych: [z okazji tegorocznych Targ\u00f3w K\u00f3\u0142 Naukowych i Organizacji Studenckich \u201eKonik\u201d (15-16.10.2013 r.), Biblioteka G\u0142\u00f3wna przygotowa\u0142a wystaw\u0119 plakatow\u0105 \u201eKo\u0142a Naukowe Politechniki Warszawskiej\u201d.]<\/em><\/p>\n<p><em>&#8222;Wystawa, opracowana przez jest pr\u00f3b\u0105 obiektywnego przedstawienia dzia\u0142alno\u015bci 60 k\u00f3\u0142 naukowych. Ukazuj\u0105c przyk\u0142ady ciekawych projekt\u00f3w i dokona\u0144 chcemy zach\u0119ci\u0107 student\u00f3w do aktywnego dzia\u0142ania w naukowym \u017cyciu uczelni.<\/em><br \/>\n<em> 16 plakat\u00f3w w wersji cyfrowej mo\u017cna obejrze\u0107 w Bibliotece Cyfrowej PW, a w wersji oryginalnej a w wersji oryginalnej do 21 listopada w Gmachu G\u0142\u00f3wnym PW, w kru\u017cgankach I pi\u0119tra wok\u00f3\u0142 Auli.&#8221;<\/em><\/p><\/blockquote>\n<p><em>\u0179r\u00f3d\u0142o:<\/em><br \/>\n<em> <a title=\"Blog Biblioteki G\u0142\u00f3wnej Politechniki Warszawskiej\" href=\"http:\/\/bgpw.blog.pl\/2013\/10\/29\/wystawa-plakatowa-o-kolach-naukowych-pw\/\" target=\"_blank\">Blog Biblioteki G\u0142\u00f3wnej Politechniki Warszawskiej<\/a><\/em><\/p>\n<p><em>Bezpo\u015bredni link do plakatu nr 7 z uwzgl\u0119dnionym Naszym Ko\u0142em Naukowym:<\/em><br \/>\n<em> <a title=\"Wystawa plakatowa o ko\u0142ach naukowych PW - Plakat 7\" href=\"http:\/\/bcpw.bg.pw.edu.pl\/dlibra\/docmetadata?id=4455&amp;from=publication&amp;tab=1\" target=\"_blank\">Wystawa plakatowa o ko\u0142ach naukowych PW &#8211; Plakat 7<\/a><\/em><\/p>\n<p>&nbsp;<\/p>\n<p><em><a href=\"http:\/\/www.knichip.pw.edu.pl\/wp-content\/uploads\/2013\/10\/7.jpg\"><img loading=\"lazy\" decoding=\"async\" class=\" size-medium wp-image-267 aligncenter\" src=\"http:\/\/www.knichip.pw.edu.pl\/wp-content\/uploads\/2013\/10\/7-230x300.jpg\" alt=\"7\" width=\"230\" height=\"300\" srcset=\"https:\/\/www.knichip.pw.edu.pl\/wp-content\/uploads\/2013\/10\/7-230x300.jpg 230w, https:\/\/www.knichip.pw.edu.pl\/wp-content\/uploads\/2013\/10\/7-787x1024.jpg 787w, https:\/\/www.knichip.pw.edu.pl\/wp-content\/uploads\/2013\/10\/7.jpg 1575w\" sizes=\"(max-width: 230px) 100vw, 230px\" \/><\/a><\/em><\/p>\n<p><em>Zapraszamy r\u00f3wnie\u017c do obejrzenia pozosta\u0142ych plakat\u00f3w! \ud83d\ude42<\/em><\/p>\n<p><em>Z pozdrowieniami \/ Best regards<\/em><\/p>\n<p><em>Krzysztof<\/em><\/p>\n<p>KOORDYNATOR: Katarzyna Grabarska<\/p>\n<hr \/>\n<p style=\"text-align: left;\" align=\"center\"><strong>2012<\/strong><\/p>\n<p>W dniach 10-11 pa\u017adziernika 2012 w Gmachu G\u0142\u00f3wnym Politechniki Warszawskiej odby\u0142y si\u0119 Targi K\u00f3\u0142 Naukowych i Organizacji Studenckich \u201eKONIK\u201d. Jest to najwi\u0119ksze tego typu przedsi\u0119wzi\u0119cie, na kt\u00f3rym organizacje studenckie oraz media Politechniki maj\u0105 mo\u017cliwo\u015b\u0107 zaprezentowania swojego profilu dzia\u0142alno\u015bci, osi\u0105gni\u0119\u0107 oraz prowadzonych projekt\u00f3w. Studenci pokazuj\u0105 co robi\u0105 poza zaj\u0119ciami i przekonuj\u0105, \u017ce wiedz\u0119 teoretyczn\u0105 mo\u017cna wykorzysta\u0107 w praktyce, ucz\u0105c si\u0119 rozwi\u0105zywania rozmaitych problem\u00f3w technicznych i przyjemnie sp\u0119dzaj\u0105c przy tym czas.<\/p>\n<p>KNIChiP drugi rok z rz\u0119du zosta\u0142o wyr\u00f3\u017cnione za stoisko zaprezentowane na targach.\u00a0Na Stanowisku KNIChiP przedstawione by\u0142y nast\u0119puj\u0105ce do\u015bwiadczenia:<\/p>\n<h4>1) <a href=\"http:\/\/www.knichip.pw.edu.pl\/?page_id=131\" target=\"_blank\">Mieszalniki statyczne<\/a><\/h4>\n<h4>2) Mieszalnik z uk\u0142adem dyspersyjnym ciecz-ciecz<\/h4>\n<h4>3) Mieszalnik cia\u0142 sta\u0142ych<\/h4>\n<h4>4) Praca <a href=\"http:\/\/www.knichip.pw.edu.pl\/?page_id=98\" target=\"_blank\">sztucznego p\u0142uca<\/a><\/h4>\n<h4>5) Cyklon<\/h4>\n<p><strong>Koordynator:<\/strong><\/p>\n<p style=\"padding-left: 30px;\"><strong>in\u017c. Anna Ryba\u0142towska<\/strong><\/p>\n","protected":false},"excerpt":{"rendered":"<p>Targi K\u00f3\u0142 Naukowych i Organizacji Studenckich &#8222;KONIK&#8221; Targi s\u0105 cykliczn\u0105 imprez\u0105 organizowan\u0105 przez Rad\u0119 K\u00f3\u0142 Naukowych Politechniki Warszawskiej oraz Samorz\u0105d Student\u00f3w Politechniki Warszawskiej i maj\u0105 charakter niekomercyjny. Inicjatywa zosta\u0142a obj\u0119ta honorowym patronatem przez\u00a0Ministerstwo Nauki i Szkolnictwa Wy\u017cszego,\u00a0Mazowieckim Kuratorium O\u015bwiaty\u00a0oraz\u00a0Jego Magnificencj\u0119 Rektora Politechniki Warszawskiej. Targi K\u00f3\u0142 Naukowych i Organizacji Studenckich \u201eKonik\u201d to jedna z najwi\u0119kszych form &#8230; <a title=\"Targi K\u00f3\u0142 Naukowych &#8222;KONIK&#8221;\" class=\"read-more\" href=\"https:\/\/www.knichip.pw.edu.pl\/?page_id=115\" aria-label=\"Read more about Targi K\u00f3\u0142 Naukowych &#8222;KONIK&#8221;\">Dowiedz si\u0119 wi\u0119cej<\/a><\/p>\n","protected":false},"author":17,"featured_media":0,"parent":0,"menu_order":2,"comment_status":"closed","ping_status":"open","template":"","meta":{"footnotes":""},"class_list":["post-115","page","type-page","status-publish"],"_links":{"self":[{"href":"https:\/\/www.knichip.pw.edu.pl\/index.php?rest_route=\/wp\/v2\/pages\/115","targetHints":{"allow":["GET"]}}],"collection":[{"href":"https:\/\/www.knichip.pw.edu.pl\/index.php?rest_route=\/wp\/v2\/pages"}],"about":[{"href":"https:\/\/www.knichip.pw.edu.pl\/index.php?rest_route=\/wp\/v2\/types\/page"}],"author":[{"embeddable":true,"href":"https:\/\/www.knichip.pw.edu.pl\/index.php?rest_route=\/wp\/v2\/users\/17"}],"replies":[{"embeddable":true,"href":"https:\/\/www.knichip.pw.edu.pl\/index.php?rest_route=%2Fwp%2Fv2%2Fcomments&post=115"}],"version-history":[{"count":15,"href":"https:\/\/www.knichip.pw.edu.pl\/index.php?rest_route=\/wp\/v2\/pages\/115\/revisions"}],"predecessor-version":[{"id":1236,"href":"https:\/\/www.knichip.pw.edu.pl\/index.php?rest_route=\/wp\/v2\/pages\/115\/revisions\/1236"}],"wp:attachment":[{"href":"https:\/\/www.knichip.pw.edu.pl\/index.php?rest_route=%2Fwp%2Fv2%2Fmedia&parent=115"}],"curies":[{"name":"wp","href":"https:\/\/api.w.org\/{rel}","templated":true}]}}