{"id":1160,"date":"2015-12-22T22:46:16","date_gmt":"2015-12-22T21:46:16","guid":{"rendered":"http:\/\/www.knichip.pw.edu.pl\/?page_id=1160"},"modified":"2019-11-05T22:24:46","modified_gmt":"2019-11-05T21:24:46","slug":"1160-2","status":"publish","type":"page","link":"https:\/\/www.knichip.pw.edu.pl\/?page_id=1160","title":{"rendered":"IChiPiwo"},"content":{"rendered":"<p style=\"text-align: justify;\">Instalacja pozwala na przeprowadzenie procedury produkcji piwa przechodz\u0105c przez wszystkie jej etapy, pocz\u0105wszy od przygotowania s\u0142odu, poprzez zacieranie, warzenie i&nbsp;fermentacj\u0119, a&nbsp;ko\u0144cz\u0105c na butelkowaniu i le\u017cakowaniu. Wykorzystuj\u0105c sk\u0142adniki w r\u00f3\u017cnych ilo\u015bciach (s\u0142ody, chmiele, dro\u017cd\u017ce) oraz modyfikuj\u0105c parametry procesowe (program temperaturowy) mo\u017cliwe jest uwarzenie dowolnego stylu piwa.<\/p>\n\n\n<p class=\"has-medium-font-size\"><strong>Instalacja<\/strong><\/p>\n\n\n\n<figure class=\"wp-block-image\"><img fetchpriority=\"high\" decoding=\"async\" width=\"853\" height=\"1024\" src=\"http:\/\/www.knichip.pw.edu.pl\/wp-content\/uploads\/2019\/11\/rolluppr\u00f3bka2-853x1024.png\" alt=\"\" class=\"wp-image-1757\" srcset=\"https:\/\/www.knichip.pw.edu.pl\/wp-content\/uploads\/2019\/11\/rolluppr\u00f3bka2-853x1024.png 853w, https:\/\/www.knichip.pw.edu.pl\/wp-content\/uploads\/2019\/11\/rolluppr\u00f3bka2-250x300.png 250w, https:\/\/www.knichip.pw.edu.pl\/wp-content\/uploads\/2019\/11\/rolluppr\u00f3bka2-768x922.png 768w, https:\/\/www.knichip.pw.edu.pl\/wp-content\/uploads\/2019\/11\/rolluppr\u00f3bka2.png 1500w\" sizes=\"(max-width: 853px) 100vw, 853px\" \/><figcaption>Model instalacji wykonany w programie Solidworks<\/figcaption><\/figure>\n\n\n\n<figure class=\"wp-block-image\"><img decoding=\"async\" width=\"751\" height=\"814\" src=\"http:\/\/www.knichip.pw.edu.pl\/wp-content\/uploads\/2019\/11\/Schemat-instalacji.jpg\" alt=\"\" class=\"wp-image-1759\" srcset=\"https:\/\/www.knichip.pw.edu.pl\/wp-content\/uploads\/2019\/11\/Schemat-instalacji.jpg 751w, https:\/\/www.knichip.pw.edu.pl\/wp-content\/uploads\/2019\/11\/Schemat-instalacji-277x300.jpg 277w\" sizes=\"(max-width: 751px) 100vw, 751px\" \/><figcaption>Schemat instalacji<\/figcaption><\/figure>\n\n\n\n<p class=\"has-medium-font-size\"><strong>Proces warzenia piwa<\/strong><\/p>\n\n\n<p style=\"text-align: justify;\">S\u0142ody wykorzystywane w procesie produkcji piwa nale\u017cy najpierw przygotowa\u0107 do zacierania, tj.\u00a0ze\u015brutowa\u0107 ziarno do odpowiedniego stopnia rozdrobnienia. Wykorzystywany jest do tego \u015brutownik sto\u0142owy. Istnieje mo\u017cliwo\u015b\u0107 zakupu gotowej \u015bruty w sklepach piwowarskich.<\/p>\n<p style=\"text-align: justify;\">Etap zacierania polega na umieszczeniu ze\u015brutowanego s\u0142odu wewn\u0105trz wk\u0142adu zaciernego. Jest\u00a0nim rura o \u015brednicy 250 mm zamkni\u0119ta obustronnie p\u0142ytami sitowymi. Wk\u0142ad ten zostaje wstawiony do zbiornika z wod\u0105 podgrzan\u0105 do okre\u015blonej temperatury. Pod kot\u0142em stoj\u0105cym na\u00a0stalowej ramie znajduje si\u0119 pompa wymuszaj\u0105ce cyrkulacj\u0119 cieczy. Za pomp\u0105 zainstalowano grza\u0142k\u0119 kt\u00f3rej prosty uk\u0142ad regulacji pozwala na szybkie i precyzyjne sterowanie temperatur\u0105 procesu. Zaw\u00f3r motylkowy zamontowany za grza\u0142k\u0105 umo\u017cliwia regulacj\u0119 przep\u0142ywu cieczy. Brzeczka jest podawana bezpo\u015brednio pod z\u0142o\u017ce s\u0142odu, a nast\u0119pnie, po przemyciu z\u0142o\u017ca, przelewa si\u0119 g\u00f3r\u0105 do przestrzeni pomi\u0119dzy \u015bciankami kot\u0142a i wk\u0142adu zaciernego. Temperatura procesu jest dobierana na podstawie najwi\u0119kszej aktywno\u015bci enzym\u00f3w maj\u0105cych wytworzy\u0107 po\u017c\u0105dane produkty.<\/p>\n<p style=\"text-align: justify;\">Uk\u0142ad automatyki zosta\u0142 skonstruowany przez uczestnik\u00f3w projektu. Pozwala on na prowadzenie etapu zacierania piwa wed\u0142ug wybranego programu temperaturowego, z uwzgl\u0119dnieniem bezpiecznych warunk\u00f3w pracy. Na p\u00f3\u017aniejszym etapie produkcji piwa, pozwala tak\u017ce na\u00a0sterowanie temperatur\u0105 wewn\u0105trz lod\u00f3wki, w kt\u00f3rej piwo le\u017cakuje lub fermentuje.<\/p>\n<p style=\"text-align: justify;\">Przewag\u0105 instalacji IChiPiwo nad domowymi metodami piwowarskimi jest mo\u017cliwo\u015b\u0107 ca\u0142kowitego pomini\u0119cia filtracji brzeczki. S\u0142\u00f3d jest oddzielony od cieczy przez ca\u0142y czas procesu. Aby pozby\u0107 si\u0119 m\u0142\u00f3ta \u2013 pozosta\u0142o\u015bci po s\u0142odzie, wystarczy wyj\u0105\u0107 z kot\u0142a wk\u0142ad zacierny. Po\u00a0drodze przeprowadza si\u0119 wys\u0142adzanie, co polega na uniesieniu\u00a0 wk\u0142adu zaciernego i\u00a0przemyciu go\u00a0okre\u015blon\u0105 ilo\u015bci\u0105 gor\u0105cej wody \u2013 obliczonej tak, aby w efekcie uzyska\u0107 po\u017c\u0105dane st\u0119\u017cenie cukr\u00f3w w brzeczce.<\/p>\n<p style=\"text-align: justify;\">Brzeczk\u0119 doprowadza si\u0119 do wrzenia i w okre\u015blonych momentach dodaje si\u0119 do niej chmiel (zale\u017cnie od tego, czy chcemy uzyska\u0107 piwo bardziej goryczkowe, czy aromatyczne). Po warzeniu, za pomoc\u0105 stalowej ch\u0142odnicy zanurzeniowej roztw\u00f3r jest szybko ch\u0142odzony do temperatury fermentacji. \u00a0Aby napowietrzy\u0107 brzeczk\u0119 przed fermentacj\u0105, pod koniec sch\u0142odzenia zwi\u0119ksza si\u0119 jej przep\u0142yw za pomoc\u0105 zaworu.<\/p>\n<p style=\"text-align: justify;\">Rehydratowane wcze\u015bniej dro\u017cd\u017ce (umieszczone w wodzie w celu przywr\u00f3cenia ich do \u017cycia) dodaje si\u0119 do fermentora razem z brzeczk\u0105. W tym momencie zaczyna si\u0119 fermentacja burzliwa, trwaj\u0105ca oko\u0142o tygodnia. Po tym czasie nale\u017cy przela\u0107 ciecz do innego fermentora, tak by piwo sklarowa\u0107, pozby\u0107 si\u0119 martwych i niedomagaj\u0105cych ju\u017c dro\u017cd\u017cy. Aby piwo wzbogaci\u0107 w aromaty, mo\u017cliwe jest dodanie na tym etapie dodatkowych ilo\u015bci chmielu lub innych sk\u0142adnik\u00f3w, takich jak p\u0142atki d\u0119bowe, laski wanilii, itd. Faza fermentacji po przelaniu \u2013 tzw. fermentacja cicha trwa tak d\u0142ugo, a\u017c zawarto\u015b\u0107 cukru mierzona ballingometrem przestanie si\u0119 zmienia\u0107.<\/p>\n<p style=\"text-align: justify;\">Na podstawie pomiar\u00f3w ekstraktu oblicza si\u0119 ilo\u015b\u0107 cukru potrzebnego do refermentacji piwa w\u00a0butelkach. Proces ten polega na wznowieniu fermentacji piwa zamkni\u0119tego w butelkach, co\u00a0pozwala na jego nagazowanie. Przygotowuje si\u0119 roztw\u00f3r sacharozy lub glukozy i miesza z\u00a0zawarto\u015bci\u0105 fermentora. Nast\u0119pnie piwo rozlewa si\u0119 do butelek, kapsluje je i odstawia na czas potrzebny do osi\u0105gni\u0119cia po\u017c\u0105danego stopnia nagazowania i u\u0142o\u017cenia smak\u00f3w.<\/p>\n\n\n<p class=\"has-medium-font-size\"><strong>Dydaktyka<\/strong><\/p>\n\n\n<p style=\"text-align: justify;\">Instalacja Browarnicza IChiPiwo u\u017cywana b\u0119dzie w ramach zaj\u0119\u0107 dydaktycznych w Laboratorium Bioproces\u00f3w na studiach II stopnia dla specjalno\u015bci Bioin\u017cynieria. Podczas zaj\u0119\u0107 laboratoryjnych studenci naucz\u0105 si\u0119 dzi\u0119ki niej w praktyce prowadzi\u0107 proces produkcji piwa.<\/p>\n\n\n<p class=\"has-medium-font-size\"><strong>Mo\u017cliwo\u015bci rozwoju<\/strong><\/p>\n\n\n<p style=\"text-align: justify;\">Planowane jest podj\u0119cie pr\u00f3b wytworzenia ekstraktu z wyt\u0142ok\u00f3w jab\u0142kowych, maj\u0105cego s\u0142u\u017cy\u0107 jako surowiec do refermentacji piwa w butelkach lub jako cz\u0119\u015b\u0107 zasypu s\u0142odowego. Opr\u00f3cz tego budowa instalacji pozwala na zastosowanie r\u00f3\u017cnego rodzaju dodatk\u00f3w takich jak sk\u00f3rki pomara\u0144czy, kolendra, p\u0119dy sosny jak r\u00f3wnie\u017c eksperymentowanie z innymi niecodziennymi sk\u0142adnikami, na przyk\u0142ad sk\u00f3rkami chleba. Ze wzgl\u0119du na uniwersalno\u015b\u0107 aparatury mo\u017cliwe jest tak\u017ce wykorzystanie jej na przyk\u0142ad do parzenia du\u017cych ilo\u015bci kawy i herbaty.<\/p>\n\n\n<p class=\"has-medium-font-size\"><strong>Pionierskie<\/strong><\/p>\n\n\n<p style=\"text-align: justify;\">Pierwszym piwem uwarzonym za pomoc\u0105 instalacji by\u0142o India Pale Ale (IPA) \u2013 jasne piwo g\u00f3rnej fermentacji z mocnym chmielowym aromatem i goryczk\u0105. Nosi ono nazw\u0119 \u201ePionierskie\u201d, a jego degustacja odby\u0142a si\u0119 24 pa\u017adziernika 2019 roku. Piwo to zadedykowane zosta\u0142o prof. Januszowi Ciborowskiemu \u2013 tw\u00f3rcy polskiej in\u017cynierii chemicznej oraz za\u0142o\u017cycielowi Wydzia\u0142u In\u017cynierii Chemicznej i Procesowej.<\/p>\n<figure class=\"wp-block-image\"><img decoding=\"async\" width=\"1024\" height=\"445\" class=\"wp-image-1678\" src=\"http:\/\/www.knichip.pw.edu.pl\/wp-content\/uploads\/2019\/11\/PIONIERSKIE-1024x445.png\" alt=\"\" srcset=\"https:\/\/www.knichip.pw.edu.pl\/wp-content\/uploads\/2019\/11\/PIONIERSKIE-1024x445.png 1024w, https:\/\/www.knichip.pw.edu.pl\/wp-content\/uploads\/2019\/11\/PIONIERSKIE-300x130.png 300w, https:\/\/www.knichip.pw.edu.pl\/wp-content\/uploads\/2019\/11\/PIONIERSKIE-768x334.png 768w\" sizes=\"(max-width: 1024px) 100vw, 1024px\" \/><figcaption>Etykieta pierwszego uwarzonego piwa<\/figcaption><\/figure>\n\n\n<p class=\"has-medium-font-size\"><strong>Wykonawcy projektu<\/strong><\/p>\n\n\n<p><strong>Koordynator projektu:<\/strong><\/p>\n<ul>\n<li>in\u017c. Szymon Rowi\u0144ski<\/li>\n<\/ul>\n<p><strong>Zesp\u00f3\u0142 projektowy:<\/strong><\/p>\n<ul>\n<li>Mateusz Bartczak<\/li>\n<li>Weronika Berent<\/li>\n<li>mgr in\u017c. Julia Bie\u0144<\/li>\n<li>Wiktor Dobryniewski<\/li>\n<li>Jakub Kowalski<\/li>\n<li>in\u017c. Rados\u0142aw Krzosa<\/li>\n<li>Dominika Kwarta<\/li>\n<li>Hanna Nurczy\u0144ska<\/li>\n<li>Grzegorz Pawe\u0142kiewicz<\/li>\n<li>Marta P\u0142ochocka<\/li>\n<li>Olga Przyby\u0142<\/li>\n<li>Izabela S\u0142omska<\/li>\n<li>Justyna Szczepa\u0144ska<\/li>\n<\/ul>\n\n\n<p class=\"has-medium-font-size\"><strong>Zdj\u0119cia<\/strong><\/p>\n\n\n\n<figure class=\"wp-block-image\"><img loading=\"lazy\" decoding=\"async\" width=\"1024\" height=\"768\" src=\"http:\/\/www.knichip.pw.edu.pl\/wp-content\/uploads\/2019\/11\/IMG_0226-1024x768.jpg\" alt=\"\" class=\"wp-image-1777\" srcset=\"https:\/\/www.knichip.pw.edu.pl\/wp-content\/uploads\/2019\/11\/IMG_0226-1024x768.jpg 1024w, https:\/\/www.knichip.pw.edu.pl\/wp-content\/uploads\/2019\/11\/IMG_0226-300x225.jpg 300w, https:\/\/www.knichip.pw.edu.pl\/wp-content\/uploads\/2019\/11\/IMG_0226-768x576.jpg 768w\" sizes=\"(max-width: 1024px) 100vw, 1024px\" \/><figcaption>Stoisko IChiPiwa podczas DPS Forum 2019<\/figcaption><\/figure>\n\n\n\n<figure class=\"wp-block-image\"><img loading=\"lazy\" decoding=\"async\" width=\"1024\" height=\"683\" src=\"http:\/\/www.knichip.pw.edu.pl\/wp-content\/uploads\/2019\/10\/IMG_0098-1024x683.jpg\" alt=\"\" class=\"wp-image-1566\" srcset=\"https:\/\/www.knichip.pw.edu.pl\/wp-content\/uploads\/2019\/10\/IMG_0098-1024x683.jpg 1024w, https:\/\/www.knichip.pw.edu.pl\/wp-content\/uploads\/2019\/10\/IMG_0098-300x200.jpg 300w, https:\/\/www.knichip.pw.edu.pl\/wp-content\/uploads\/2019\/10\/IMG_0098-768x512.jpg 768w\" sizes=\"(max-width: 1024px) 100vw, 1024px\" \/><figcaption>Butelkowanie piwa<\/figcaption><\/figure>\n\n\n\n<figure class=\"wp-block-image\"><img loading=\"lazy\" decoding=\"async\" width=\"1024\" height=\"768\" src=\"http:\/\/www.knichip.pw.edu.pl\/wp-content\/uploads\/2019\/11\/IMG_0242-e1572904988637-1024x768.jpg\" alt=\"\" class=\"wp-image-1778\" srcset=\"https:\/\/www.knichip.pw.edu.pl\/wp-content\/uploads\/2019\/11\/IMG_0242-e1572904988637-1024x768.jpg 1024w, https:\/\/www.knichip.pw.edu.pl\/wp-content\/uploads\/2019\/11\/IMG_0242-e1572904988637-300x225.jpg 300w, https:\/\/www.knichip.pw.edu.pl\/wp-content\/uploads\/2019\/11\/IMG_0242-e1572904988637-768x576.jpg 768w\" sizes=\"(max-width: 1024px) 100vw, 1024px\" \/><figcaption>Pierwsze uwarzone piwo!<\/figcaption><\/figure>\n\n\n\n<div class=\"wp-block-image\"><figure class=\"aligncenter\"><img loading=\"lazy\" decoding=\"async\" width=\"517\" height=\"1024\" src=\"http:\/\/www.knichip.pw.edu.pl\/wp-content\/uploads\/2019\/11\/signal-2019-10-15-170501-1-517x1024.jpg\" alt=\"\" class=\"wp-image-1780\" srcset=\"https:\/\/www.knichip.pw.edu.pl\/wp-content\/uploads\/2019\/11\/signal-2019-10-15-170501-1-517x1024.jpg 517w, https:\/\/www.knichip.pw.edu.pl\/wp-content\/uploads\/2019\/11\/signal-2019-10-15-170501-1-151x300.jpg 151w, https:\/\/www.knichip.pw.edu.pl\/wp-content\/uploads\/2019\/11\/signal-2019-10-15-170501-1-768x1522.jpg 768w, https:\/\/www.knichip.pw.edu.pl\/wp-content\/uploads\/2019\/11\/signal-2019-10-15-170501-1.jpg 969w\" sizes=\"(max-width: 517px) 100vw, 517px\" \/><figcaption>Piwo w trakcie warzenia<\/figcaption><\/figure><\/div>\n","protected":false},"excerpt":{"rendered":"<p>Instalacja pozwala na przeprowadzenie procedury produkcji piwa przechodz\u0105c przez wszystkie jej etapy, pocz\u0105wszy od przygotowania s\u0142odu, poprzez zacieranie, warzenie i&nbsp;fermentacj\u0119, a&nbsp;ko\u0144cz\u0105c na butelkowaniu i le\u017cakowaniu. Wykorzystuj\u0105c sk\u0142adniki w r\u00f3\u017cnych ilo\u015bciach (s\u0142ody, chmiele, dro\u017cd\u017ce) oraz modyfikuj\u0105c parametry procesowe (program temperaturowy) mo\u017cliwe jest uwarzenie dowolnego stylu piwa. Instalacja Proces warzenia piwa S\u0142ody wykorzystywane w procesie produkcji piwa &#8230; <a title=\"IChiPiwo\" class=\"read-more\" href=\"https:\/\/www.knichip.pw.edu.pl\/?page_id=1160\" aria-label=\"Read more about IChiPiwo\">Dowiedz si\u0119 wi\u0119cej<\/a><\/p>\n","protected":false},"author":17,"featured_media":0,"parent":13,"menu_order":0,"comment_status":"closed","ping_status":"open","template":"","meta":{"footnotes":""},"class_list":["post-1160","page","type-page","status-publish"],"_links":{"self":[{"href":"https:\/\/www.knichip.pw.edu.pl\/index.php?rest_route=\/wp\/v2\/pages\/1160","targetHints":{"allow":["GET"]}}],"collection":[{"href":"https:\/\/www.knichip.pw.edu.pl\/index.php?rest_route=\/wp\/v2\/pages"}],"about":[{"href":"https:\/\/www.knichip.pw.edu.pl\/index.php?rest_route=\/wp\/v2\/types\/page"}],"author":[{"embeddable":true,"href":"https:\/\/www.knichip.pw.edu.pl\/index.php?rest_route=\/wp\/v2\/users\/17"}],"replies":[{"embeddable":true,"href":"https:\/\/www.knichip.pw.edu.pl\/index.php?rest_route=%2Fwp%2Fv2%2Fcomments&post=1160"}],"version-history":[{"count":39,"href":"https:\/\/www.knichip.pw.edu.pl\/index.php?rest_route=\/wp\/v2\/pages\/1160\/revisions"}],"predecessor-version":[{"id":1817,"href":"https:\/\/www.knichip.pw.edu.pl\/index.php?rest_route=\/wp\/v2\/pages\/1160\/revisions\/1817"}],"up":[{"embeddable":true,"href":"https:\/\/www.knichip.pw.edu.pl\/index.php?rest_route=\/wp\/v2\/pages\/13"}],"wp:attachment":[{"href":"https:\/\/www.knichip.pw.edu.pl\/index.php?rest_route=%2Fwp%2Fv2%2Fmedia&parent=1160"}],"curies":[{"name":"wp","href":"https:\/\/api.w.org\/{rel}","templated":true}]}}