{"id":1189,"date":"2015-12-28T21:50:47","date_gmt":"2015-12-28T20:50:47","guid":{"rendered":"http:\/\/www.knichip.pw.edu.pl\/?page_id=1189"},"modified":"2015-12-28T22:02:55","modified_gmt":"2015-12-28T21:02:55","slug":"ogniwo-z-coca-coli","status":"publish","type":"page","link":"https:\/\/www.knichip.pw.edu.pl\/?page_id=1189","title":{"rendered":"Ogniwo z Coca-Coli"},"content":{"rendered":"<p><span style=\"font-family: Verdana, sans-serif;\"><span style=\"font-size: medium;\"><span style=\"color: #000000;\"><\/p>\n<style>\np:first-letter {font-size: 100%; }\n<\/style>\n<p><strong>Ogniwo galwaniczne<\/strong> to urz\u0105dzenie, w kt\u00f3rym wytwarzany jest pr\u0105d elektryczny \u2013 strumie\u0144 elektron\u00f3w w przewodniku \u2013 dzi\u0119ki przebiegowi samorzutnej reakcji chemicznej. Sk\u0142ada si\u0119 z dw\u00f3ch elektrod, czyli metalicznych przewodnik\u00f3w, kt\u00f3re pozostaj\u0105 w kontakcie z elektrolitem, czyli przewodnikiem jonowym. Nasze ogniwo sk\u0142ada si\u0119 z wielu p\u0142ytek cynkowych i drut\u00f3w miedzianych po\u0142\u0105czonych szeregowo i r\u00f3wnolegle. Jako elektrolit u\u017cyta jest Coca-cola, poniewa\u017c jej pH wynosi 3. Jest to zwi\u0105zane z obecno\u015bci\u0105 kwasu fosforowego.<\/span><\/span><\/span><\/p>\n<figure id=\"attachment_1190\" aria-describedby=\"caption-attachment-1190\" style=\"width: 374px\" class=\"wp-caption aligncenter\"><a href=\"http:\/\/www.knichip.pw.edu.pl\/wp-content\/uploads\/2015\/12\/Ogniwo-z-Coca-Coli.png\"><img fetchpriority=\"high\" decoding=\"async\" class=\"wp-image-1190 size-full\" src=\"http:\/\/www.knichip.pw.edu.pl\/wp-content\/uploads\/2015\/12\/Ogniwo-z-Coca-Coli.png\" alt=\"Ogniwo z Coca-Coli\" width=\"384\" height=\"512\" srcset=\"https:\/\/www.knichip.pw.edu.pl\/wp-content\/uploads\/2015\/12\/Ogniwo-z-Coca-Coli.png 384w, https:\/\/www.knichip.pw.edu.pl\/wp-content\/uploads\/2015\/12\/Ogniwo-z-Coca-Coli-225x300.png 225w\" sizes=\"(max-width: 384px) 100vw, 384px\" \/><\/a><figcaption id=\"caption-attachment-1190\" class=\"wp-caption-text\">Ogniwo z Coca-Coli<\/figcaption><\/figure>\n","protected":false},"excerpt":{"rendered":"<p>Ogniwo galwaniczne to urz\u0105dzenie, w kt\u00f3rym wytwarzany jest pr\u0105d elektryczny \u2013 strumie\u0144 elektron\u00f3w w przewodniku \u2013 dzi\u0119ki przebiegowi samorzutnej reakcji chemicznej. Sk\u0142ada si\u0119 z dw\u00f3ch elektrod, czyli metalicznych przewodnik\u00f3w, kt\u00f3re pozostaj\u0105 w kontakcie z elektrolitem, czyli przewodnikiem jonowym. Nasze ogniwo sk\u0142ada si\u0119 z wielu p\u0142ytek cynkowych i drut\u00f3w miedzianych po\u0142\u0105czonych szeregowo i r\u00f3wnolegle. Jako elektrolit &#8230; <a title=\"Ogniwo z Coca-Coli\" class=\"read-more\" href=\"https:\/\/www.knichip.pw.edu.pl\/?page_id=1189\" aria-label=\"Read more about Ogniwo z Coca-Coli\">Dowiedz si\u0119 wi\u0119cej<\/a><\/p>\n","protected":false},"author":17,"featured_media":0,"parent":0,"menu_order":0,"comment_status":"closed","ping_status":"open","template":"","meta":{"footnotes":""},"class_list":["post-1189","page","type-page","status-publish"],"_links":{"self":[{"href":"https:\/\/www.knichip.pw.edu.pl\/index.php?rest_route=\/wp\/v2\/pages\/1189","targetHints":{"allow":["GET"]}}],"collection":[{"href":"https:\/\/www.knichip.pw.edu.pl\/index.php?rest_route=\/wp\/v2\/pages"}],"about":[{"href":"https:\/\/www.knichip.pw.edu.pl\/index.php?rest_route=\/wp\/v2\/types\/page"}],"author":[{"embeddable":true,"href":"https:\/\/www.knichip.pw.edu.pl\/index.php?rest_route=\/wp\/v2\/users\/17"}],"replies":[{"embeddable":true,"href":"https:\/\/www.knichip.pw.edu.pl\/index.php?rest_route=%2Fwp%2Fv2%2Fcomments&post=1189"}],"version-history":[{"count":3,"href":"https:\/\/www.knichip.pw.edu.pl\/index.php?rest_route=\/wp\/v2\/pages\/1189\/revisions"}],"predecessor-version":[{"id":1198,"href":"https:\/\/www.knichip.pw.edu.pl\/index.php?rest_route=\/wp\/v2\/pages\/1189\/revisions\/1198"}],"wp:attachment":[{"href":"https:\/\/www.knichip.pw.edu.pl\/index.php?rest_route=%2Fwp%2Fv2%2Fmedia&parent=1189"}],"curies":[{"name":"wp","href":"https:\/\/api.w.org\/{rel}","templated":true}]}}