{"id":1228,"date":"2016-01-09T18:02:36","date_gmt":"2016-01-09T17:02:36","guid":{"rendered":"http:\/\/www.knichip.pw.edu.pl\/?page_id=1228"},"modified":"2016-01-09T19:04:47","modified_gmt":"2016-01-09T18:04:47","slug":"konkurs-inzynieria-sukcesu","status":"publish","type":"page","link":"https:\/\/www.knichip.pw.edu.pl\/?page_id=1228","title":{"rendered":"In\u017cynieria Sukcesu 2015"},"content":{"rendered":"<div><strong>Konkurs In\u017cynieria Sukcesu 2015<\/strong><\/div>\n<div><\/div>\n<p>Studenci z naszego Ko\u0142a odnie\u015bli sukcesy w finale pierwszej edycji og\u00f3lnopolskiego konkursu wiedzy o In\u017cynierii Chemicznej i Procesowej \u201eIn\u017cyniera Sukcesu\u201d organizowanego przez Ko\u0142o Naukowe \u201eGambrinus\u201d z Politechniki Wroc\u0142awskiej. Fina\u0142 konkursu odby\u0142 si\u0119 13 czerwca 2015 roku na Wydziale Chemicznym Politechniki Wroc\u0142awskiej.<\/p>\n<hr \/>\n<p>&nbsp;<\/p>\n<p>Osi\u0105gni\u0119cia naszych student\u00f3w:<\/p>\n<ul>\n<li>w rywalizacji indywidualnej\n<ul>\n<li>I miejsce zaj\u0105\u0142 Micha\u0142 Fedoryk<\/li>\n<\/ul>\n<\/li>\n<\/ul>\n<ul>\n<li>w rywalizacji dru\u017cynowej:\n<ul>\n<li>II miejsce zdoby\u0142 zesp\u00f3\u0142 w sk\u0142adzie: Micha\u0142 Wojtalik, Micha\u0142 Fedoryk i Patryk Baran<\/li>\n<li>III miejsce zdoby\u0142 zesp\u00f3\u0142 w sk\u0142adzie: Agata Grudzie\u0144, Krzysztof Z\u0105bek i Albert Kaliszewski<\/li>\n<\/ul>\n<\/li>\n<\/ul>\n<p>&nbsp;<\/p>\n<p>&nbsp;<\/p>\n<figure id=\"attachment_1229\" aria-describedby=\"caption-attachment-1229\" style=\"width: 1014px\" class=\"wp-caption aligncenter\"><a href=\"http:\/\/www.knichip.pw.edu.pl\/wp-content\/uploads\/2016\/01\/20150613_172012.jpg\"><img fetchpriority=\"high\" decoding=\"async\" class=\"wp-image-1229 size-large\" src=\"http:\/\/www.knichip.pw.edu.pl\/wp-content\/uploads\/2016\/01\/20150613_172012-1024x614.jpg\" alt=\"Reprezentacja KN IChiP\" width=\"1024\" height=\"614\" srcset=\"https:\/\/www.knichip.pw.edu.pl\/wp-content\/uploads\/2016\/01\/20150613_172012-1024x614.jpg 1024w, https:\/\/www.knichip.pw.edu.pl\/wp-content\/uploads\/2016\/01\/20150613_172012-300x180.jpg 300w, https:\/\/www.knichip.pw.edu.pl\/wp-content\/uploads\/2016\/01\/20150613_172012-900x540.jpg 900w, https:\/\/www.knichip.pw.edu.pl\/wp-content\/uploads\/2016\/01\/20150613_172012.jpg 1600w\" sizes=\"(max-width: 1024px) 100vw, 1024px\" \/><\/a><figcaption id=\"caption-attachment-1229\" class=\"wp-caption-text\">Reprezentacja KN IChiP<\/figcaption><\/figure>\n<div id='gallery-1' class='gallery galleryid-1228 gallery-columns-3 gallery-size-large'><figure class='gallery-item'>\n\t\t\t<div class='gallery-icon portrait'>\n\t\t\t\t<a href='https:\/\/www.knichip.pw.edu.pl\/?attachment_id=1253#main'><img decoding=\"async\" width=\"718\" height=\"1024\" src=\"https:\/\/www.knichip.pw.edu.pl\/wp-content\/uploads\/2016\/01\/dyplom-2-718x1024.jpg\" class=\"attachment-large size-large\" alt=\"\" aria-describedby=\"gallery-1-1253\" srcset=\"https:\/\/www.knichip.pw.edu.pl\/wp-content\/uploads\/2016\/01\/dyplom-2-718x1024.jpg 718w, https:\/\/www.knichip.pw.edu.pl\/wp-content\/uploads\/2016\/01\/dyplom-2-210x300.jpg 210w\" sizes=\"(max-width: 718px) 100vw, 718px\" \/><\/a>\n\t\t\t<\/div>\n\t\t\t\t<figcaption class='wp-caption-text gallery-caption' id='gallery-1-1253'>\n\t\t\t\tDyplom dru\u017cynowy III miejsce\n\t\t\t\t<\/figcaption><\/figure><figure class='gallery-item'>\n\t\t\t<div class='gallery-icon '>\n\t\t\t\t<a href='https:\/\/www.knichip.pw.edu.pl\/?attachment_id=1257#main'><img decoding=\"async\" width=\"1\" height=\"1\" src=\"https:\/\/www.knichip.pw.edu.pl\/wp-content\/uploads\/2016\/01\/MF-2.jpg\" class=\"attachment-large size-large\" alt=\"\" aria-describedby=\"gallery-1-1257\" \/><\/a>\n\t\t\t<\/div>\n\t\t\t\t<figcaption class='wp-caption-text gallery-caption' id='gallery-1-1257'>\n\t\t\t\tDyplom indywidualny I miejsce\n\t\t\t\t<\/figcaption><\/figure><figure class='gallery-item'>\n\t\t\t<div class='gallery-icon portrait'>\n\t\t\t\t<a href='https:\/\/www.knichip.pw.edu.pl\/?attachment_id=1254#main'><img loading=\"lazy\" decoding=\"async\" width=\"718\" height=\"1024\" src=\"https:\/\/www.knichip.pw.edu.pl\/wp-content\/uploads\/2016\/01\/dyplom-1-718x1024.jpg\" class=\"attachment-large size-large\" alt=\"\" aria-describedby=\"gallery-1-1254\" srcset=\"https:\/\/www.knichip.pw.edu.pl\/wp-content\/uploads\/2016\/01\/dyplom-1-718x1024.jpg 718w, https:\/\/www.knichip.pw.edu.pl\/wp-content\/uploads\/2016\/01\/dyplom-1-210x300.jpg 210w\" sizes=\"(max-width: 718px) 100vw, 718px\" \/><\/a>\n\t\t\t<\/div>\n\t\t\t\t<figcaption class='wp-caption-text gallery-caption' id='gallery-1-1254'>\n\t\t\t\tDyplom dru\u017cynowy II miejsce\n\t\t\t\t<\/figcaption><\/figure>\n\t\t<\/div>\n\n","protected":false},"excerpt":{"rendered":"<p>Konkurs In\u017cynieria Sukcesu 2015 Studenci z naszego Ko\u0142a odnie\u015bli sukcesy w finale pierwszej edycji og\u00f3lnopolskiego konkursu wiedzy o In\u017cynierii Chemicznej i Procesowej \u201eIn\u017cyniera Sukcesu\u201d organizowanego przez Ko\u0142o Naukowe \u201eGambrinus\u201d z Politechniki Wroc\u0142awskiej. Fina\u0142 konkursu odby\u0142 si\u0119 13 czerwca 2015 roku na Wydziale Chemicznym Politechniki Wroc\u0142awskiej. &nbsp; Osi\u0105gni\u0119cia naszych student\u00f3w: w rywalizacji indywidualnej I miejsce zaj\u0105\u0142 &#8230; <a title=\"In\u017cynieria Sukcesu 2015\" class=\"read-more\" href=\"https:\/\/www.knichip.pw.edu.pl\/?page_id=1228\" aria-label=\"Read more about In\u017cynieria Sukcesu 2015\">Dowiedz si\u0119 wi\u0119cej<\/a><\/p>\n","protected":false},"author":17,"featured_media":0,"parent":1223,"menu_order":0,"comment_status":"closed","ping_status":"open","template":"","meta":{"footnotes":""},"class_list":["post-1228","page","type-page","status-publish"],"_links":{"self":[{"href":"https:\/\/www.knichip.pw.edu.pl\/index.php?rest_route=\/wp\/v2\/pages\/1228","targetHints":{"allow":["GET"]}}],"collection":[{"href":"https:\/\/www.knichip.pw.edu.pl\/index.php?rest_route=\/wp\/v2\/pages"}],"about":[{"href":"https:\/\/www.knichip.pw.edu.pl\/index.php?rest_route=\/wp\/v2\/types\/page"}],"author":[{"embeddable":true,"href":"https:\/\/www.knichip.pw.edu.pl\/index.php?rest_route=\/wp\/v2\/users\/17"}],"replies":[{"embeddable":true,"href":"https:\/\/www.knichip.pw.edu.pl\/index.php?rest_route=%2Fwp%2Fv2%2Fcomments&post=1228"}],"version-history":[{"count":6,"href":"https:\/\/www.knichip.pw.edu.pl\/index.php?rest_route=\/wp\/v2\/pages\/1228\/revisions"}],"predecessor-version":[{"id":1269,"href":"https:\/\/www.knichip.pw.edu.pl\/index.php?rest_route=\/wp\/v2\/pages\/1228\/revisions\/1269"}],"up":[{"embeddable":true,"href":"https:\/\/www.knichip.pw.edu.pl\/index.php?rest_route=\/wp\/v2\/pages\/1223"}],"wp:attachment":[{"href":"https:\/\/www.knichip.pw.edu.pl\/index.php?rest_route=%2Fwp%2Fv2%2Fmedia&parent=1228"}],"curies":[{"name":"wp","href":"https:\/\/api.w.org\/{rel}","templated":true}]}}