{"id":1244,"date":"2016-01-09T18:45:41","date_gmt":"2016-01-09T17:45:41","guid":{"rendered":"http:\/\/www.knichip.pw.edu.pl\/?page_id=1244"},"modified":"2016-01-09T18:45:41","modified_gmt":"2016-01-09T17:45:41","slug":"struna-2014","status":"publish","type":"page","link":"https:\/\/www.knichip.pw.edu.pl\/?page_id=1244","title":{"rendered":"StRuNa 2014"},"content":{"rendered":"<p><strong>StRuN<\/strong><strong>a 2014<\/strong><\/p>\n<p>Ko\u0142o Naukowe In\u017cynierii Chemicznej i Procesowej otrzyma\u0142o wyr\u00f3\u017cnienie w kategorii Konferencja Roku 2014 za projekt European Young Engineers Conference w konkursie StRuNa 2014.<\/p>\n<div id='gallery-1' class='gallery galleryid-1244 gallery-columns-1 gallery-size-large'><figure class='gallery-item'>\n\t\t\t<div class='gallery-icon portrait'>\n\t\t\t\t<a href='https:\/\/www.knichip.pw.edu.pl\/?attachment_id=1248#main'><img fetchpriority=\"high\" decoding=\"async\" width=\"724\" height=\"1024\" src=\"https:\/\/www.knichip.pw.edu.pl\/wp-content\/uploads\/2016\/01\/KNICHiP093_2-724x1024.jpg\" class=\"attachment-large size-large\" alt=\"\" aria-describedby=\"gallery-1-1248\" srcset=\"https:\/\/www.knichip.pw.edu.pl\/wp-content\/uploads\/2016\/01\/KNICHiP093_2-724x1024.jpg 724w, https:\/\/www.knichip.pw.edu.pl\/wp-content\/uploads\/2016\/01\/KNICHiP093_2-212x300.jpg 212w, https:\/\/www.knichip.pw.edu.pl\/wp-content\/uploads\/2016\/01\/KNICHiP093_2.jpg 992w\" sizes=\"(max-width: 724px) 100vw, 724px\" \/><\/a>\n\t\t\t<\/div>\n\t\t\t\t<figcaption class='wp-caption-text gallery-caption' id='gallery-1-1248'>\n\t\t\t\tWyr\u00f3\u017cnienie StRuNa 2014\n\t\t\t\t<\/figcaption><\/figure>\n\t\t<\/div>\n\n<p>&nbsp;<\/p>\n","protected":false},"excerpt":{"rendered":"<p>StRuNa 2014 Ko\u0142o Naukowe In\u017cynierii Chemicznej i Procesowej otrzyma\u0142o wyr\u00f3\u017cnienie w kategorii Konferencja Roku 2014 za projekt European Young Engineers Conference w konkursie StRuNa 2014. &nbsp;<\/p>\n","protected":false},"author":17,"featured_media":0,"parent":0,"menu_order":0,"comment_status":"closed","ping_status":"open","template":"","meta":{"footnotes":""},"class_list":["post-1244","page","type-page","status-publish"],"_links":{"self":[{"href":"https:\/\/www.knichip.pw.edu.pl\/index.php?rest_route=\/wp\/v2\/pages\/1244","targetHints":{"allow":["GET"]}}],"collection":[{"href":"https:\/\/www.knichip.pw.edu.pl\/index.php?rest_route=\/wp\/v2\/pages"}],"about":[{"href":"https:\/\/www.knichip.pw.edu.pl\/index.php?rest_route=\/wp\/v2\/types\/page"}],"author":[{"embeddable":true,"href":"https:\/\/www.knichip.pw.edu.pl\/index.php?rest_route=\/wp\/v2\/users\/17"}],"replies":[{"embeddable":true,"href":"https:\/\/www.knichip.pw.edu.pl\/index.php?rest_route=%2Fwp%2Fv2%2Fcomments&post=1244"}],"version-history":[{"count":1,"href":"https:\/\/www.knichip.pw.edu.pl\/index.php?rest_route=\/wp\/v2\/pages\/1244\/revisions"}],"predecessor-version":[{"id":1250,"href":"https:\/\/www.knichip.pw.edu.pl\/index.php?rest_route=\/wp\/v2\/pages\/1244\/revisions\/1250"}],"wp:attachment":[{"href":"https:\/\/www.knichip.pw.edu.pl\/index.php?rest_route=%2Fwp%2Fv2%2Fmedia&parent=1244"}],"curies":[{"name":"wp","href":"https:\/\/api.w.org\/{rel}","templated":true}]}}