{"id":131,"date":"2013-04-07T20:48:55","date_gmt":"2013-04-07T20:48:55","guid":{"rendered":"http:\/\/www.knichip.pw.edu.pl\/?page_id=131"},"modified":"2019-10-25T20:59:42","modified_gmt":"2019-10-25T19:59:42","slug":"alternatywne-metody-mieszania","status":"publish","type":"page","link":"https:\/\/www.knichip.pw.edu.pl\/?page_id=131","title":{"rendered":"Alternatywne Metody Mieszania"},"content":{"rendered":"<p><img fetchpriority=\"high\" decoding=\"async\" class=\"alignnone wp-image-1634 size-full\" src=\"http:\/\/www.knichip.pw.edu.pl\/wp-content\/uploads\/2019\/10\/20180609_125235.jpg\" alt=\"\" width=\"4128\" height=\"2322\" srcset=\"https:\/\/www.knichip.pw.edu.pl\/wp-content\/uploads\/2019\/10\/20180609_125235.jpg 4128w, https:\/\/www.knichip.pw.edu.pl\/wp-content\/uploads\/2019\/10\/20180609_125235-300x169.jpg 300w, https:\/\/www.knichip.pw.edu.pl\/wp-content\/uploads\/2019\/10\/20180609_125235-768x432.jpg 768w, https:\/\/www.knichip.pw.edu.pl\/wp-content\/uploads\/2019\/10\/20180609_125235-1024x576.jpg 1024w\" sizes=\"(max-width: 4128px) 100vw, 4128px\" \/><\/p>\n<p>Stanowisko do bada\u0144 zachowania przep\u0142ywu p\u0142ynu w rurze wraz z strug\u0105 znacznika. Przep\u0142yw realizowany jest w trzech rurach (bez wype\u0142nienia, oraz dwie z wype\u0142nieniem r\u00f3\u017cnego typu) przy czym w ka\u017cdej rurze znajduje si\u0119 kapilara dozuj\u0105ca znacznik. Celem do\u015bwiadczenia jest pokazanie przep\u0142ywu burzliwego w kt\u00f3rym dochodzi do mieszania cieczy oraz wp\u0142ywu wype\u0142nienia na intensyfikacj\u0119 tego procesu.<\/p>\n<p><img decoding=\"async\" class=\"alignnone wp-image-1636 size-full\" src=\"http:\/\/www.knichip.pw.edu.pl\/wp-content\/uploads\/2019\/10\/20180609_120138.jpg\" alt=\"\" width=\"4128\" height=\"2322\" srcset=\"https:\/\/www.knichip.pw.edu.pl\/wp-content\/uploads\/2019\/10\/20180609_120138.jpg 4128w, https:\/\/www.knichip.pw.edu.pl\/wp-content\/uploads\/2019\/10\/20180609_120138-300x169.jpg 300w, https:\/\/www.knichip.pw.edu.pl\/wp-content\/uploads\/2019\/10\/20180609_120138-768x432.jpg 768w, https:\/\/www.knichip.pw.edu.pl\/wp-content\/uploads\/2019\/10\/20180609_120138-1024x576.jpg 1024w\" sizes=\"(max-width: 4128px) 100vw, 4128px\" \/><\/p>\n<p><img decoding=\"async\" class=\"alignnone wp-image-1637 size-full\" src=\"http:\/\/www.knichip.pw.edu.pl\/wp-content\/uploads\/2019\/10\/20180609_114911.jpg\" alt=\"\" width=\"4128\" height=\"2322\" srcset=\"https:\/\/www.knichip.pw.edu.pl\/wp-content\/uploads\/2019\/10\/20180609_114911.jpg 4128w, https:\/\/www.knichip.pw.edu.pl\/wp-content\/uploads\/2019\/10\/20180609_114911-300x169.jpg 300w, https:\/\/www.knichip.pw.edu.pl\/wp-content\/uploads\/2019\/10\/20180609_114911-768x432.jpg 768w, https:\/\/www.knichip.pw.edu.pl\/wp-content\/uploads\/2019\/10\/20180609_114911-1024x576.jpg 1024w\" sizes=\"(max-width: 4128px) 100vw, 4128px\" \/><\/p>\n<p><img loading=\"lazy\" decoding=\"async\" class=\"alignnone wp-image-1639 size-full\" src=\"http:\/\/www.knichip.pw.edu.pl\/wp-content\/uploads\/2019\/10\/20180609_114538.jpg\" alt=\"\" width=\"4128\" height=\"2322\" srcset=\"https:\/\/www.knichip.pw.edu.pl\/wp-content\/uploads\/2019\/10\/20180609_114538.jpg 4128w, https:\/\/www.knichip.pw.edu.pl\/wp-content\/uploads\/2019\/10\/20180609_114538-300x169.jpg 300w, https:\/\/www.knichip.pw.edu.pl\/wp-content\/uploads\/2019\/10\/20180609_114538-768x432.jpg 768w, https:\/\/www.knichip.pw.edu.pl\/wp-content\/uploads\/2019\/10\/20180609_114538-1024x576.jpg 1024w\" sizes=\"(max-width: 4128px) 100vw, 4128px\" \/><\/p>\n<p>W uk\u0142adzie znajduje si\u0119 r\u00f3wnie\u017c zbiornik w kt\u00f3rym prowadzony jest barbota\u017c. Jest to proces polegaj\u0105cy na przepuszczenie p\u0119cherzyk\u00f3w gazu przez warstw\u0119 cieczy w celu zwi\u0119kszenia powierzchni kontaktu fazy ciek\u0142ej z faz\u0105 gazow\u0105. Maj\u0105c na wzgl\u0119dzie kinetyk\u0119 reakcji oraz gdy proces wymaga intensywnego mieszania.<\/p>\n<p style=\"padding-left: 60px;\"><strong>Koordynator:\u00a0 Krzysztof Bona<\/strong><\/p>\n","protected":false},"excerpt":{"rendered":"<p>Stanowisko do bada\u0144 zachowania przep\u0142ywu p\u0142ynu w rurze wraz z strug\u0105 znacznika. Przep\u0142yw realizowany jest w trzech rurach (bez wype\u0142nienia, oraz dwie z wype\u0142nieniem r\u00f3\u017cnego typu) przy czym w ka\u017cdej rurze znajduje si\u0119 kapilara dozuj\u0105ca znacznik. Celem do\u015bwiadczenia jest pokazanie przep\u0142ywu burzliwego w kt\u00f3rym dochodzi do mieszania cieczy oraz wp\u0142ywu wype\u0142nienia na intensyfikacj\u0119 tego procesu. &#8230; <a title=\"Alternatywne Metody Mieszania\" class=\"read-more\" href=\"https:\/\/www.knichip.pw.edu.pl\/?page_id=131\" aria-label=\"Read more about Alternatywne Metody Mieszania\">Dowiedz si\u0119 wi\u0119cej<\/a><\/p>\n","protected":false},"author":17,"featured_media":0,"parent":57,"menu_order":0,"comment_status":"closed","ping_status":"open","template":"","meta":{"footnotes":""},"class_list":["post-131","page","type-page","status-publish"],"_links":{"self":[{"href":"https:\/\/www.knichip.pw.edu.pl\/index.php?rest_route=\/wp\/v2\/pages\/131","targetHints":{"allow":["GET"]}}],"collection":[{"href":"https:\/\/www.knichip.pw.edu.pl\/index.php?rest_route=\/wp\/v2\/pages"}],"about":[{"href":"https:\/\/www.knichip.pw.edu.pl\/index.php?rest_route=\/wp\/v2\/types\/page"}],"author":[{"embeddable":true,"href":"https:\/\/www.knichip.pw.edu.pl\/index.php?rest_route=\/wp\/v2\/users\/17"}],"replies":[{"embeddable":true,"href":"https:\/\/www.knichip.pw.edu.pl\/index.php?rest_route=%2Fwp%2Fv2%2Fcomments&post=131"}],"version-history":[{"count":5,"href":"https:\/\/www.knichip.pw.edu.pl\/index.php?rest_route=\/wp\/v2\/pages\/131\/revisions"}],"predecessor-version":[{"id":1640,"href":"https:\/\/www.knichip.pw.edu.pl\/index.php?rest_route=\/wp\/v2\/pages\/131\/revisions\/1640"}],"up":[{"embeddable":true,"href":"https:\/\/www.knichip.pw.edu.pl\/index.php?rest_route=\/wp\/v2\/pages\/57"}],"wp:attachment":[{"href":"https:\/\/www.knichip.pw.edu.pl\/index.php?rest_route=%2Fwp%2Fv2%2Fmedia&parent=131"}],"curies":[{"name":"wp","href":"https:\/\/api.w.org\/{rel}","templated":true}]}}