{"id":1395,"date":"2016-12-11T20:42:50","date_gmt":"2016-12-11T19:42:50","guid":{"rendered":"http:\/\/www.knichip.pw.edu.pl\/?page_id=1395"},"modified":"2025-02-20T22:25:57","modified_gmt":"2025-02-20T21:25:57","slug":"wspolpraca","status":"publish","type":"page","link":"https:\/\/www.knichip.pw.edu.pl\/?page_id=1395","title":{"rendered":"Wsp\u00f3\u0142praca"},"content":{"rendered":"\n<p><\/p>\n\n\n\n<h3 class=\"wp-block-heading has-text-align-center\">Chcesz z nami nawi\u0105za\u0107 wsp\u00f3\u0142prac\u0119? Napisz do nas maila &#8211; <a href=\"mailto:kolo.ichip@pw.edu.pl\">kolo.ichip@pw.edu.pl<\/a><\/h3>\n\n\n\n<p><\/p>\n\n\n\n<h3 class=\"wp-block-heading has-text-align-center\">Pracujemy nad ofert\u0105 wsp\u00f3\u0142prac, wi\u0119cej szczeg\u00f3\u0142\u00f3w dodamy wkr\u00f3tce.<\/h3>\n\n\n\n<p><\/p>\n","protected":false},"excerpt":{"rendered":"<p>Chcesz z nami nawi\u0105za\u0107 wsp\u00f3\u0142prac\u0119? Napisz do nas maila &#8211; kolo.ichip@pw.edu.pl Pracujemy nad ofert\u0105 wsp\u00f3\u0142prac, wi\u0119cej szczeg\u00f3\u0142\u00f3w dodamy wkr\u00f3tce.<\/p>\n","protected":false},"author":17,"featured_media":0,"parent":0,"menu_order":0,"comment_status":"closed","ping_status":"closed","template":"","meta":{"footnotes":""},"class_list":["post-1395","page","type-page","status-publish"],"_links":{"self":[{"href":"https:\/\/www.knichip.pw.edu.pl\/index.php?rest_route=\/wp\/v2\/pages\/1395","targetHints":{"allow":["GET"]}}],"collection":[{"href":"https:\/\/www.knichip.pw.edu.pl\/index.php?rest_route=\/wp\/v2\/pages"}],"about":[{"href":"https:\/\/www.knichip.pw.edu.pl\/index.php?rest_route=\/wp\/v2\/types\/page"}],"author":[{"embeddable":true,"href":"https:\/\/www.knichip.pw.edu.pl\/index.php?rest_route=\/wp\/v2\/users\/17"}],"replies":[{"embeddable":true,"href":"https:\/\/www.knichip.pw.edu.pl\/index.php?rest_route=%2Fwp%2Fv2%2Fcomments&post=1395"}],"version-history":[{"count":20,"href":"https:\/\/www.knichip.pw.edu.pl\/index.php?rest_route=\/wp\/v2\/pages\/1395\/revisions"}],"predecessor-version":[{"id":2549,"href":"https:\/\/www.knichip.pw.edu.pl\/index.php?rest_route=\/wp\/v2\/pages\/1395\/revisions\/2549"}],"wp:attachment":[{"href":"https:\/\/www.knichip.pw.edu.pl\/index.php?rest_route=%2Fwp%2Fv2%2Fmedia&parent=1395"}],"curies":[{"name":"wp","href":"https:\/\/api.w.org\/{rel}","templated":true}]}}