{"id":1500,"date":"2019-10-22T16:32:50","date_gmt":"2019-10-22T15:32:50","guid":{"rendered":"http:\/\/www.knichip.pw.edu.pl\/?page_id=1500"},"modified":"2019-10-25T20:01:57","modified_gmt":"2019-10-25T19:01:57","slug":"algenos","status":"publish","type":"page","link":"https:\/\/www.knichip.pw.edu.pl\/?page_id=1500","title":{"rendered":"Makieta farmy alg\ufeff"},"content":{"rendered":"\n<p><br>W naszym projekcie zamierzamy stworzy\u0107 makiet\u0119 obrazuj\u0105c\u0105 proces przetwarzania alg w biopaliwo i biogaz. Elementy makiety zostan\u0105 wykonane przy u\u017cyciu drukarek 3D. Praca nad projektem wi\u0105\u017ce si\u0119 z zapoznaniem si\u0119 z dok\u0142adnym przebiegiem proces\u00f3w przetwarzania biomasy z alg i budow\u0105 poszczeg\u00f3lnych element\u00f3w konstrukcyjnych. W dalszym etapie wykonamy rysunki poszczeg\u00f3lnych cz\u0119\u015bci i wydrukujemy w 3D.<\/p>\n","protected":false},"excerpt":{"rendered":"<p>W naszym projekcie zamierzamy stworzy\u0107 makiet\u0119 obrazuj\u0105c\u0105 proces przetwarzania alg w biopaliwo i biogaz. Elementy makiety zostan\u0105 wykonane przy u\u017cyciu drukarek 3D. Praca nad projektem wi\u0105\u017ce si\u0119 z zapoznaniem si\u0119 z dok\u0142adnym przebiegiem proces\u00f3w przetwarzania biomasy z alg i budow\u0105 poszczeg\u00f3lnych element\u00f3w konstrukcyjnych. W dalszym etapie wykonamy rysunki poszczeg\u00f3lnych cz\u0119\u015bci i wydrukujemy w 3D.<\/p>\n","protected":false},"author":21,"featured_media":0,"parent":0,"menu_order":0,"comment_status":"closed","ping_status":"closed","template":"","meta":{"footnotes":""},"class_list":["post-1500","page","type-page","status-publish"],"_links":{"self":[{"href":"https:\/\/www.knichip.pw.edu.pl\/index.php?rest_route=\/wp\/v2\/pages\/1500","targetHints":{"allow":["GET"]}}],"collection":[{"href":"https:\/\/www.knichip.pw.edu.pl\/index.php?rest_route=\/wp\/v2\/pages"}],"about":[{"href":"https:\/\/www.knichip.pw.edu.pl\/index.php?rest_route=\/wp\/v2\/types\/page"}],"author":[{"embeddable":true,"href":"https:\/\/www.knichip.pw.edu.pl\/index.php?rest_route=\/wp\/v2\/users\/21"}],"replies":[{"embeddable":true,"href":"https:\/\/www.knichip.pw.edu.pl\/index.php?rest_route=%2Fwp%2Fv2%2Fcomments&post=1500"}],"version-history":[{"count":2,"href":"https:\/\/www.knichip.pw.edu.pl\/index.php?rest_route=\/wp\/v2\/pages\/1500\/revisions"}],"predecessor-version":[{"id":1619,"href":"https:\/\/www.knichip.pw.edu.pl\/index.php?rest_route=\/wp\/v2\/pages\/1500\/revisions\/1619"}],"wp:attachment":[{"href":"https:\/\/www.knichip.pw.edu.pl\/index.php?rest_route=%2Fwp%2Fv2%2Fmedia&parent=1500"}],"curies":[{"name":"wp","href":"https:\/\/api.w.org\/{rel}","templated":true}]}}