{"id":1528,"date":"2019-10-22T17:08:57","date_gmt":"2019-10-22T16:08:57","guid":{"rendered":"http:\/\/www.knichip.pw.edu.pl\/?page_id=1528"},"modified":"2019-10-31T12:59:59","modified_gmt":"2019-10-31T11:59:59","slug":"ichipowe-mydlo","status":"publish","type":"page","link":"https:\/\/www.knichip.pw.edu.pl\/?page_id=1528","title":{"rendered":"Myd\u0142o zero waste"},"content":{"rendered":"\n<figure class=\"wp-block-image\"><img fetchpriority=\"high\" decoding=\"async\" width=\"897\" height=\"600\" src=\"http:\/\/www.knichip.pw.edu.pl\/wp-content\/uploads\/2019\/10\/2.jpg\" alt=\"\" class=\"wp-image-1647\" srcset=\"https:\/\/www.knichip.pw.edu.pl\/wp-content\/uploads\/2019\/10\/2.jpg 897w, https:\/\/www.knichip.pw.edu.pl\/wp-content\/uploads\/2019\/10\/2-300x201.jpg 300w, https:\/\/www.knichip.pw.edu.pl\/wp-content\/uploads\/2019\/10\/2-768x514.jpg 768w\" sizes=\"(max-width: 897px) 100vw, 897px\" \/><\/figure>\n\n\n\n<p style=\"text-align:left\">  Jednym z nowo podj\u0119tych projekt\u00f3w Ko\u0142a jest produkcja myd\u0142a ze zu\u017cytego oleju po tzw. g\u0142\u0119bokim sma\u017ceniu (np. p\u0105czk\u00f3w, frytek, ryb). Olej ten jest do\u015b\u0107 problematycznym odpadem, gdy\u017c nie mo\u017cna go tak po prostu wyla\u0107 do zlewu &#8211; nie miesza si\u0119 z wod\u0105, przez co mo\u017ce stanowi\u0107 problemy podczas jej oczyszczania. A to z kolei przedk\u0142ada si\u0119 na coraz bardziej powszechn\u0105 kwesti\u0119 odpad\u00f3w produkowanych przez cz\u0142owieka do \u015brodowiska.<br> Celem projektu jest opracowanie metody\/przepisu umo\u017cliwiaj\u0105cego wyprodukowanie myd\u0142a z tego odpadu, co sta\u0142oby si\u0119 przyk\u0142adem pod\u0105\u017cania za ide\u0105 Zero Waste. Wykorzystuje si\u0119 w tym celu reakcj\u0119 zmydlania t\u0142uszczy z wykorzystaniem silnej zasady (np. sodowej). Dodaje si\u0119 te\u017c olejk\u00f3w aromatycznych w celu nadania przyjemnego zapachu produktowi. Cz\u0142onkowie projektu maj\u0105 mo\u017cliwo\u015b\u0107 zapozna\u0107 si\u0119 z tym procesem, w tym m.in. dzia\u0142aniem z niebezpiecznymi substancjami (\u0142ug sodowy). By myd\u0142o nadawa\u0142o si\u0119 do czyszczenia r\u0105k, musi posiada\u0107 odpowiednie parametry np. odpowiednie pH.<br> Projekt jest w pocz\u0105tkowej fazie rozwoju, mimo to na chwil\u0119 obecn\u0105 powsta\u0142 plan rozwini\u0119cia idei Zero Waste o wykorzystanie fus\u00f3w z kawy do stworzenia myd\u0142a do peelingu.<\/p>\n\n\n\n<p> Koordynator: Rafa\u0142 Paku\u0142a  <\/p>\n\n\n\n<p>Zdj\u0119cia podczas wykonywania pierwszych wersji myd\u0142a: <\/p>\n\n\n\n<div class=\"wp-block-image\"><figure class=\"aligncenter is-resized\"><img decoding=\"async\" src=\"http:\/\/www.knichip.pw.edu.pl\/wp-content\/uploads\/2019\/10\/1.jpg\" alt=\"\" class=\"wp-image-1652\" width=\"401\" height=\"556\"\/><\/figure><\/div>\n\n\n\n<div class=\"wp-block-image\"><figure class=\"aligncenter is-resized\"><img decoding=\"async\" src=\"http:\/\/www.knichip.pw.edu.pl\/wp-content\/uploads\/2019\/10\/3.jpg\" alt=\"\" class=\"wp-image-1651\" width=\"401\" height=\"949\"\/><\/figure><\/div>\n\n\n\n<p><\/p>\n","protected":false},"excerpt":{"rendered":"<p>Jednym z nowo podj\u0119tych projekt\u00f3w Ko\u0142a jest produkcja myd\u0142a ze zu\u017cytego oleju po tzw. g\u0142\u0119bokim sma\u017ceniu (np. p\u0105czk\u00f3w, frytek, ryb). Olej ten jest do\u015b\u0107 problematycznym odpadem, gdy\u017c nie mo\u017cna go tak po prostu wyla\u0107 do zlewu &#8211; nie miesza si\u0119 z wod\u0105, przez co mo\u017ce stanowi\u0107 problemy podczas jej oczyszczania. A to z kolei przedk\u0142ada &#8230; <a title=\"Myd\u0142o zero waste\" class=\"read-more\" href=\"https:\/\/www.knichip.pw.edu.pl\/?page_id=1528\" aria-label=\"Read more about Myd\u0142o zero waste\">Dowiedz si\u0119 wi\u0119cej<\/a><\/p>\n","protected":false},"author":21,"featured_media":0,"parent":0,"menu_order":0,"comment_status":"closed","ping_status":"closed","template":"","meta":{"footnotes":""},"class_list":["post-1528","page","type-page","status-publish"],"_links":{"self":[{"href":"https:\/\/www.knichip.pw.edu.pl\/index.php?rest_route=\/wp\/v2\/pages\/1528","targetHints":{"allow":["GET"]}}],"collection":[{"href":"https:\/\/www.knichip.pw.edu.pl\/index.php?rest_route=\/wp\/v2\/pages"}],"about":[{"href":"https:\/\/www.knichip.pw.edu.pl\/index.php?rest_route=\/wp\/v2\/types\/page"}],"author":[{"embeddable":true,"href":"https:\/\/www.knichip.pw.edu.pl\/index.php?rest_route=\/wp\/v2\/users\/21"}],"replies":[{"embeddable":true,"href":"https:\/\/www.knichip.pw.edu.pl\/index.php?rest_route=%2Fwp%2Fv2%2Fcomments&post=1528"}],"version-history":[{"count":7,"href":"https:\/\/www.knichip.pw.edu.pl\/index.php?rest_route=\/wp\/v2\/pages\/1528\/revisions"}],"predecessor-version":[{"id":1657,"href":"https:\/\/www.knichip.pw.edu.pl\/index.php?rest_route=\/wp\/v2\/pages\/1528\/revisions\/1657"}],"wp:attachment":[{"href":"https:\/\/www.knichip.pw.edu.pl\/index.php?rest_route=%2Fwp%2Fv2%2Fmedia&parent=1528"}],"curies":[{"name":"wp","href":"https:\/\/api.w.org\/{rel}","templated":true}]}}