{"id":1791,"date":"2019-11-05T12:03:50","date_gmt":"2019-11-05T11:03:50","guid":{"rendered":"http:\/\/www.knichip.pw.edu.pl\/?page_id=1791"},"modified":"2019-12-09T22:41:39","modified_gmt":"2019-12-09T21:41:39","slug":"ramie-hydrauliczne","status":"publish","type":"page","link":"https:\/\/www.knichip.pw.edu.pl\/?page_id=1791","title":{"rendered":"Termostat"},"content":{"rendered":"\n<p>Autorzy: Pawe\u0142\nAntkowiak, Nina Borz\u0119cka, Rados\u0142aw Krzosa, Szymon Rowi\u0144ski<\/p>\n\n\n\n<p style=\"text-align:left\">Celem, kt\u00f3ry zosta\u0142 wyznaczony Ko\u0142u Naukowemu In\u017cynierii Chemicznej i Procesowej by\u0142o zbudowanie aparatury, kt\u00f3ra ma za zadanie przygotowywa\u0107 folie CR39 tak, aby mo\u017cliwe by\u0142o zebranie wymaganych przez nas danych na temat st\u0119\u017cenia radonu w badanych miejscach. Po zapoznaniu si\u0119 z tematem poznali\u015bmy kilka sposob\u00f3w realizacji tego zadania. Uznali\u015bmy, \u017ce najlepsz\u0105 opcj\u0105 jest wytrawianie ich w gor\u0105cej zasadzie sodowej. Aby proces przebiega\u0142 prawid\u0142owo folia musi znajdowa\u0107 si\u0119 w dziesi\u0119ciomolowym roztworze wodnym wodorotlenku sodu przez osiem godzin w temperaturze 70\u00b0C. Wahania temperatury nie mog\u0105 przekroczy\u0107 0,5\u00b0C. Dodatkowo aby proces przebiega\u0142 prawid\u0142owo nasze Ko\u0142o stara\u0142o si\u0119 zmaksymalizowa\u0107 proces wymiany masy na powierzchni pr\u00f3bek.<\/p>\n\n\n\n<p>W tym celu skorzystali\u015bmy z pomys\u0142u doktora Wydzia\u0142u In\u017cynierii Chemicznej i Procesowej dr&nbsp;Janusza Oleniaka. Koncepcja polega\u0142a na tym aby zamiast tradycyjnego mieszad\u0142a stworzy\u0107 konstrukcj\u0119, kt\u00f3rej \u0142opatkami b\u0119d\u0105 folie CR39. Zaprojektowali\u015bmy wi\u0119c model tarczy mieszad\u0142a <br>w programie SolidWorks, a nast\u0119pnie z pomoc\u0105 Wydzia\u0142u Fizyki wydrukowali\u015bmy nasz\u0105 koncepcje w 3D. Wybrali\u015bmy poziome po\u0142o\u017cenie p\u0142ytek w zbiorniku aby mo\u017cliwie najlepiej ujednolici\u0107 pole pr\u0119dko\u015bci na p\u0142ytce, a tak\u017ce aby p\u0142ytki nie wygina\u0142y si\u0119 pod wp\u0142ywem naporu hydrodynamicznego w trakcie procesu. Dodatkowo w celu zapewnienie lepszego mieszania i co za tym idzie bardziej r\u00f3wnomiernego rozk\u0142adu temperatury w zbiorniku dodano na tarczy cz\u0119\u015bci pionowe.<\/p>\n\n\n\n<p>Zbiornik zaprojektowano tak, aby swobodnie umie\u015bci\u0107 w nim 10 tarcz. Ka\u017cda z nich pomie\u015bci 15 folii co pozwala nam na jednoczesne trawienie 150 p\u0142ytek CR39. Ca\u0142o\u015b\u0107 umieszczona jest na wale przymocowanym do silnika. Wa\u0142 jest gwintowany co zapewnia nam prost\u0105 mo\u017cliwo\u015b\u0107 \u0142\u0105czenia i rozk\u0142adania ca\u0142o\u015bci, a co za tym idzie modyfikacje ilo\u015bci p\u0142ytek podczas pojedy\u0144czego wytrawiania.<\/p>\n\n\n\n<p>Silnik nap\u0119dzany jest pr\u0105dem sta\u0142ym o napi\u0119ciu 9V. Posiada przy\u0142\u0105cze typu Jack, kt\u00f3re pozwala na proste odpi\u0119cie go od skrzynki elektrycznej. Dzi\u0119ki temu rozwi\u0105zaniu jeste\u015bmy w stanie szybko i bezpiecznie \u015bci\u0105ga\u0107 pokryw\u0119, do kt\u00f3rej jest przymocowany. Jest to bardzo wa\u017cne ze wzgl\u0119du na wyst\u0119powanie w zbiorniku substancji silnie \u017cr\u0105cych.<\/p>\n\n\n\n<p>Do podgrzewania zbiornika zostosowali\u015bmy wysokotemperaturowy przew\u00f3d grzewczy. Wytrzymuje on temperatur\u0119 do 200\u00b0C co stanowi odpowiedni zapas podczas procesu nagrzewania zbiornika do zadanej temperatury. Powodem, dla kt\u00f3rego go wybrali\u015bmy jest brak kontaktu cz\u0119\u015bci grzewczej z roztworem wykorzystywanym do trawienia. Ogranicza to ilo\u015b\u0107 cze\u015bci nara\u017conych na dzia\u0142anie bardzo agresywnej substancji, co zmniejsza ryzyko wyst\u0105pienia uszkodze\u0144 w aparaturze. Straty cieplne w stanie ustalonym oszacowano na 50W. Moc grzewcza kabla wynosi 600W tak aby czas nagrzewania zbiornika od temperatury 20\u00b0C nie przekroczy\u0142 trzech godzin. Przew\u00f3d jest owini\u0119ty wok\u00f3\u0142 dolnej cz\u0119\u015bci zbiornika aby dodatkowo wspom\u00f3c mieszanie w zbiorniku.<\/p>\n\n\n\n<figure class=\"wp-block-image\"><img fetchpriority=\"high\" decoding=\"async\" width=\"2004\" height=\"1080\" src=\"http:\/\/www.knichip.pw.edu.pl\/wp-content\/uploads\/2019\/12\/2.jpg\" alt=\"\" class=\"wp-image-1900\" srcset=\"https:\/\/www.knichip.pw.edu.pl\/wp-content\/uploads\/2019\/12\/2.jpg 2004w, https:\/\/www.knichip.pw.edu.pl\/wp-content\/uploads\/2019\/12\/2-300x162.jpg 300w, https:\/\/www.knichip.pw.edu.pl\/wp-content\/uploads\/2019\/12\/2-768x414.jpg 768w, https:\/\/www.knichip.pw.edu.pl\/wp-content\/uploads\/2019\/12\/2-1024x552.jpg 1024w\" sizes=\"(max-width: 2004px) 100vw, 2004px\" \/><\/figure>\n\n\n\n<figure class=\"wp-block-image\"><img decoding=\"async\" width=\"475\" height=\"960\" src=\"http:\/\/www.knichip.pw.edu.pl\/wp-content\/uploads\/2019\/12\/3.jpg\" alt=\"\" class=\"wp-image-1901\" srcset=\"https:\/\/www.knichip.pw.edu.pl\/wp-content\/uploads\/2019\/12\/3.jpg 475w, https:\/\/www.knichip.pw.edu.pl\/wp-content\/uploads\/2019\/12\/3-148x300.jpg 148w\" sizes=\"(max-width: 475px) 100vw, 475px\" \/><\/figure>\n\n\n\n<figure class=\"wp-block-image\"><img decoding=\"async\" width=\"516\" height=\"960\" src=\"http:\/\/www.knichip.pw.edu.pl\/wp-content\/uploads\/2019\/12\/4.jpg\" alt=\"\" class=\"wp-image-1902\" srcset=\"https:\/\/www.knichip.pw.edu.pl\/wp-content\/uploads\/2019\/12\/4.jpg 516w, https:\/\/www.knichip.pw.edu.pl\/wp-content\/uploads\/2019\/12\/4-161x300.jpg 161w\" sizes=\"(max-width: 516px) 100vw, 516px\" \/><\/figure>\n\n\n\n<figure class=\"wp-block-image\"><img loading=\"lazy\" decoding=\"async\" width=\"475\" height=\"960\" src=\"http:\/\/www.knichip.pw.edu.pl\/wp-content\/uploads\/2019\/12\/5.jpg\" alt=\"\" class=\"wp-image-1903\" srcset=\"https:\/\/www.knichip.pw.edu.pl\/wp-content\/uploads\/2019\/12\/5.jpg 475w, https:\/\/www.knichip.pw.edu.pl\/wp-content\/uploads\/2019\/12\/5-148x300.jpg 148w\" sizes=\"(max-width: 475px) 100vw, 475px\" \/><\/figure>\n","protected":false},"excerpt":{"rendered":"<p>Autorzy: Pawe\u0142 Antkowiak, Nina Borz\u0119cka, Rados\u0142aw Krzosa, Szymon Rowi\u0144ski Celem, kt\u00f3ry zosta\u0142 wyznaczony Ko\u0142u Naukowemu In\u017cynierii Chemicznej i Procesowej by\u0142o zbudowanie aparatury, kt\u00f3ra ma za zadanie przygotowywa\u0107 folie CR39 tak, aby mo\u017cliwe by\u0142o zebranie wymaganych przez nas danych na temat st\u0119\u017cenia radonu w badanych miejscach. Po zapoznaniu si\u0119 z tematem poznali\u015bmy kilka sposob\u00f3w realizacji tego &#8230; <a title=\"Termostat\" class=\"read-more\" href=\"https:\/\/www.knichip.pw.edu.pl\/?page_id=1791\" aria-label=\"Read more about Termostat\">Dowiedz si\u0119 wi\u0119cej<\/a><\/p>\n","protected":false},"author":21,"featured_media":0,"parent":0,"menu_order":0,"comment_status":"closed","ping_status":"closed","template":"","meta":{"footnotes":""},"class_list":["post-1791","page","type-page","status-publish"],"_links":{"self":[{"href":"https:\/\/www.knichip.pw.edu.pl\/index.php?rest_route=\/wp\/v2\/pages\/1791","targetHints":{"allow":["GET"]}}],"collection":[{"href":"https:\/\/www.knichip.pw.edu.pl\/index.php?rest_route=\/wp\/v2\/pages"}],"about":[{"href":"https:\/\/www.knichip.pw.edu.pl\/index.php?rest_route=\/wp\/v2\/types\/page"}],"author":[{"embeddable":true,"href":"https:\/\/www.knichip.pw.edu.pl\/index.php?rest_route=\/wp\/v2\/users\/21"}],"replies":[{"embeddable":true,"href":"https:\/\/www.knichip.pw.edu.pl\/index.php?rest_route=%2Fwp%2Fv2%2Fcomments&post=1791"}],"version-history":[{"count":4,"href":"https:\/\/www.knichip.pw.edu.pl\/index.php?rest_route=\/wp\/v2\/pages\/1791\/revisions"}],"predecessor-version":[{"id":1904,"href":"https:\/\/www.knichip.pw.edu.pl\/index.php?rest_route=\/wp\/v2\/pages\/1791\/revisions\/1904"}],"wp:attachment":[{"href":"https:\/\/www.knichip.pw.edu.pl\/index.php?rest_route=%2Fwp%2Fv2%2Fmedia&parent=1791"}],"curies":[{"name":"wp","href":"https:\/\/api.w.org\/{rel}","templated":true}]}}