{"id":1820,"date":"2019-11-16T12:38:49","date_gmt":"2019-11-16T11:38:49","guid":{"rendered":"http:\/\/www.knichip.pw.edu.pl\/?page_id=1820"},"modified":"2019-11-17T17:58:26","modified_gmt":"2019-11-17T16:58:26","slug":"samopompujacy-sie-balon","status":"publish","type":"page","link":"https:\/\/www.knichip.pw.edu.pl\/?page_id=1820","title":{"rendered":"Samopompuj\u0105cy si\u0119 balon"},"content":{"rendered":"<h4><strong>Czego potrzebujemy?<\/strong><\/h4>\n<p><img fetchpriority=\"high\" decoding=\"async\" class=\"aligncenter wp-image-1825\" src=\"http:\/\/www.knichip.pw.edu.pl\/wp-content\/uploads\/2019\/11\/balon1.jpg\" alt=\"\" width=\"500\" height=\"667\" srcset=\"https:\/\/www.knichip.pw.edu.pl\/wp-content\/uploads\/2019\/11\/balon1.jpg 720w, https:\/\/www.knichip.pw.edu.pl\/wp-content\/uploads\/2019\/11\/balon1-225x300.jpg 225w\" sizes=\"(max-width: 500px) 100vw, 500px\" \/><\/p>\n<p><strong>Odczynniki:<\/strong><\/p>\n<ul>\n<li>Ocet<\/li>\n<li>Soda oczyszczona<\/li>\n<\/ul>\n<p><strong>Sprz\u0119t:<\/strong><\/p>\n<ul>\n<li>Pusta butelka<\/li>\n<li>Balon<\/li>\n<li>\u0141y\u017ceczka<\/li>\n<\/ul>\n<h4><strong>Wykonanie<\/strong><\/h4>\n<p>1. Do butelki wlewamy ocet.<\/p>\n<p><img decoding=\"async\" class=\"aligncenter wp-image-1827\" src=\"http:\/\/www.knichip.pw.edu.pl\/wp-content\/uploads\/2019\/11\/balon3.jpg\" alt=\"\" width=\"500\" height=\"667\" srcset=\"https:\/\/www.knichip.pw.edu.pl\/wp-content\/uploads\/2019\/11\/balon3.jpg 720w, https:\/\/www.knichip.pw.edu.pl\/wp-content\/uploads\/2019\/11\/balon3-225x300.jpg 225w\" sizes=\"(max-width: 500px) 100vw, 500px\" \/><\/p>\n<p>2. Do balona wrzucamy dwie \u0142y\u017ceczki sody oczyszczonej.<\/p>\n<p><img decoding=\"async\" class=\"aligncenter wp-image-1826\" src=\"http:\/\/www.knichip.pw.edu.pl\/wp-content\/uploads\/2019\/11\/balon2.jpg\" alt=\"\" width=\"500\" height=\"667\" srcset=\"https:\/\/www.knichip.pw.edu.pl\/wp-content\/uploads\/2019\/11\/balon2.jpg 720w, https:\/\/www.knichip.pw.edu.pl\/wp-content\/uploads\/2019\/11\/balon2-225x300.jpg 225w\" sizes=\"(max-width: 500px) 100vw, 500px\" \/><\/p>\n<p>3. Na szyjk\u0119 od butelki nak\u0142adamy balon z sod\u0105.<\/p>\n<p><img loading=\"lazy\" decoding=\"async\" class=\"aligncenter wp-image-1828\" src=\"http:\/\/www.knichip.pw.edu.pl\/wp-content\/uploads\/2019\/11\/balon4.jpg\" alt=\"\" width=\"500\" height=\"667\" srcset=\"https:\/\/www.knichip.pw.edu.pl\/wp-content\/uploads\/2019\/11\/balon4.jpg 720w, https:\/\/www.knichip.pw.edu.pl\/wp-content\/uploads\/2019\/11\/balon4-225x300.jpg 225w\" sizes=\"(max-width: 500px) 100vw, 500px\" \/><\/p>\n<p>4. Sod\u0119 z balonu przerzucamy do octu i czekamy na efekt.<\/p>\n<p><img loading=\"lazy\" decoding=\"async\" class=\"aligncenter wp-image-1831\" src=\"http:\/\/www.knichip.pw.edu.pl\/wp-content\/uploads\/2019\/11\/balon5.jpg\" alt=\"\" width=\"500\" height=\"889\" srcset=\"https:\/\/www.knichip.pw.edu.pl\/wp-content\/uploads\/2019\/11\/balon5.jpg 540w, https:\/\/www.knichip.pw.edu.pl\/wp-content\/uploads\/2019\/11\/balon5-169x300.jpg 169w\" sizes=\"(max-width: 500px) 100vw, 500px\" \/><\/p>\n<p><img loading=\"lazy\" decoding=\"async\" class=\"aligncenter wp-image-1832\" src=\"http:\/\/www.knichip.pw.edu.pl\/wp-content\/uploads\/2019\/11\/balon6.jpg\" alt=\"\" width=\"500\" height=\"667\" srcset=\"https:\/\/www.knichip.pw.edu.pl\/wp-content\/uploads\/2019\/11\/balon6.jpg 720w, https:\/\/www.knichip.pw.edu.pl\/wp-content\/uploads\/2019\/11\/balon6-225x300.jpg 225w\" sizes=\"(max-width: 500px) 100vw, 500px\" \/><\/p>\n<h4><strong>Wyt\u0142umaczenie<\/strong><\/h4>\n<p style=\"text-align: justify;\">Przy po\u0142\u0105czeniu sody oczyszczonej z octem nast\u0119puje reakcja chemiczna kwasu octowego z&nbsp;w\u0119glanem sodu. Jest to reakcja zoboj\u0119tniania, w wyniku kt\u00f3rej intensywnie wydziela si\u0119 dwutlenek w\u0119gla, kt\u00f3rym zostaje napompowany nasz balon.<\/p>\n<span class=\"katex-eq\" data-katex-display=\"false\">NaHCO_3 + CH_3COOH \\rightarrow CH_3COONa + H_2O + CO_2<\/span>\n<p>W\u0119glan sodu + kwas octowy <span class=\"katex-eq\" data-katex-display=\"false\">\\rightarrow<\/span> octan sodu + woda + dwutlenek w\u0119gla<\/p>\n<h4><strong>Filmik<\/strong><\/h4>\n<div style=\"width: 854px;\" class=\"wp-video\"><!--[if lt IE 9]><script>document.createElement('video');<\/script><![endif]-->\n<video class=\"wp-video-shortcode\" id=\"video-1820-1\" width=\"854\" height=\"480\" preload=\"metadata\" controls=\"controls\"><source type=\"video\/mp4\" src=\"http:\/\/www.knichip.pw.edu.pl\/wp-content\/uploads\/2019\/11\/BalonFilm.mp4?_=1\" \/><a href=\"http:\/\/www.knichip.pw.edu.pl\/wp-content\/uploads\/2019\/11\/BalonFilm.mp4\">http:\/\/www.knichip.pw.edu.pl\/wp-content\/uploads\/2019\/11\/BalonFilm.mp4<\/a><\/video><\/div>\n","protected":false},"excerpt":{"rendered":"<p>Czego potrzebujemy? Odczynniki: Ocet Soda oczyszczona Sprz\u0119t: Pusta butelka Balon \u0141y\u017ceczka Wykonanie 1. Do butelki wlewamy ocet. 2. Do balona wrzucamy dwie \u0142y\u017ceczki sody oczyszczonej. 3. Na szyjk\u0119 od butelki nak\u0142adamy balon z sod\u0105. 4. Sod\u0119 z balonu przerzucamy do octu i czekamy na efekt. Wyt\u0142umaczenie Przy po\u0142\u0105czeniu sody oczyszczonej z octem nast\u0119puje reakcja chemiczna &#8230; <a title=\"Samopompuj\u0105cy si\u0119 balon\" class=\"read-more\" href=\"https:\/\/www.knichip.pw.edu.pl\/?page_id=1820\" aria-label=\"Read more about Samopompuj\u0105cy si\u0119 balon\">Dowiedz si\u0119 wi\u0119cej<\/a><\/p>\n","protected":false},"author":20,"featured_media":0,"parent":0,"menu_order":0,"comment_status":"closed","ping_status":"closed","template":"","meta":{"footnotes":""},"class_list":["post-1820","page","type-page","status-publish"],"_links":{"self":[{"href":"https:\/\/www.knichip.pw.edu.pl\/index.php?rest_route=\/wp\/v2\/pages\/1820","targetHints":{"allow":["GET"]}}],"collection":[{"href":"https:\/\/www.knichip.pw.edu.pl\/index.php?rest_route=\/wp\/v2\/pages"}],"about":[{"href":"https:\/\/www.knichip.pw.edu.pl\/index.php?rest_route=\/wp\/v2\/types\/page"}],"author":[{"embeddable":true,"href":"https:\/\/www.knichip.pw.edu.pl\/index.php?rest_route=\/wp\/v2\/users\/20"}],"replies":[{"embeddable":true,"href":"https:\/\/www.knichip.pw.edu.pl\/index.php?rest_route=%2Fwp%2Fv2%2Fcomments&post=1820"}],"version-history":[{"count":24,"href":"https:\/\/www.knichip.pw.edu.pl\/index.php?rest_route=\/wp\/v2\/pages\/1820\/revisions"}],"predecessor-version":[{"id":1858,"href":"https:\/\/www.knichip.pw.edu.pl\/index.php?rest_route=\/wp\/v2\/pages\/1820\/revisions\/1858"}],"wp:attachment":[{"href":"https:\/\/www.knichip.pw.edu.pl\/index.php?rest_route=%2Fwp%2Fv2%2Fmedia&parent=1820"}],"curies":[{"name":"wp","href":"https:\/\/api.w.org\/{rel}","templated":true}]}}