{"id":1978,"date":"2020-10-22T13:13:43","date_gmt":"2020-10-22T12:13:43","guid":{"rendered":"http:\/\/www.knichip.pw.edu.pl\/?page_id=1978"},"modified":"2020-10-22T13:14:45","modified_gmt":"2020-10-22T12:14:45","slug":"konik-2020","status":"publish","type":"page","link":"https:\/\/www.knichip.pw.edu.pl\/?page_id=1978","title":{"rendered":"KONIK 2020"},"content":{"rendered":"<p><br \/><br \/><!--StartFragment--><\/p>\n\n\n<p><strong>KONIK 2020<\/strong><\/p>\n\n\n\n<p>Jak co roku na Targach K\u00f3\u0142 Naukowych i Organizacji Studenckich KONIK zach\u0119cali\u015bmy nowych student\u00f3w oraz maturzyst\u00f3w do anga\u017cowania si\u0119 w organizacje studenckie, w tym ko\u0142a naukowe. Chcieli\u015bmy pokaza\u0107, co mo\u017cna robi\u0107 na politechnice po godzinach. Wyj\u0105tkowo wydarzenie odby\u0142o si\u0119 online, a zamiast pobytu fizycznego w Gmachu G\u0142\u00f3wnym Politechniki Warszawskiej, mo\u017cna by\u0142o odwiedzi\u0107 nasze wirtualne stoisko w grze internetowej \ud83d\ude00<a href=\"https:\/\/rkn.sspw.pl\/konikgame?fbclid=IwAR0aXvaC4vAE8LMwgGYJ1nywpRFsKyoQm0MRfTspeef6fQKpcBKJELhypjo\">https:\/\/rkn.sspw.pl\/konikgame?fbclid=IwAR0aXvaC4vAE8LMwgGYJ1nywpRFsKyoQm0MRfTspeef6fQKpcBKJELhypjo<\/a> <\/p>\n\n\n\n<figure class=\"wp-block-image\"><img fetchpriority=\"high\" decoding=\"async\" width=\"989\" height=\"684\" src=\"http:\/\/www.knichip.pw.edu.pl\/wp-content\/uploads\/2020\/10\/konik.png\" alt=\"\" class=\"wp-image-1970\" srcset=\"https:\/\/www.knichip.pw.edu.pl\/wp-content\/uploads\/2020\/10\/konik.png 989w, https:\/\/www.knichip.pw.edu.pl\/wp-content\/uploads\/2020\/10\/konik-300x207.png 300w, https:\/\/www.knichip.pw.edu.pl\/wp-content\/uploads\/2020\/10\/konik-768x531.png 768w\" sizes=\"(max-width: 989px) 100vw, 989px\" \/><figcaption>Stoisko KN IChiP w wirtualnej grze \ud83d\ude09<\/figcaption><\/figure>\n\n\n\n<p>Podczas wydarzenia 10-11.10.2020 byli\u015bmy tak\u017ce dost\u0119pni na czacie Teams, gdzie mo\u017cna by\u0142o kierowa\u0107 do nas pytania \ud83d\ude09 . G\u0142\u00f3wnie przedstawili\u015bmy nasz\u0105 instalacj\u0119 do produkcji piwa, kt\u00f3ra by\u0142a widoczna na naszym wirtualnym stoisku, a tak\u017ce inne projekty takie jak myd\u0142o zero waste i produkcj\u0119 mleka ro\u015blinnego. Podczas udzielonego dla zainteresowanych wywiadu pokazali\u015bmy tak\u017ce, \u017ce organizujemy pokazy dla dzieci i m\u0142odzie\u017cy oraz organizujemy konferencj\u0119 EYEC.<\/p>\n\n\n\n<p>Koordynatork\u0105 tegorocznej edycji by\u0142a Sandra Mochtak.<\/p>\n\n\n\n<p>Dzi\u0119kujemy wszystkim za zorganizowanie tego wydarzenia w formie online oraz za zainteresowanie naszym ko\u0142em naukowym. Widzimy si\u0119 za rok! \ud83d\ude09 <\/p>\n\n\n\n<div class=\"wp-block-image\"><figure class=\"aligncenter\"><img decoding=\"async\" width=\"600\" height=\"797\" src=\"http:\/\/www.knichip.pw.edu.pl\/wp-content\/uploads\/2020\/10\/KONIK2020-1-_2.png\" alt=\"\" class=\"wp-image-1971\" srcset=\"https:\/\/www.knichip.pw.edu.pl\/wp-content\/uploads\/2020\/10\/KONIK2020-1-_2.png 600w, https:\/\/www.knichip.pw.edu.pl\/wp-content\/uploads\/2020\/10\/KONIK2020-1-_2-226x300.png 226w\" sizes=\"(max-width: 600px) 100vw, 600px\" \/><\/figure><\/div>\n\n\n<p><!--EndFragment--><br>\n<br>\n<\/p>","protected":false},"excerpt":{"rendered":"<p>KONIK 2020 Jak co roku na Targach K\u00f3\u0142 Naukowych i Organizacji Studenckich KONIK zach\u0119cali\u015bmy nowych student\u00f3w oraz maturzyst\u00f3w do anga\u017cowania si\u0119 w organizacje studenckie, w tym ko\u0142a naukowe. Chcieli\u015bmy pokaza\u0107, co mo\u017cna robi\u0107 na politechnice po godzinach. Wyj\u0105tkowo wydarzenie odby\u0142o si\u0119 online, a zamiast pobytu fizycznego w Gmachu G\u0142\u00f3wnym Politechniki Warszawskiej, mo\u017cna by\u0142o odwiedzi\u0107 nasze &#8230; <a title=\"KONIK 2020\" class=\"read-more\" href=\"https:\/\/www.knichip.pw.edu.pl\/?page_id=1978\" aria-label=\"Read more about KONIK 2020\">Dowiedz si\u0119 wi\u0119cej<\/a><\/p>\n","protected":false},"author":21,"featured_media":0,"parent":0,"menu_order":0,"comment_status":"closed","ping_status":"closed","template":"","meta":{"footnotes":""},"class_list":["post-1978","page","type-page","status-publish"],"_links":{"self":[{"href":"https:\/\/www.knichip.pw.edu.pl\/index.php?rest_route=\/wp\/v2\/pages\/1978","targetHints":{"allow":["GET"]}}],"collection":[{"href":"https:\/\/www.knichip.pw.edu.pl\/index.php?rest_route=\/wp\/v2\/pages"}],"about":[{"href":"https:\/\/www.knichip.pw.edu.pl\/index.php?rest_route=\/wp\/v2\/types\/page"}],"author":[{"embeddable":true,"href":"https:\/\/www.knichip.pw.edu.pl\/index.php?rest_route=\/wp\/v2\/users\/21"}],"replies":[{"embeddable":true,"href":"https:\/\/www.knichip.pw.edu.pl\/index.php?rest_route=%2Fwp%2Fv2%2Fcomments&post=1978"}],"version-history":[{"count":2,"href":"https:\/\/www.knichip.pw.edu.pl\/index.php?rest_route=\/wp\/v2\/pages\/1978\/revisions"}],"predecessor-version":[{"id":1982,"href":"https:\/\/www.knichip.pw.edu.pl\/index.php?rest_route=\/wp\/v2\/pages\/1978\/revisions\/1982"}],"wp:attachment":[{"href":"https:\/\/www.knichip.pw.edu.pl\/index.php?rest_route=%2Fwp%2Fv2%2Fmedia&parent=1978"}],"curies":[{"name":"wp","href":"https:\/\/api.w.org\/{rel}","templated":true}]}}