{"id":1987,"date":"2020-10-23T14:36:36","date_gmt":"2020-10-23T13:36:36","guid":{"rendered":"http:\/\/www.knichip.pw.edu.pl\/?page_id=1987"},"modified":"2020-10-23T14:39:17","modified_gmt":"2020-10-23T13:39:17","slug":"struna-2019","status":"publish","type":"page","link":"https:\/\/www.knichip.pw.edu.pl\/?page_id=1987","title":{"rendered":"StRuNa 2019"},"content":{"rendered":"\n<p>Pierwszy wywiad ju\u017c dost\u0119pny! <\/p>\n\n\n\n<p>Zach\u0119camy do obejrzenia &#8211; mo\u017cna si\u0119 dowiedzie\u0107 co nieco o naszej konferencji EYEC, na kt\u00f3r\u0105 serdecznie zapraszamy! <\/p>\n\n\n\n<p>Opr\u00f3cz wywiadu jest te\u017c prezentacja Janka na konkursie StRuNa, gdzie wyja\u015bniamy, dlaczego EYEC jest taki wyj\u0105tkowy. Mamy nadziej\u0119, \u017ce si\u0119 podoba! <\/p>\n\n\n\n<p> A ju\u017c nied\u0142ugo drugi wywiad, gdzie opowiemy mi\u0119dzy innymi o projekcie IChiPiwo.<\/p>\n\n\n\n<p><a href=\"https:\/\/www.youtube.com\/watch?v=hngJil2I720&amp;feature=youtu.be&amp;fbclid=IwAR1NyVd3D7C0Ugh4_sPGiaRIoeC0VL2W51KRzzhnRZHa_OgV4scdhB81Sdc\">https:\/\/www.youtube.com\/watch?v=hngJil2I720&amp;feature=youtu.be&amp;fbclid=IwAR1NyVd3D7C0Ugh4_sPGiaRIoeC0VL2W51KRzzhnRZHa_OgV4scdhB81Sdc<\/a><\/p>\n\n\n<p><!--EndFragment--><br>\n<br>\n<\/p>","protected":false},"excerpt":{"rendered":"<p>Pierwszy wywiad ju\u017c dost\u0119pny! Zach\u0119camy do obejrzenia &#8211; mo\u017cna si\u0119 dowiedzie\u0107 co nieco o naszej konferencji EYEC, na kt\u00f3r\u0105 serdecznie zapraszamy! Opr\u00f3cz wywiadu jest te\u017c prezentacja Janka na konkursie StRuNa, gdzie wyja\u015bniamy, dlaczego EYEC jest taki wyj\u0105tkowy. Mamy nadziej\u0119, \u017ce si\u0119 podoba! A ju\u017c nied\u0142ugo drugi wywiad, gdzie opowiemy mi\u0119dzy innymi o projekcie IChiPiwo. https:\/\/www.youtube.com\/watch?v=hngJil2I720&amp;feature=youtu.be&amp;fbclid=IwAR1NyVd3D7C0Ugh4_sPGiaRIoeC0VL2W51KRzzhnRZHa_OgV4scdhB81Sdc<\/p>\n","protected":false},"author":21,"featured_media":0,"parent":0,"menu_order":0,"comment_status":"closed","ping_status":"closed","template":"","meta":{"footnotes":""},"class_list":["post-1987","page","type-page","status-publish"],"_links":{"self":[{"href":"https:\/\/www.knichip.pw.edu.pl\/index.php?rest_route=\/wp\/v2\/pages\/1987","targetHints":{"allow":["GET"]}}],"collection":[{"href":"https:\/\/www.knichip.pw.edu.pl\/index.php?rest_route=\/wp\/v2\/pages"}],"about":[{"href":"https:\/\/www.knichip.pw.edu.pl\/index.php?rest_route=\/wp\/v2\/types\/page"}],"author":[{"embeddable":true,"href":"https:\/\/www.knichip.pw.edu.pl\/index.php?rest_route=\/wp\/v2\/users\/21"}],"replies":[{"embeddable":true,"href":"https:\/\/www.knichip.pw.edu.pl\/index.php?rest_route=%2Fwp%2Fv2%2Fcomments&post=1987"}],"version-history":[{"count":2,"href":"https:\/\/www.knichip.pw.edu.pl\/index.php?rest_route=\/wp\/v2\/pages\/1987\/revisions"}],"predecessor-version":[{"id":1998,"href":"https:\/\/www.knichip.pw.edu.pl\/index.php?rest_route=\/wp\/v2\/pages\/1987\/revisions\/1998"}],"wp:attachment":[{"href":"https:\/\/www.knichip.pw.edu.pl\/index.php?rest_route=%2Fwp%2Fv2%2Fmedia&parent=1987"}],"curies":[{"name":"wp","href":"https:\/\/api.w.org\/{rel}","templated":true}]}}