{"id":1989,"date":"2020-10-23T14:36:36","date_gmt":"2020-10-23T13:36:36","guid":{"rendered":"http:\/\/www.knichip.pw.edu.pl\/?page_id=1989"},"modified":"2020-10-23T14:38:32","modified_gmt":"2020-10-23T13:38:32","slug":"struna-2016","status":"publish","type":"page","link":"https:\/\/www.knichip.pw.edu.pl\/?page_id=1989","title":{"rendered":"StRuNa 2016"},"content":{"rendered":"\n<p>Nasze Ko\u0142o Naukowe wygra\u0142o w konkursie StRuNa 2016 w kategorii Najlepsza Konferencja Roku oraz otrzyma\u0142a wyr\u00f3\u017cnienie w kategorii Ko\u0142a Naukowego Roku i Projekt Roku. Uroczysto\u015b\u0107 wr\u0119czenia nagr\u00f3d odby\u0142a si\u0119 27.01.2017 r. w budynku Ministerstwa Nauki i Szkolnictwa Wy\u017cszego.<\/p>\n\n\n\n<ul class=\"wp-block-gallery columns-2 is-cropped wp-block-gallery-1 is-layout-flex wp-block-gallery-is-layout-flex\"><li class=\"blocks-gallery-item\"><figure><a href=\"http:\/\/www.knichip.pw.edu.pl\/wp-content\/uploads\/2017\/01\/16326325_1631821703501214_84114801_o.jpg\"><img fetchpriority=\"high\" decoding=\"async\" width=\"2048\" height=\"1152\" src=\"http:\/\/www.knichip.pw.edu.pl\/wp-content\/uploads\/2017\/01\/16326325_1631821703501214_84114801_o.jpg\" alt=\"\" data-id=\"1412\" class=\"wp-image-1412\" srcset=\"https:\/\/www.knichip.pw.edu.pl\/wp-content\/uploads\/2017\/01\/16326325_1631821703501214_84114801_o.jpg 2048w, https:\/\/www.knichip.pw.edu.pl\/wp-content\/uploads\/2017\/01\/16326325_1631821703501214_84114801_o-300x169.jpg 300w, https:\/\/www.knichip.pw.edu.pl\/wp-content\/uploads\/2017\/01\/16326325_1631821703501214_84114801_o-768x432.jpg 768w, https:\/\/www.knichip.pw.edu.pl\/wp-content\/uploads\/2017\/01\/16326325_1631821703501214_84114801_o-1024x576.jpg 1024w\" sizes=\"(max-width: 2048px) 100vw, 2048px\" \/><\/a><\/figure><\/li><li class=\"blocks-gallery-item\"><figure><a href=\"http:\/\/www.knichip.pw.edu.pl\/wp-content\/uploads\/2017\/01\/16325449_1631821690167882_790795122_o.jpg\"><img decoding=\"async\" width=\"1920\" height=\"1080\" src=\"http:\/\/www.knichip.pw.edu.pl\/wp-content\/uploads\/2017\/01\/16325449_1631821690167882_790795122_o.jpg\" alt=\"\" data-id=\"1413\" class=\"wp-image-1413\" srcset=\"https:\/\/www.knichip.pw.edu.pl\/wp-content\/uploads\/2017\/01\/16325449_1631821690167882_790795122_o.jpg 1920w, https:\/\/www.knichip.pw.edu.pl\/wp-content\/uploads\/2017\/01\/16325449_1631821690167882_790795122_o-300x169.jpg 300w, https:\/\/www.knichip.pw.edu.pl\/wp-content\/uploads\/2017\/01\/16325449_1631821690167882_790795122_o-768x432.jpg 768w, https:\/\/www.knichip.pw.edu.pl\/wp-content\/uploads\/2017\/01\/16325449_1631821690167882_790795122_o-1024x576.jpg 1024w\" sizes=\"(max-width: 1920px) 100vw, 1920px\" \/><\/a><\/figure><\/li><\/ul>\n","protected":false},"excerpt":{"rendered":"<p>Nasze Ko\u0142o Naukowe wygra\u0142o w konkursie StRuNa 2016 w kategorii Najlepsza Konferencja Roku oraz otrzyma\u0142a wyr\u00f3\u017cnienie w kategorii Ko\u0142a Naukowego Roku i Projekt Roku. Uroczysto\u015b\u0107 wr\u0119czenia nagr\u00f3d odby\u0142a si\u0119 27.01.2017 r. w budynku Ministerstwa Nauki i Szkolnictwa Wy\u017cszego.<\/p>\n","protected":false},"author":21,"featured_media":0,"parent":0,"menu_order":0,"comment_status":"closed","ping_status":"closed","template":"","meta":{"footnotes":""},"class_list":["post-1989","page","type-page","status-publish"],"_links":{"self":[{"href":"https:\/\/www.knichip.pw.edu.pl\/index.php?rest_route=\/wp\/v2\/pages\/1989","targetHints":{"allow":["GET"]}}],"collection":[{"href":"https:\/\/www.knichip.pw.edu.pl\/index.php?rest_route=\/wp\/v2\/pages"}],"about":[{"href":"https:\/\/www.knichip.pw.edu.pl\/index.php?rest_route=\/wp\/v2\/types\/page"}],"author":[{"embeddable":true,"href":"https:\/\/www.knichip.pw.edu.pl\/index.php?rest_route=\/wp\/v2\/users\/21"}],"replies":[{"embeddable":true,"href":"https:\/\/www.knichip.pw.edu.pl\/index.php?rest_route=%2Fwp%2Fv2%2Fcomments&post=1989"}],"version-history":[{"count":2,"href":"https:\/\/www.knichip.pw.edu.pl\/index.php?rest_route=\/wp\/v2\/pages\/1989\/revisions"}],"predecessor-version":[{"id":1997,"href":"https:\/\/www.knichip.pw.edu.pl\/index.php?rest_route=\/wp\/v2\/pages\/1989\/revisions\/1997"}],"wp:attachment":[{"href":"https:\/\/www.knichip.pw.edu.pl\/index.php?rest_route=%2Fwp%2Fv2%2Fmedia&parent=1989"}],"curies":[{"name":"wp","href":"https:\/\/api.w.org\/{rel}","templated":true}]}}