{"id":2013,"date":"2021-01-01T18:25:23","date_gmt":"2021-01-01T17:25:23","guid":{"rendered":"http:\/\/www.knichip.pw.edu.pl\/?page_id=2013"},"modified":"2021-01-01T18:43:06","modified_gmt":"2021-01-01T17:43:06","slug":"piknik-nauki-2019","status":"publish","type":"page","link":"https:\/\/www.knichip.pw.edu.pl\/?page_id=2013","title":{"rendered":"Piknik Nauki 2019"},"content":{"rendered":"\n<p>To by\u0142 pracowity weekend dla cz\u0142onk\u00f3w naszego Ko\u0142a &#8211; przez ca\u0142\u0105 sobot\u0119 byli\u015bmy obecni na terenie Stadionu Narodowego, gdzie odbywa\u0142 si\u0119 <a href=\"https:\/\/www.facebook.com\/events\/546062069134211\/?__cft__[0]=AZUJz1RAwX3Zo37cis5RGFLWId138bGOeXr5w-v79TIF2NoUmboNUJGo_Eqvt0GaxIhXVxBtad7S7a2IJdnNfyRNlv1a67x_uXTe9tJp8XSbdlDna40CcVYIZunCtihpFyNhecQA7mSt9OrXZrMMLNmc&amp;__tn__=-UK-R\">23. Piknik Naukowy \u201eMy i Maszyny\u201d<\/a>. Na stanowisku przedstawili\u015bmy budow\u0119 i zasad\u0119 dzia\u0142ania m.in. cyklonu, podno\u015bnika hydraulicznego czy z\u0142o\u017ca fluidalnego, a tak\u017ce om\u00f3wili\u015bmy przep\u0142yw Taylora-Couette&#8217;a i dzia\u0142anie czujnik\u00f3w temperatury. Odwiedzaj\u0105cym dzi\u0119kujemy za ogromne zainteresowanie naszym stoiskiem i dzia\u0142alno\u015bci\u0105, a cz\u0142onkom Ko\u0142a za zaanga\u017cowanie w przygotowania i pokazy. Do zobaczenia na kolejnej edycji! <\/p>\n\n\n\n<div class=\"wp-block-image\"><figure class=\"aligncenter\"><img fetchpriority=\"high\" decoding=\"async\" width=\"768\" height=\"1024\" src=\"http:\/\/www.knichip.pw.edu.pl\/wp-content\/uploads\/2021\/01\/1-1-768x1024.jpg\" alt=\"\" class=\"wp-image-2018\" srcset=\"https:\/\/www.knichip.pw.edu.pl\/wp-content\/uploads\/2021\/01\/1-1-768x1024.jpg 768w, https:\/\/www.knichip.pw.edu.pl\/wp-content\/uploads\/2021\/01\/1-1-225x300.jpg 225w, https:\/\/www.knichip.pw.edu.pl\/wp-content\/uploads\/2021\/01\/1-1.jpg 1536w\" sizes=\"(max-width: 768px) 100vw, 768px\" \/><\/figure><\/div>\n\n\n\n<div class=\"wp-block-image\"><figure class=\"aligncenter\"><img decoding=\"async\" width=\"768\" height=\"1024\" src=\"http:\/\/www.knichip.pw.edu.pl\/wp-content\/uploads\/2021\/01\/2-1-768x1024.jpg\" alt=\"\" class=\"wp-image-2019\" srcset=\"https:\/\/www.knichip.pw.edu.pl\/wp-content\/uploads\/2021\/01\/2-1-768x1024.jpg 768w, https:\/\/www.knichip.pw.edu.pl\/wp-content\/uploads\/2021\/01\/2-1-225x300.jpg 225w, https:\/\/www.knichip.pw.edu.pl\/wp-content\/uploads\/2021\/01\/2-1.jpg 1536w\" sizes=\"(max-width: 768px) 100vw, 768px\" \/><\/figure><\/div>\n\n\n\n<div class=\"wp-block-image\"><figure class=\"aligncenter\"><img decoding=\"async\" width=\"768\" height=\"1024\" src=\"http:\/\/www.knichip.pw.edu.pl\/wp-content\/uploads\/2021\/01\/3-768x1024.jpg\" alt=\"\" class=\"wp-image-2020\" srcset=\"https:\/\/www.knichip.pw.edu.pl\/wp-content\/uploads\/2021\/01\/3-768x1024.jpg 768w, https:\/\/www.knichip.pw.edu.pl\/wp-content\/uploads\/2021\/01\/3-225x300.jpg 225w, https:\/\/www.knichip.pw.edu.pl\/wp-content\/uploads\/2021\/01\/3.jpg 1536w\" sizes=\"(max-width: 768px) 100vw, 768px\" \/><\/figure><\/div>\n\n\n\n<div class=\"wp-block-image\"><figure class=\"aligncenter\"><img loading=\"lazy\" decoding=\"async\" width=\"1024\" height=\"768\" src=\"http:\/\/www.knichip.pw.edu.pl\/wp-content\/uploads\/2021\/01\/4-1024x768.jpg\" alt=\"\" class=\"wp-image-2021\" srcset=\"https:\/\/www.knichip.pw.edu.pl\/wp-content\/uploads\/2021\/01\/4-1024x768.jpg 1024w, https:\/\/www.knichip.pw.edu.pl\/wp-content\/uploads\/2021\/01\/4-300x225.jpg 300w, https:\/\/www.knichip.pw.edu.pl\/wp-content\/uploads\/2021\/01\/4-768x576.jpg 768w, https:\/\/www.knichip.pw.edu.pl\/wp-content\/uploads\/2021\/01\/4.jpg 2048w\" sizes=\"(max-width: 1024px) 100vw, 1024px\" \/><\/figure><\/div>\n\n\n\n<div class=\"wp-block-image\"><figure class=\"aligncenter\"><img loading=\"lazy\" decoding=\"async\" width=\"541\" height=\"960\" src=\"http:\/\/www.knichip.pw.edu.pl\/wp-content\/uploads\/2021\/01\/5.jpg\" alt=\"\" class=\"wp-image-2022\" srcset=\"https:\/\/www.knichip.pw.edu.pl\/wp-content\/uploads\/2021\/01\/5.jpg 541w, https:\/\/www.knichip.pw.edu.pl\/wp-content\/uploads\/2021\/01\/5-169x300.jpg 169w\" sizes=\"(max-width: 541px) 100vw, 541px\" \/><\/figure><\/div>\n\n\n\n<div class=\"wp-block-image\"><figure class=\"aligncenter\"><img loading=\"lazy\" decoding=\"async\" width=\"960\" height=\"542\" src=\"http:\/\/www.knichip.pw.edu.pl\/wp-content\/uploads\/2021\/01\/6.jpg\" alt=\"\" class=\"wp-image-2023\" srcset=\"https:\/\/www.knichip.pw.edu.pl\/wp-content\/uploads\/2021\/01\/6.jpg 960w, https:\/\/www.knichip.pw.edu.pl\/wp-content\/uploads\/2021\/01\/6-300x169.jpg 300w, https:\/\/www.knichip.pw.edu.pl\/wp-content\/uploads\/2021\/01\/6-768x434.jpg 768w\" sizes=\"(max-width: 960px) 100vw, 960px\" \/><\/figure><\/div>\n\n\n\n<div class=\"wp-block-image\"><figure class=\"aligncenter\"><img loading=\"lazy\" decoding=\"async\" width=\"1024\" height=\"768\" src=\"http:\/\/www.knichip.pw.edu.pl\/wp-content\/uploads\/2021\/01\/7-1024x768.jpg\" alt=\"\" class=\"wp-image-2024\" srcset=\"https:\/\/www.knichip.pw.edu.pl\/wp-content\/uploads\/2021\/01\/7-1024x768.jpg 1024w, https:\/\/www.knichip.pw.edu.pl\/wp-content\/uploads\/2021\/01\/7-300x225.jpg 300w, https:\/\/www.knichip.pw.edu.pl\/wp-content\/uploads\/2021\/01\/7-768x576.jpg 768w, https:\/\/www.knichip.pw.edu.pl\/wp-content\/uploads\/2021\/01\/7.jpg 2048w\" sizes=\"(max-width: 1024px) 100vw, 1024px\" \/><\/figure><\/div>\n","protected":false},"excerpt":{"rendered":"<p>To by\u0142 pracowity weekend dla cz\u0142onk\u00f3w naszego Ko\u0142a &#8211; przez ca\u0142\u0105 sobot\u0119 byli\u015bmy obecni na terenie Stadionu Narodowego, gdzie odbywa\u0142 si\u0119 23. Piknik Naukowy \u201eMy i Maszyny\u201d. Na stanowisku przedstawili\u015bmy budow\u0119 i zasad\u0119 dzia\u0142ania m.in. cyklonu, podno\u015bnika hydraulicznego czy z\u0142o\u017ca fluidalnego, a tak\u017ce om\u00f3wili\u015bmy przep\u0142yw Taylora-Couette&#8217;a i dzia\u0142anie czujnik\u00f3w temperatury. Odwiedzaj\u0105cym dzi\u0119kujemy za ogromne zainteresowanie &#8230; <a title=\"Piknik Nauki 2019\" class=\"read-more\" href=\"https:\/\/www.knichip.pw.edu.pl\/?page_id=2013\" aria-label=\"Read more about Piknik Nauki 2019\">Dowiedz si\u0119 wi\u0119cej<\/a><\/p>\n","protected":false},"author":21,"featured_media":0,"parent":0,"menu_order":0,"comment_status":"closed","ping_status":"closed","template":"","meta":{"footnotes":""},"class_list":["post-2013","page","type-page","status-publish"],"_links":{"self":[{"href":"https:\/\/www.knichip.pw.edu.pl\/index.php?rest_route=\/wp\/v2\/pages\/2013","targetHints":{"allow":["GET"]}}],"collection":[{"href":"https:\/\/www.knichip.pw.edu.pl\/index.php?rest_route=\/wp\/v2\/pages"}],"about":[{"href":"https:\/\/www.knichip.pw.edu.pl\/index.php?rest_route=\/wp\/v2\/types\/page"}],"author":[{"embeddable":true,"href":"https:\/\/www.knichip.pw.edu.pl\/index.php?rest_route=\/wp\/v2\/users\/21"}],"replies":[{"embeddable":true,"href":"https:\/\/www.knichip.pw.edu.pl\/index.php?rest_route=%2Fwp%2Fv2%2Fcomments&post=2013"}],"version-history":[{"count":2,"href":"https:\/\/www.knichip.pw.edu.pl\/index.php?rest_route=\/wp\/v2\/pages\/2013\/revisions"}],"predecessor-version":[{"id":2025,"href":"https:\/\/www.knichip.pw.edu.pl\/index.php?rest_route=\/wp\/v2\/pages\/2013\/revisions\/2025"}],"wp:attachment":[{"href":"https:\/\/www.knichip.pw.edu.pl\/index.php?rest_route=%2Fwp%2Fv2%2Fmedia&parent=2013"}],"curies":[{"name":"wp","href":"https:\/\/api.w.org\/{rel}","templated":true}]}}