{"id":2026,"date":"2021-01-01T18:46:57","date_gmt":"2021-01-01T17:46:57","guid":{"rendered":"http:\/\/www.knichip.pw.edu.pl\/?page_id=2026"},"modified":"2021-01-01T18:50:27","modified_gmt":"2021-01-01T17:50:27","slug":"festiwal-nauki-2018","status":"publish","type":"page","link":"https:\/\/www.knichip.pw.edu.pl\/?page_id=2026","title":{"rendered":"Festiwal nauki 2018"},"content":{"rendered":"\n<p> W ramach <a href=\"https:\/\/www.facebook.com\/events\/188658161777161\/?__cft__[0]=AZVzVJTB9RF7K816U4uJxixiI9MOINjNYsQFTr7okUIF2JGo1R-G5_flYwhY1UHI2r3Boioz2aLXPol7sW7wjj4eO4SKacVU9Mz7Q3WkHsoHVbj-YQxBKV0L-cMe_99c_P8GV0fRRK5nTOBnB2sVdBes&amp;__tn__=-UK-R\">22 Festiwal Nauki w Warszawie<\/a> przygotowali\u015bmy 2 lekcje festiwalowe dla uczni\u00f3w szk\u00f3\u0142 podstawowych: 25. wrze\u015bnia (wtorek) odby\u0142y si\u0119 zaj\u0119cia p.t. &#8222;Mi\u0119dzy magi\u0105 a nauk\u0105&#8221; &#8211; uczniowie mogli by\u0107 \u015bwiadkami oraz przeprowadza\u0107 do\u015bwiadczenia naukowe, kt\u00f3re od magii dzieli naprawd\u0119 niewiele.<\/p>\n\n\n\n<p> Budowali samolot z 2 kubk\u00f3w, odbijali ba\u0144ki mydlane, sporz\u0105dzali lamp\u0119 law\u0119 oraz pisali bateri\u0105 po kartkach. Byli tak\u017ce \u015bwiadkami spalania pieni\u0119dzy (bez ich niszczenia!), tworzenia sztucznej krwi oraz naprawiania prob\u00f3wek za pomoc\u0105 oleju &#8211; brzmi niewiarygodnie, a jednak! Kolejne zaj\u0119cia odby\u0142y si\u0119 w czwartek, 27. wrze\u015bnia. Tym razem cz\u0142onkowie naszego ko\u0142a przeprowadzali uczniom szkolenie na Tajnych Agent\u00f3w! Na pocz\u0105tku zaj\u0119\u0107 adepci zostali podzieleniu na grupy szkoleniowe i dostali Dokumenty Agenta, w kt\u00f3rych mieli zbiera\u0107 podpisy za odbyte etapy szkole\u0144. Na ka\u017cdym ze stanowisk musieli wykaza\u0107 si\u0119 umiej\u0119tno\u015bci\u0105 niezb\u0119dn\u0105 do zostania prawdziwym agentem &#8211; udowadniali swoj\u0105 szybko\u015b\u0107 na torze wy\u015bcigowym, odczytywali tajne informacje zapisane za pomoc\u0105 cytryny i mleka, szyfrowali wiadomo\u015bci z u\u017cyciem baterii, zbierali wskaz\u00f3wki z miejsca zbrodni i zostawiali tam fa\u0142szywe \u015blady, wykazywali si\u0119 delikatno\u015bci\u0105 i precyzj\u0105 przy zak\u0142adaniu pods\u0142uchu, a nawet w kr\u00f3tkim czasie musieli napompowa\u0107 balon do ucieczki (oczywi\u015bcie chemicznie, w ko\u0144cu agenci maj\u0105 wiedz\u0119 wszechstronn\u0105!). Po uko\u0144czeniu tych szkole\u0144 czeka\u0142o ich ostateczne zadanie&#8230; \u017beby uko\u0144czy\u0107 kurs ka\u017cdy z nich musia\u0142 rozbroi\u0107 bomb\u0119! \u0141atwo nie by\u0142o, ale chyba trafili\u015bmy na niesamowicie zdoln\u0105 grup\u0119, bo wszyscy uko\u0144czyli kurs z wynikiem pozytywnym \ud83d\ude09<\/p>\n\n\n\n<p> Wszystkim uczniom serdecznie gratulujemy zaanga\u017cowania i ciekawo\u015bci &#8211; ilo\u015b\u0107 zadawanych przez was pyta\u0144 by\u0142a zdumiewaj\u0105ca! Mamy nadziej\u0119, \u017ce zdo\u0142ali\u015bmy odpowiedzie\u0107 na wszystkie i zach\u0119ci\u0107 was do dalszych eksperyment\u00f3w! \ud83d\ude42<\/p>\n\n\n\n<div class=\"wp-block-image\"><figure class=\"aligncenter\"><img fetchpriority=\"high\" decoding=\"async\" width=\"1024\" height=\"578\" src=\"http:\/\/www.knichip.pw.edu.pl\/wp-content\/uploads\/2021\/01\/1-2-1024x578.jpg\" alt=\"\" class=\"wp-image-2033\" srcset=\"https:\/\/www.knichip.pw.edu.pl\/wp-content\/uploads\/2021\/01\/1-2-1024x578.jpg 1024w, https:\/\/www.knichip.pw.edu.pl\/wp-content\/uploads\/2021\/01\/1-2-300x169.jpg 300w, https:\/\/www.knichip.pw.edu.pl\/wp-content\/uploads\/2021\/01\/1-2-768x434.jpg 768w, https:\/\/www.knichip.pw.edu.pl\/wp-content\/uploads\/2021\/01\/1-2.jpg 2048w\" sizes=\"(max-width: 1024px) 100vw, 1024px\" \/><\/figure><\/div>\n\n\n\n<div class=\"wp-block-image\"><figure class=\"aligncenter\"><img decoding=\"async\" width=\"1024\" height=\"578\" src=\"http:\/\/www.knichip.pw.edu.pl\/wp-content\/uploads\/2021\/01\/2-2-1024x578.jpg\" alt=\"\" class=\"wp-image-2034\" srcset=\"https:\/\/www.knichip.pw.edu.pl\/wp-content\/uploads\/2021\/01\/2-2-1024x578.jpg 1024w, https:\/\/www.knichip.pw.edu.pl\/wp-content\/uploads\/2021\/01\/2-2-300x169.jpg 300w, https:\/\/www.knichip.pw.edu.pl\/wp-content\/uploads\/2021\/01\/2-2-768x434.jpg 768w, https:\/\/www.knichip.pw.edu.pl\/wp-content\/uploads\/2021\/01\/2-2.jpg 2048w\" sizes=\"(max-width: 1024px) 100vw, 1024px\" \/><\/figure><\/div>\n\n\n\n<div class=\"wp-block-image\"><figure class=\"aligncenter\"><img decoding=\"async\" width=\"1024\" height=\"578\" src=\"http:\/\/www.knichip.pw.edu.pl\/wp-content\/uploads\/2021\/01\/3-1-1024x578.jpg\" alt=\"\" class=\"wp-image-2035\" srcset=\"https:\/\/www.knichip.pw.edu.pl\/wp-content\/uploads\/2021\/01\/3-1-1024x578.jpg 1024w, https:\/\/www.knichip.pw.edu.pl\/wp-content\/uploads\/2021\/01\/3-1-300x169.jpg 300w, https:\/\/www.knichip.pw.edu.pl\/wp-content\/uploads\/2021\/01\/3-1-768x434.jpg 768w, https:\/\/www.knichip.pw.edu.pl\/wp-content\/uploads\/2021\/01\/3-1.jpg 2048w\" sizes=\"(max-width: 1024px) 100vw, 1024px\" \/><\/figure><\/div>\n\n\n\n<div class=\"wp-block-image\"><figure class=\"aligncenter\"><img loading=\"lazy\" decoding=\"async\" width=\"1024\" height=\"578\" src=\"http:\/\/www.knichip.pw.edu.pl\/wp-content\/uploads\/2021\/01\/4-1-1024x578.jpg\" alt=\"\" class=\"wp-image-2036\" srcset=\"https:\/\/www.knichip.pw.edu.pl\/wp-content\/uploads\/2021\/01\/4-1-1024x578.jpg 1024w, https:\/\/www.knichip.pw.edu.pl\/wp-content\/uploads\/2021\/01\/4-1-300x169.jpg 300w, https:\/\/www.knichip.pw.edu.pl\/wp-content\/uploads\/2021\/01\/4-1-768x434.jpg 768w, https:\/\/www.knichip.pw.edu.pl\/wp-content\/uploads\/2021\/01\/4-1.jpg 2048w\" sizes=\"(max-width: 1024px) 100vw, 1024px\" \/><\/figure><\/div>\n\n\n\n<div class=\"wp-block-image\"><figure class=\"aligncenter\"><img loading=\"lazy\" decoding=\"async\" width=\"1024\" height=\"578\" src=\"http:\/\/www.knichip.pw.edu.pl\/wp-content\/uploads\/2021\/01\/5-1-1024x578.jpg\" alt=\"\" class=\"wp-image-2038\" srcset=\"https:\/\/www.knichip.pw.edu.pl\/wp-content\/uploads\/2021\/01\/5-1-1024x578.jpg 1024w, https:\/\/www.knichip.pw.edu.pl\/wp-content\/uploads\/2021\/01\/5-1-300x169.jpg 300w, https:\/\/www.knichip.pw.edu.pl\/wp-content\/uploads\/2021\/01\/5-1-768x434.jpg 768w, https:\/\/www.knichip.pw.edu.pl\/wp-content\/uploads\/2021\/01\/5-1.jpg 2048w\" sizes=\"(max-width: 1024px) 100vw, 1024px\" \/><\/figure><\/div>\n\n\n\n<div class=\"wp-block-image\"><figure class=\"aligncenter\"><img loading=\"lazy\" decoding=\"async\" width=\"1024\" height=\"578\" src=\"http:\/\/www.knichip.pw.edu.pl\/wp-content\/uploads\/2021\/01\/6-1-1024x578.jpg\" alt=\"\" class=\"wp-image-2039\" srcset=\"https:\/\/www.knichip.pw.edu.pl\/wp-content\/uploads\/2021\/01\/6-1-1024x578.jpg 1024w, https:\/\/www.knichip.pw.edu.pl\/wp-content\/uploads\/2021\/01\/6-1-300x169.jpg 300w, https:\/\/www.knichip.pw.edu.pl\/wp-content\/uploads\/2021\/01\/6-1-768x434.jpg 768w, https:\/\/www.knichip.pw.edu.pl\/wp-content\/uploads\/2021\/01\/6-1.jpg 2048w\" sizes=\"(max-width: 1024px) 100vw, 1024px\" \/><\/figure><\/div>\n","protected":false},"excerpt":{"rendered":"<p>W ramach 22 Festiwal Nauki w Warszawie przygotowali\u015bmy 2 lekcje festiwalowe dla uczni\u00f3w szk\u00f3\u0142 podstawowych: 25. wrze\u015bnia (wtorek) odby\u0142y si\u0119 zaj\u0119cia p.t. &#8222;Mi\u0119dzy magi\u0105 a nauk\u0105&#8221; &#8211; uczniowie mogli by\u0107 \u015bwiadkami oraz przeprowadza\u0107 do\u015bwiadczenia naukowe, kt\u00f3re od magii dzieli naprawd\u0119 niewiele. Budowali samolot z 2 kubk\u00f3w, odbijali ba\u0144ki mydlane, sporz\u0105dzali lamp\u0119 law\u0119 oraz pisali bateri\u0105 &#8230; <a title=\"Festiwal nauki 2018\" class=\"read-more\" href=\"https:\/\/www.knichip.pw.edu.pl\/?page_id=2026\" aria-label=\"Read more about Festiwal nauki 2018\">Dowiedz si\u0119 wi\u0119cej<\/a><\/p>\n","protected":false},"author":21,"featured_media":0,"parent":0,"menu_order":0,"comment_status":"closed","ping_status":"closed","template":"","meta":{"footnotes":""},"class_list":["post-2026","page","type-page","status-publish"],"_links":{"self":[{"href":"https:\/\/www.knichip.pw.edu.pl\/index.php?rest_route=\/wp\/v2\/pages\/2026","targetHints":{"allow":["GET"]}}],"collection":[{"href":"https:\/\/www.knichip.pw.edu.pl\/index.php?rest_route=\/wp\/v2\/pages"}],"about":[{"href":"https:\/\/www.knichip.pw.edu.pl\/index.php?rest_route=\/wp\/v2\/types\/page"}],"author":[{"embeddable":true,"href":"https:\/\/www.knichip.pw.edu.pl\/index.php?rest_route=\/wp\/v2\/users\/21"}],"replies":[{"embeddable":true,"href":"https:\/\/www.knichip.pw.edu.pl\/index.php?rest_route=%2Fwp%2Fv2%2Fcomments&post=2026"}],"version-history":[{"count":2,"href":"https:\/\/www.knichip.pw.edu.pl\/index.php?rest_route=\/wp\/v2\/pages\/2026\/revisions"}],"predecessor-version":[{"id":2040,"href":"https:\/\/www.knichip.pw.edu.pl\/index.php?rest_route=\/wp\/v2\/pages\/2026\/revisions\/2040"}],"wp:attachment":[{"href":"https:\/\/www.knichip.pw.edu.pl\/index.php?rest_route=%2Fwp%2Fv2%2Fmedia&parent=2026"}],"curies":[{"name":"wp","href":"https:\/\/api.w.org\/{rel}","templated":true}]}}