{"id":2027,"date":"2021-01-01T18:46:57","date_gmt":"2021-01-01T17:46:57","guid":{"rendered":"http:\/\/www.knichip.pw.edu.pl\/?page_id=2027"},"modified":"2021-01-01T18:56:54","modified_gmt":"2021-01-01T17:56:54","slug":"piknik-naukowy-2018","status":"publish","type":"page","link":"https:\/\/www.knichip.pw.edu.pl\/?page_id=2027","title":{"rendered":"Piknik Naukowy 2018"},"content":{"rendered":"\n<p> KNICHIP wzi\u0105\u0142 udzia\u0142 w  <a href=\"https:\/\/www.facebook.com\/events\/1554904407942277\/?__cft__[0]=AZVnLvnTmgqcjtCrfs5AV-Uad5VXMpLQQ4VhUdmg1zDI_6P6hhRmbovmv5wYkISXd8i6C2-hrlDmmDyNDO6sMPsJyJmbjzh3qEFS7jfZp-E55DXOKLepa9KPugv02sB2cpfVeTYIXzgY2EqFqBcil4k0&amp;__tn__=-UK-R\">22. Piknik Naukowy \u201eRuch\u201d<\/a> przy PGE Narodowy. Na swoim w\u0142asnym stoisku zaprezentowali\u015bmy mi\u0119dzy innymi nasze z\u0142o\u017ce fluidalne, hamulec hydauliczny, przep\u0142ywomierz typu Vortex i poci\u0105g elektromagnetyczny. Brzmi skomplikowanie?  Nie przejmujcie si\u0119, nasi Cz\u0142onkowie wszystko Wam dok\u0142adnie wyt\u0142umacz\u0105. A dla \u017c\u0105dnych wyzwania oby\u0142 si\u0119 konkurs na jak najd\u0142u\u017csze odbijanie ba\u0144ki mydlanej! <\/p>\n\n\n\n<div class=\"wp-block-image\"><figure class=\"aligncenter\"><img fetchpriority=\"high\" decoding=\"async\" width=\"1024\" height=\"578\" src=\"http:\/\/www.knichip.pw.edu.pl\/wp-content\/uploads\/2021\/01\/1-3-1024x578.jpg\" alt=\"\" class=\"wp-image-2042\" srcset=\"https:\/\/www.knichip.pw.edu.pl\/wp-content\/uploads\/2021\/01\/1-3-1024x578.jpg 1024w, https:\/\/www.knichip.pw.edu.pl\/wp-content\/uploads\/2021\/01\/1-3-300x169.jpg 300w, https:\/\/www.knichip.pw.edu.pl\/wp-content\/uploads\/2021\/01\/1-3-768x434.jpg 768w, https:\/\/www.knichip.pw.edu.pl\/wp-content\/uploads\/2021\/01\/1-3.jpg 2048w\" sizes=\"(max-width: 1024px) 100vw, 1024px\" \/><\/figure><\/div>\n\n\n\n<div class=\"wp-block-image\"><figure class=\"aligncenter\"><img decoding=\"async\" width=\"578\" height=\"1024\" src=\"http:\/\/www.knichip.pw.edu.pl\/wp-content\/uploads\/2021\/01\/2-3-578x1024.jpg\" alt=\"\" class=\"wp-image-2043\" srcset=\"https:\/\/www.knichip.pw.edu.pl\/wp-content\/uploads\/2021\/01\/2-3-578x1024.jpg 578w, https:\/\/www.knichip.pw.edu.pl\/wp-content\/uploads\/2021\/01\/2-3-169x300.jpg 169w, https:\/\/www.knichip.pw.edu.pl\/wp-content\/uploads\/2021\/01\/2-3-768x1360.jpg 768w, https:\/\/www.knichip.pw.edu.pl\/wp-content\/uploads\/2021\/01\/2-3.jpg 1120w\" sizes=\"(max-width: 578px) 100vw, 578px\" \/><\/figure><\/div>\n\n\n\n<div class=\"wp-block-image\"><figure class=\"aligncenter\"><img decoding=\"async\" width=\"1024\" height=\"757\" src=\"http:\/\/www.knichip.pw.edu.pl\/wp-content\/uploads\/2021\/01\/4-3-1024x757.jpg\" alt=\"\" class=\"wp-image-2044\" srcset=\"https:\/\/www.knichip.pw.edu.pl\/wp-content\/uploads\/2021\/01\/4-3-1024x757.jpg 1024w, https:\/\/www.knichip.pw.edu.pl\/wp-content\/uploads\/2021\/01\/4-3-300x222.jpg 300w, https:\/\/www.knichip.pw.edu.pl\/wp-content\/uploads\/2021\/01\/4-3-768x568.jpg 768w, https:\/\/www.knichip.pw.edu.pl\/wp-content\/uploads\/2021\/01\/4-3.jpg 1515w\" sizes=\"(max-width: 1024px) 100vw, 1024px\" \/><\/figure><\/div>\n\n\n\n<div class=\"wp-block-image\"><figure class=\"aligncenter\"><img loading=\"lazy\" decoding=\"async\" width=\"1024\" height=\"750\" src=\"http:\/\/www.knichip.pw.edu.pl\/wp-content\/uploads\/2021\/01\/5-2-1024x750.jpg\" alt=\"\" class=\"wp-image-2045\" srcset=\"https:\/\/www.knichip.pw.edu.pl\/wp-content\/uploads\/2021\/01\/5-2-1024x750.jpg 1024w, https:\/\/www.knichip.pw.edu.pl\/wp-content\/uploads\/2021\/01\/5-2-300x220.jpg 300w, https:\/\/www.knichip.pw.edu.pl\/wp-content\/uploads\/2021\/01\/5-2-768x562.jpg 768w, https:\/\/www.knichip.pw.edu.pl\/wp-content\/uploads\/2021\/01\/5-2.jpg 1530w\" sizes=\"(max-width: 1024px) 100vw, 1024px\" \/><\/figure><\/div>\n","protected":false},"excerpt":{"rendered":"<p>KNICHIP wzi\u0105\u0142 udzia\u0142 w 22. Piknik Naukowy \u201eRuch\u201d przy PGE Narodowy. Na swoim w\u0142asnym stoisku zaprezentowali\u015bmy mi\u0119dzy innymi nasze z\u0142o\u017ce fluidalne, hamulec hydauliczny, przep\u0142ywomierz typu Vortex i poci\u0105g elektromagnetyczny. Brzmi skomplikowanie? Nie przejmujcie si\u0119, nasi Cz\u0142onkowie wszystko Wam dok\u0142adnie wyt\u0142umacz\u0105. A dla \u017c\u0105dnych wyzwania oby\u0142 si\u0119 konkurs na jak najd\u0142u\u017csze odbijanie ba\u0144ki mydlanej!<\/p>\n","protected":false},"author":21,"featured_media":0,"parent":0,"menu_order":0,"comment_status":"closed","ping_status":"closed","template":"","meta":{"footnotes":""},"class_list":["post-2027","page","type-page","status-publish"],"_links":{"self":[{"href":"https:\/\/www.knichip.pw.edu.pl\/index.php?rest_route=\/wp\/v2\/pages\/2027","targetHints":{"allow":["GET"]}}],"collection":[{"href":"https:\/\/www.knichip.pw.edu.pl\/index.php?rest_route=\/wp\/v2\/pages"}],"about":[{"href":"https:\/\/www.knichip.pw.edu.pl\/index.php?rest_route=\/wp\/v2\/types\/page"}],"author":[{"embeddable":true,"href":"https:\/\/www.knichip.pw.edu.pl\/index.php?rest_route=\/wp\/v2\/users\/21"}],"replies":[{"embeddable":true,"href":"https:\/\/www.knichip.pw.edu.pl\/index.php?rest_route=%2Fwp%2Fv2%2Fcomments&post=2027"}],"version-history":[{"count":2,"href":"https:\/\/www.knichip.pw.edu.pl\/index.php?rest_route=\/wp\/v2\/pages\/2027\/revisions"}],"predecessor-version":[{"id":2046,"href":"https:\/\/www.knichip.pw.edu.pl\/index.php?rest_route=\/wp\/v2\/pages\/2027\/revisions\/2046"}],"wp:attachment":[{"href":"https:\/\/www.knichip.pw.edu.pl\/index.php?rest_route=%2Fwp%2Fv2%2Fmedia&parent=2027"}],"curies":[{"name":"wp","href":"https:\/\/api.w.org\/{rel}","templated":true}]}}