{"id":2168,"date":"2022-05-30T16:19:39","date_gmt":"2022-05-30T15:19:39","guid":{"rendered":"http:\/\/www.knichip.pw.edu.pl\/?page_id=2168"},"modified":"2022-05-30T16:23:35","modified_gmt":"2022-05-30T15:23:35","slug":"mlekspress","status":"publish","type":"page","link":"https:\/\/www.knichip.pw.edu.pl\/?page_id=2168","title":{"rendered":"Mlekspress"},"content":{"rendered":"\t\t<div data-elementor-type=\"wp-page\" data-elementor-id=\"2168\" class=\"elementor elementor-2168\">\n\t\t\t\t\t\t<section class=\"elementor-section elementor-top-section elementor-element elementor-element-90d7a76 elementor-section-boxed elementor-section-height-default elementor-section-height-default\" data-id=\"90d7a76\" data-element_type=\"section\">\n\t\t\t\t\t\t<div class=\"elementor-container elementor-column-gap-default\">\n\t\t\t\t\t<div class=\"elementor-column elementor-col-100 elementor-top-column elementor-element elementor-element-9018956\" data-id=\"9018956\" data-element_type=\"column\">\n\t\t\t<div class=\"elementor-widget-wrap elementor-element-populated\">\n\t\t\t\t\t\t<div class=\"elementor-element elementor-element-5016aaa elementor-widget elementor-widget-text-editor\" data-id=\"5016aaa\" data-element_type=\"widget\" data-widget_type=\"text-editor.default\">\n\t\t\t\t<div class=\"elementor-widget-container\">\n\t\t\t\t\t\t\t\t\t<p><span data-contrast=\"auto\">Kolejnym projektem realizowanym przez Ko\u0142o jest mobilna instalacja do produkcji napoju ro\u015blinnego na bazie orzech\u00f3w.<\/span><span data-ccp-props=\"{\">\u00a0<\/span><\/p><p><span data-contrast=\"auto\">Hodowla byd\u0142a wymaga zu\u017cycia du\u017cej ilo\u015bci wody-aby zapewni\u0107 pasz\u0119 byd\u0142u, zadba\u0107 o jego higien\u0119 czy napoi\u0107. W ostatnich dekadach coraz cz\u0119stsze staj\u0105 si\u0119 ekstremalne zjawiska pogodowe takie jak susze. Dlatego d\u0105\u017cy si\u0119 do optymalizacji zu\u017cycia wody.<\/span><span data-ccp-props=\"{\">\u00a0<\/span><\/p><p><span data-contrast=\"auto\">Coraz cz\u0119\u015bciej te\u017c z r\u00f3\u017cnych przyczyn ludzie d\u0105\u017c\u0105 do ograniczenia spo\u017cycia laktozy. Dobr\u0105 opcj\u0105 s\u0105\u00a0 tu napoje ro\u015blinne. Do ich zalet mo\u017cna dodatkowo zaliczy\u0107 wy\u017csz\u0105 zawarto\u015b\u0107 b\u0142onnika ni\u017c w mleku krowim. Cz\u0119sto spotka\u0107 mo\u017cna si\u0119 z opini\u0105, \u017ce napoje ro\u015blinne s\u0105 ubogie w wap\u0144 czy inne makro- i mikroelementy. Jednak niedobory witamin i minera\u0142\u00f3w, kt\u00f3rych nie ma zbyt wiele w mleku ro\u015blinnym, mog\u0105 by\u0107 uzupe\u0142niane w kolejnych etapach produkcji.<\/span><span data-ccp-props=\"{\">\u00a0<\/span><\/p><p><span data-contrast=\"auto\">Podstawow\u0105 metod\u0105 wykorzystywan\u0105 w projekcie jest filtracja, podczas kt\u00f3rej odseparowujemy wi\u0119ksze fragmenty zmielonych orzech\u00f3w od p\u0142ynu. Pozwala ona te\u017c zapewni\u0107 sp\u00f3jn\u0105 konsystencj\u0119 i zapobiec rozwarstwieniu si\u0119 produktu. W ramach procesu orzechy s\u0105 mielone. Nast\u0119pnie, w uk\u0142adzie przep\u0142ywowym prowadzi si\u0119 cyrkulacj\u0119 wody, aby doprowadzi\u0107 do przej\u015bcia t\u0142uszczu i innych sk\u0142adnik\u00f3w od\u017cywczych z orzech\u00f3w do wody.\u00a0<\/span><span data-ccp-props=\"{\">\u00a0<\/span><\/p>\t\t\t\t\t\t\t\t<\/div>\n\t\t\t\t<\/div>\n\t\t\t\t\t<\/div>\n\t\t<\/div>\n\t\t\t\t\t<\/div>\n\t\t<\/section>\n\t\t\t\t<section class=\"elementor-section elementor-top-section elementor-element elementor-element-2243206 elementor-section-boxed elementor-section-height-default elementor-section-height-default\" data-id=\"2243206\" data-element_type=\"section\">\n\t\t\t\t\t\t<div class=\"elementor-container elementor-column-gap-default\">\n\t\t\t\t\t<div class=\"elementor-column elementor-col-50 elementor-top-column elementor-element elementor-element-fb6375e\" data-id=\"fb6375e\" data-element_type=\"column\">\n\t\t\t<div class=\"elementor-widget-wrap elementor-element-populated\">\n\t\t\t\t\t\t<div class=\"elementor-element elementor-element-5d028f2 elementor-widget elementor-widget-image\" data-id=\"5d028f2\" data-element_type=\"widget\" data-widget_type=\"image.default\">\n\t\t\t\t<div class=\"elementor-widget-container\">\n\t\t\t\t\t\t\t\t\t\t\t\t\t\t\t<img fetchpriority=\"high\" decoding=\"async\" width=\"366\" height=\"206\" src=\"https:\/\/www.knichip.pw.edu.pl\/wp-content\/uploads\/2022\/05\/276152525_671462237312483_4383609091065045299_n.jpg\" class=\"attachment-large size-large wp-image-2171\" alt=\"\" srcset=\"https:\/\/www.knichip.pw.edu.pl\/wp-content\/uploads\/2022\/05\/276152525_671462237312483_4383609091065045299_n.jpg 366w, https:\/\/www.knichip.pw.edu.pl\/wp-content\/uploads\/2022\/05\/276152525_671462237312483_4383609091065045299_n-300x169.jpg 300w\" sizes=\"(max-width: 366px) 100vw, 366px\" \/>\t\t\t\t\t\t\t\t\t\t\t\t\t\t\t<\/div>\n\t\t\t\t<\/div>\n\t\t\t\t\t<\/div>\n\t\t<\/div>\n\t\t\t\t<div class=\"elementor-column elementor-col-50 elementor-top-column elementor-element elementor-element-ec56fc0\" data-id=\"ec56fc0\" data-element_type=\"column\">\n\t\t\t<div class=\"elementor-widget-wrap elementor-element-populated\">\n\t\t\t\t\t\t<div class=\"elementor-element elementor-element-85ed189 elementor-widget elementor-widget-image\" data-id=\"85ed189\" data-element_type=\"widget\" data-widget_type=\"image.default\">\n\t\t\t\t<div class=\"elementor-widget-container\">\n\t\t\t\t\t\t\t\t\t\t\t\t\t\t\t<img decoding=\"async\" width=\"275\" height=\"206\" src=\"https:\/\/www.knichip.pw.edu.pl\/wp-content\/uploads\/2022\/05\/275974816_1039796726893441_5283664087590661565_n.jpg\" class=\"attachment-large size-large wp-image-2172\" alt=\"\" \/>\t\t\t\t\t\t\t\t\t\t\t\t\t\t\t<\/div>\n\t\t\t\t<\/div>\n\t\t\t\t\t<\/div>\n\t\t<\/div>\n\t\t\t\t\t<\/div>\n\t\t<\/section>\n\t\t\t\t<\/div>\n\t\t","protected":false},"excerpt":{"rendered":"<p>Kolejnym projektem realizowanym przez Ko\u0142o jest mobilna instalacja do produkcji napoju ro\u015blinnego na bazie orzech\u00f3w.\u00a0 Hodowla byd\u0142a wymaga zu\u017cycia du\u017cej ilo\u015bci wody-aby zapewni\u0107 pasz\u0119 byd\u0142u, zadba\u0107 o jego higien\u0119 czy napoi\u0107. W ostatnich dekadach coraz cz\u0119stsze staj\u0105 si\u0119 ekstremalne zjawiska pogodowe takie jak susze. Dlatego d\u0105\u017cy si\u0119 do optymalizacji zu\u017cycia wody.\u00a0 Coraz cz\u0119\u015bciej te\u017c z &#8230; <a title=\"Mlekspress\" class=\"read-more\" href=\"https:\/\/www.knichip.pw.edu.pl\/?page_id=2168\" aria-label=\"Read more about Mlekspress\">Dowiedz si\u0119 wi\u0119cej<\/a><\/p>\n","protected":false},"author":25,"featured_media":0,"parent":0,"menu_order":0,"comment_status":"closed","ping_status":"closed","template":"","meta":{"footnotes":""},"class_list":["post-2168","page","type-page","status-publish"],"_links":{"self":[{"href":"https:\/\/www.knichip.pw.edu.pl\/index.php?rest_route=\/wp\/v2\/pages\/2168","targetHints":{"allow":["GET"]}}],"collection":[{"href":"https:\/\/www.knichip.pw.edu.pl\/index.php?rest_route=\/wp\/v2\/pages"}],"about":[{"href":"https:\/\/www.knichip.pw.edu.pl\/index.php?rest_route=\/wp\/v2\/types\/page"}],"author":[{"embeddable":true,"href":"https:\/\/www.knichip.pw.edu.pl\/index.php?rest_route=\/wp\/v2\/users\/25"}],"replies":[{"embeddable":true,"href":"https:\/\/www.knichip.pw.edu.pl\/index.php?rest_route=%2Fwp%2Fv2%2Fcomments&post=2168"}],"version-history":[{"count":3,"href":"https:\/\/www.knichip.pw.edu.pl\/index.php?rest_route=\/wp\/v2\/pages\/2168\/revisions"}],"predecessor-version":[{"id":2174,"href":"https:\/\/www.knichip.pw.edu.pl\/index.php?rest_route=\/wp\/v2\/pages\/2168\/revisions\/2174"}],"wp:attachment":[{"href":"https:\/\/www.knichip.pw.edu.pl\/index.php?rest_route=%2Fwp%2Fv2%2Fmedia&parent=2168"}],"curies":[{"name":"wp","href":"https:\/\/api.w.org\/{rel}","templated":true}]}}