{"id":2196,"date":"2022-05-30T16:48:12","date_gmt":"2022-05-30T15:48:12","guid":{"rendered":"http:\/\/www.knichip.pw.edu.pl\/?page_id=2196"},"modified":"2022-05-30T16:54:33","modified_gmt":"2022-05-30T15:54:33","slug":"ssp-2022","status":"publish","type":"page","link":"https:\/\/www.knichip.pw.edu.pl\/?page_id=2196","title":{"rendered":"SSP 2022"},"content":{"rendered":"\t\t<div data-elementor-type=\"wp-page\" data-elementor-id=\"2196\" class=\"elementor elementor-2196\">\n\t\t\t\t\t\t<section class=\"elementor-section elementor-top-section elementor-element elementor-element-819e82c elementor-section-boxed elementor-section-height-default elementor-section-height-default\" data-id=\"819e82c\" data-element_type=\"section\">\n\t\t\t\t\t\t<div class=\"elementor-container elementor-column-gap-default\">\n\t\t\t\t\t<div class=\"elementor-column elementor-col-100 elementor-top-column elementor-element elementor-element-952976f\" data-id=\"952976f\" data-element_type=\"column\">\n\t\t\t<div class=\"elementor-widget-wrap elementor-element-populated\">\n\t\t\t\t\t\t<div class=\"elementor-element elementor-element-6699c2e elementor-widget elementor-widget-text-editor\" data-id=\"6699c2e\" data-element_type=\"widget\" data-widget_type=\"text-editor.default\">\n\t\t\t\t<div class=\"elementor-widget-container\">\n\t\t\t\t\t\t\t\t\t<p><span data-contrast=\"auto\">W dniach 30marca-2 kwietnia 2022 roku odby\u0142y si\u0119 Targi Pracy Spotkaj Swojego Pracodawc\u0119. Trzy dni odbywa\u0142y si\u0119 w formie on-line na platformie MS Teams, a jeden odby\u0142 si\u0119 stacjonarnie w Centrum Zarz\u0105dzania Innowacjami i Transferem Technologii Politechniki Warszawskiej. Wydarzenie powsta\u0142o we wsp\u00f3\u0142pracy z Ko\u0142ami Naukowymi Biotechnolog\u00f3w \u201eHERBION\u201d oraz Chemik\u00f3w \u201eFlogiston\u201d.\u00a0<\/span><span data-ccp-props=\"{\">\u00a0<\/span><\/p><p>\u00a0<\/p>\t\t\t\t\t\t\t\t<\/div>\n\t\t\t\t<\/div>\n\t\t\t\t\t<\/div>\n\t\t<\/div>\n\t\t\t\t\t<\/div>\n\t\t<\/section>\n\t\t\t\t<section class=\"elementor-section elementor-top-section elementor-element elementor-element-b203f88 elementor-section-boxed elementor-section-height-default elementor-section-height-default\" data-id=\"b203f88\" data-element_type=\"section\">\n\t\t\t\t\t\t<div class=\"elementor-container elementor-column-gap-default\">\n\t\t\t\t\t<div class=\"elementor-column elementor-col-100 elementor-top-column elementor-element elementor-element-cfc8b32\" data-id=\"cfc8b32\" data-element_type=\"column\">\n\t\t\t<div class=\"elementor-widget-wrap elementor-element-populated\">\n\t\t\t\t\t\t<div class=\"elementor-element elementor-element-3ae07c8 elementor-widget elementor-widget-image\" data-id=\"3ae07c8\" data-element_type=\"widget\" data-widget_type=\"image.default\">\n\t\t\t\t<div class=\"elementor-widget-container\">\n\t\t\t\t\t\t\t\t\t\t\t\t\t\t\t<img fetchpriority=\"high\" decoding=\"async\" width=\"901\" height=\"506\" src=\"https:\/\/www.knichip.pw.edu.pl\/wp-content\/uploads\/2022\/05\/MicrosoftTeams-image.png\" class=\"attachment-large size-large wp-image-2185\" alt=\"\" srcset=\"https:\/\/www.knichip.pw.edu.pl\/wp-content\/uploads\/2022\/05\/MicrosoftTeams-image.png 901w, https:\/\/www.knichip.pw.edu.pl\/wp-content\/uploads\/2022\/05\/MicrosoftTeams-image-300x168.png 300w, https:\/\/www.knichip.pw.edu.pl\/wp-content\/uploads\/2022\/05\/MicrosoftTeams-image-768x431.png 768w\" sizes=\"(max-width: 901px) 100vw, 901px\" \/>\t\t\t\t\t\t\t\t\t\t\t\t\t\t\t<\/div>\n\t\t\t\t<\/div>\n\t\t\t\t\t<\/div>\n\t\t<\/div>\n\t\t\t\t\t<\/div>\n\t\t<\/section>\n\t\t\t\t<section class=\"elementor-section elementor-top-section elementor-element elementor-element-a75e0ba elementor-section-boxed elementor-section-height-default elementor-section-height-default\" data-id=\"a75e0ba\" data-element_type=\"section\">\n\t\t\t\t\t\t<div class=\"elementor-container elementor-column-gap-default\">\n\t\t\t\t\t<div class=\"elementor-column elementor-col-100 elementor-top-column elementor-element elementor-element-fcab8cb\" data-id=\"fcab8cb\" data-element_type=\"column\">\n\t\t\t<div class=\"elementor-widget-wrap elementor-element-populated\">\n\t\t\t\t\t\t<div class=\"elementor-element elementor-element-3c90acc elementor-widget elementor-widget-text-editor\" data-id=\"3c90acc\" data-element_type=\"widget\" data-widget_type=\"text-editor.default\">\n\t\t\t\t<div class=\"elementor-widget-container\">\n\t\t\t\t\t\t\t\t\t<p><span data-contrast=\"auto\">Wydarzenie jest kierowane do student\u00f3w, kt\u00f3rzy poszukuj\u0105 praktyk, sta\u017cu lub pracy. Jest to okazja do bezpo\u015bredniego spotkania z firmami, rozmowy z pracownikami, zapoznania si\u0119 z ofertami rynku. Dodatkowo odby\u0142y si\u0119 ciekawe prelekcje, warsztaty oraz panele dyskusyjne.\u00a0<\/span><span data-ccp-props=\"{\">\u00a0<\/span><\/p><p><span data-contrast=\"auto\">G\u0142\u00f3wn\u0105 koordynatork\u0105 wydarzenia by\u0142a Aleksandra Krupi\u0144ska. Koordynatorka sekcji logistyki- Julia Cie\u015blicka, koordynatorka sekcji networkingu- Natalia Bednarek, koordynatorka sekcji marketingu- Sandra Mochtak, koordynatorka sekcji promocji- Agnieszka\u00a0 \u0141ukasik.<\/span><span data-ccp-props=\"{\">\u00a0<\/span><\/p><p><span data-contrast=\"auto\">\u00a0W tym roku nawi\u0105zali\u015bmy wsp\u00f3\u0142prac\u0119 z firmami: Pern, Prozap, Senkara, Laboratorium 313, Boccard Kates, IChO PAN, Adamed, Alfa Sagitarius, Orlen, Astra Zeneca, Selvita, Veolia, Reckitt, IBMM oraz wiele innych.\u00a0<\/span><span data-ccp-props=\"{\">\u00a0<\/span><\/p>\t\t\t\t\t\t\t\t<\/div>\n\t\t\t\t<\/div>\n\t\t\t\t\t<\/div>\n\t\t<\/div>\n\t\t\t\t\t<\/div>\n\t\t<\/section>\n\t\t\t\t<\/div>\n\t\t","protected":false},"excerpt":{"rendered":"<p>W dniach 30marca-2 kwietnia 2022 roku odby\u0142y si\u0119 Targi Pracy Spotkaj Swojego Pracodawc\u0119. Trzy dni odbywa\u0142y si\u0119 w formie on-line na platformie MS Teams, a jeden odby\u0142 si\u0119 stacjonarnie w Centrum Zarz\u0105dzania Innowacjami i Transferem Technologii Politechniki Warszawskiej. Wydarzenie powsta\u0142o we wsp\u00f3\u0142pracy z Ko\u0142ami Naukowymi Biotechnolog\u00f3w \u201eHERBION\u201d oraz Chemik\u00f3w \u201eFlogiston\u201d.\u00a0\u00a0 \u00a0 Wydarzenie jest kierowane do &#8230; <a title=\"SSP 2022\" class=\"read-more\" href=\"https:\/\/www.knichip.pw.edu.pl\/?page_id=2196\" aria-label=\"Read more about SSP 2022\">Dowiedz si\u0119 wi\u0119cej<\/a><\/p>\n","protected":false},"author":25,"featured_media":0,"parent":0,"menu_order":0,"comment_status":"closed","ping_status":"closed","template":"","meta":{"footnotes":""},"class_list":["post-2196","page","type-page","status-publish"],"_links":{"self":[{"href":"https:\/\/www.knichip.pw.edu.pl\/index.php?rest_route=\/wp\/v2\/pages\/2196","targetHints":{"allow":["GET"]}}],"collection":[{"href":"https:\/\/www.knichip.pw.edu.pl\/index.php?rest_route=\/wp\/v2\/pages"}],"about":[{"href":"https:\/\/www.knichip.pw.edu.pl\/index.php?rest_route=\/wp\/v2\/types\/page"}],"author":[{"embeddable":true,"href":"https:\/\/www.knichip.pw.edu.pl\/index.php?rest_route=\/wp\/v2\/users\/25"}],"replies":[{"embeddable":true,"href":"https:\/\/www.knichip.pw.edu.pl\/index.php?rest_route=%2Fwp%2Fv2%2Fcomments&post=2196"}],"version-history":[{"count":2,"href":"https:\/\/www.knichip.pw.edu.pl\/index.php?rest_route=\/wp\/v2\/pages\/2196\/revisions"}],"predecessor-version":[{"id":2205,"href":"https:\/\/www.knichip.pw.edu.pl\/index.php?rest_route=\/wp\/v2\/pages\/2196\/revisions\/2205"}],"wp:attachment":[{"href":"https:\/\/www.knichip.pw.edu.pl\/index.php?rest_route=%2Fwp%2Fv2%2Fmedia&parent=2196"}],"curies":[{"name":"wp","href":"https:\/\/api.w.org\/{rel}","templated":true}]}}