{"id":2200,"date":"2022-05-30T16:49:36","date_gmt":"2022-05-30T15:49:36","guid":{"rendered":"http:\/\/www.knichip.pw.edu.pl\/?page_id=2200"},"modified":"2022-05-30T16:52:48","modified_gmt":"2022-05-30T15:52:48","slug":"ssp-2021","status":"publish","type":"page","link":"https:\/\/www.knichip.pw.edu.pl\/?page_id=2200","title":{"rendered":"SSP 2021"},"content":{"rendered":"\t\t<div data-elementor-type=\"wp-page\" data-elementor-id=\"2200\" class=\"elementor elementor-2200\">\n\t\t\t\t\t\t<section class=\"elementor-section elementor-top-section elementor-element elementor-element-263c784 elementor-section-boxed elementor-section-height-default elementor-section-height-default\" data-id=\"263c784\" data-element_type=\"section\">\n\t\t\t\t\t\t<div class=\"elementor-container elementor-column-gap-default\">\n\t\t\t\t\t<div class=\"elementor-column elementor-col-100 elementor-top-column elementor-element elementor-element-551a5a6\" data-id=\"551a5a6\" data-element_type=\"column\">\n\t\t\t<div class=\"elementor-widget-wrap elementor-element-populated\">\n\t\t\t\t\t\t<div class=\"elementor-element elementor-element-02bed2e elementor-widget elementor-widget-text-editor\" data-id=\"02bed2e\" data-element_type=\"widget\" data-widget_type=\"text-editor.default\">\n\t\t\t\t<div class=\"elementor-widget-container\">\n\t\t\t\t\t\t\t\t\t<p>W dniach 8-11 kwietnia odby\u0142a si\u0119 druga edycja targ\u00f3w pracy Spotkaj Swojego Pracodawc\u0119, kt\u00f3re by\u0142y tworzone przez cztery ko\u0142a naukowe PW: In\u017cynierii Chemicznej i Procesowej, Flogiston, Herbion oraz Cmyk.<\/p>\t\t\t\t\t\t\t\t<\/div>\n\t\t\t\t<\/div>\n\t\t\t\t\t<\/div>\n\t\t<\/div>\n\t\t\t\t\t<\/div>\n\t\t<\/section>\n\t\t\t\t<section class=\"elementor-section elementor-top-section elementor-element elementor-element-5a809dd elementor-section-boxed elementor-section-height-default elementor-section-height-default\" data-id=\"5a809dd\" data-element_type=\"section\">\n\t\t\t\t\t\t<div class=\"elementor-container elementor-column-gap-default\">\n\t\t\t\t\t<div class=\"elementor-column elementor-col-100 elementor-top-column elementor-element elementor-element-6566db6\" data-id=\"6566db6\" data-element_type=\"column\">\n\t\t\t<div class=\"elementor-widget-wrap elementor-element-populated\">\n\t\t\t\t\t\t<div class=\"elementor-element elementor-element-8e8b636 elementor-widget elementor-widget-image\" data-id=\"8e8b636\" data-element_type=\"widget\" data-widget_type=\"image.default\">\n\t\t\t\t<div class=\"elementor-widget-container\">\n\t\t\t\t\t\t\t\t\t\t\t\t\t\t\t<img fetchpriority=\"high\" decoding=\"async\" width=\"972\" height=\"510\" src=\"https:\/\/www.knichip.pw.edu.pl\/wp-content\/uploads\/2021\/04\/157109206_482415563136401_2624590809725943641_o.jpg\" class=\"attachment-large size-large wp-image-2054\" alt=\"\" srcset=\"https:\/\/www.knichip.pw.edu.pl\/wp-content\/uploads\/2021\/04\/157109206_482415563136401_2624590809725943641_o.jpg 972w, https:\/\/www.knichip.pw.edu.pl\/wp-content\/uploads\/2021\/04\/157109206_482415563136401_2624590809725943641_o-300x157.jpg 300w, https:\/\/www.knichip.pw.edu.pl\/wp-content\/uploads\/2021\/04\/157109206_482415563136401_2624590809725943641_o-768x403.jpg 768w\" sizes=\"(max-width: 972px) 100vw, 972px\" \/>\t\t\t\t\t\t\t\t\t\t\t\t\t\t\t<\/div>\n\t\t\t\t<\/div>\n\t\t\t\t\t<\/div>\n\t\t<\/div>\n\t\t\t\t\t<\/div>\n\t\t<\/section>\n\t\t\t\t<section class=\"elementor-section elementor-top-section elementor-element elementor-element-73ead97 elementor-section-boxed elementor-section-height-default elementor-section-height-default\" data-id=\"73ead97\" data-element_type=\"section\">\n\t\t\t\t\t\t<div class=\"elementor-container elementor-column-gap-default\">\n\t\t\t\t\t<div class=\"elementor-column elementor-col-100 elementor-top-column elementor-element elementor-element-98435db\" data-id=\"98435db\" data-element_type=\"column\">\n\t\t\t<div class=\"elementor-widget-wrap elementor-element-populated\">\n\t\t\t\t\t\t<div class=\"elementor-element elementor-element-c17aee5 elementor-widget elementor-widget-text-editor\" data-id=\"c17aee5\" data-element_type=\"widget\" data-widget_type=\"text-editor.default\">\n\t\t\t\t<div class=\"elementor-widget-container\">\n\t\t\t\t\t\t\t\t\t<p>W ci\u0105gu tych czterech dni uczestnicy wydarzenia mieli okazj\u0119 zdalnie porozmawia\u0107 z pracownikami koncern\u00f3w przemys\u0142owych i badawczych. Odby\u0142y si\u0119 ciekawe prelekcje, konkursy, warsztaty oraz panele dyskusyjne!<\/p><p>Zesp\u00f3\u0142 SSP ze strony naszego ko\u0142a reprezentowali:<\/p><p>Hanna Nurczy\u0144ska- koordynator g\u0142\u00f3wny wydarzenia oraz Julita Tabor, Aleksandra Krupi\u0144ska, Joanna Ostapczuk, Weronika Berent, Dominika Kasprzak, Aleksandra Jurkiewicz i Sandra Mochtak.<\/p><p>Dzi\u0119kujemy bardzo za uczestnictwo w wydarzeniu oraz docenienie naszej pracy. Zapraszamy do udzia\u0142u w przysz\u0142ej edycji, mamy nadziej\u0119, \u017ce spotkamy si\u0119 w r\u00f3wnie du\u017cym sk\u0142adzie\u00a0<img decoding=\"async\" class=\"emoji\" draggable=\"false\" src=\"https:\/\/s.w.org\/images\/core\/emoji\/11.2.0\/svg\/1f600.svg\" alt=\"\ud83d\ude00\" \/><\/p><p>Zapraszamy do obserwowania medi\u00f3w wydarzenia Spotkaj Swojego Pracodawc\u0119 , na kt\u00f3rych znajdziecie wi\u0119cej informacji:<\/p><p>.<\/p>\t\t\t\t\t\t\t\t<\/div>\n\t\t\t\t<\/div>\n\t\t\t\t\t<\/div>\n\t\t<\/div>\n\t\t\t\t\t<\/div>\n\t\t<\/section>\n\t\t\t\t<\/div>\n\t\t","protected":false},"excerpt":{"rendered":"<p>W dniach 8-11 kwietnia odby\u0142a si\u0119 druga edycja targ\u00f3w pracy Spotkaj Swojego Pracodawc\u0119, kt\u00f3re by\u0142y tworzone przez cztery ko\u0142a naukowe PW: In\u017cynierii Chemicznej i Procesowej, Flogiston, Herbion oraz Cmyk. W ci\u0105gu tych czterech dni uczestnicy wydarzenia mieli okazj\u0119 zdalnie porozmawia\u0107 z pracownikami koncern\u00f3w przemys\u0142owych i badawczych. Odby\u0142y si\u0119 ciekawe prelekcje, konkursy, warsztaty oraz panele dyskusyjne! &#8230; <a title=\"SSP 2021\" class=\"read-more\" href=\"https:\/\/www.knichip.pw.edu.pl\/?page_id=2200\" aria-label=\"Read more about SSP 2021\">Dowiedz si\u0119 wi\u0119cej<\/a><\/p>\n","protected":false},"author":25,"featured_media":0,"parent":0,"menu_order":0,"comment_status":"closed","ping_status":"closed","template":"","meta":{"footnotes":""},"class_list":["post-2200","page","type-page","status-publish"],"_links":{"self":[{"href":"https:\/\/www.knichip.pw.edu.pl\/index.php?rest_route=\/wp\/v2\/pages\/2200","targetHints":{"allow":["GET"]}}],"collection":[{"href":"https:\/\/www.knichip.pw.edu.pl\/index.php?rest_route=\/wp\/v2\/pages"}],"about":[{"href":"https:\/\/www.knichip.pw.edu.pl\/index.php?rest_route=\/wp\/v2\/types\/page"}],"author":[{"embeddable":true,"href":"https:\/\/www.knichip.pw.edu.pl\/index.php?rest_route=\/wp\/v2\/users\/25"}],"replies":[{"embeddable":true,"href":"https:\/\/www.knichip.pw.edu.pl\/index.php?rest_route=%2Fwp%2Fv2%2Fcomments&post=2200"}],"version-history":[{"count":2,"href":"https:\/\/www.knichip.pw.edu.pl\/index.php?rest_route=\/wp\/v2\/pages\/2200\/revisions"}],"predecessor-version":[{"id":2204,"href":"https:\/\/www.knichip.pw.edu.pl\/index.php?rest_route=\/wp\/v2\/pages\/2200\/revisions\/2204"}],"wp:attachment":[{"href":"https:\/\/www.knichip.pw.edu.pl\/index.php?rest_route=%2Fwp%2Fv2%2Fmedia&parent=2200"}],"curies":[{"name":"wp","href":"https:\/\/api.w.org\/{rel}","templated":true}]}}