{"id":2282,"date":"2022-10-01T12:49:40","date_gmt":"2022-10-01T11:49:40","guid":{"rendered":"http:\/\/www.knichip.pw.edu.pl\/?page_id=2282"},"modified":"2022-10-04T05:47:48","modified_gmt":"2022-10-04T04:47:48","slug":"mini-instalacje","status":"publish","type":"page","link":"https:\/\/www.knichip.pw.edu.pl\/?page_id=2282","title":{"rendered":"Mini-Instalacje"},"content":{"rendered":"\n<p>Jest to projekt wchodz\u0105cy w cze\u015b\u0107 projekt\u00f3w Ko\u0142a Naukowego In\u017cynierii Chemicznej i Procesowej \u201eVenturi\u201d. Jego pocz\u0105tki si\u0119gaj\u0105 2020 roku. Z powodu pandemii, termin jego realizacji ulega\u0142 ci\u0105g\u0142ym op\u00f3\u017anieniom, lecz wreszcie zmierza ku d\u0142ugo oczekiwanej finalizacji. Przedsi\u0119wzi\u0119cie to skupia si\u0119 na wykonaniu trzech aparat\u00f3w w ma\u0142ej skali. Ma on na celu popularyzacje nauki i dzia\u0142alno\u015bci dydaktycznej.&nbsp;<\/p>\n\n\n\n<p>S\u0105 to:<\/p>\n\n\n\n<ul class=\"wp-block-list\"><li>Kolumna adsorpcyjna \u2013 S\u0142u\u017cy do adsorpcji dwutlenku w\u0119gla z powietrza<\/li><li>Mieszalnik \u2013 Pozwoli zilustrowa\u0107 linie pr\u0105du w p\u0142ynie<\/li><li>Bioreaktor \u2013 Umo\u017cliwi hodowle kom\u00f3rek ro\u015blinnych, zwierz\u0119cych i mikroorganizm\u00f3w  <\/li><\/ul>\n\n\n\n<figure class=\"wp-block-image\"><img fetchpriority=\"high\" decoding=\"async\" width=\"547\" height=\"387\" src=\"http:\/\/www.knichip.pw.edu.pl\/wp-content\/uploads\/2022\/09\/image-1.jpg\" alt=\"\" class=\"wp-image-2243\" srcset=\"https:\/\/www.knichip.pw.edu.pl\/wp-content\/uploads\/2022\/09\/image-1.jpg 547w, https:\/\/www.knichip.pw.edu.pl\/wp-content\/uploads\/2022\/09\/image-1-300x212.jpg 300w\" sizes=\"(max-width: 547px) 100vw, 547px\" \/><figcaption>Nasza kolumna adsorpcyjna<\/figcaption><\/figure>\n\n\n\n<figure class=\"wp-block-image\"><img decoding=\"async\" width=\"399\" height=\"387\" src=\"http:\/\/www.knichip.pw.edu.pl\/wp-content\/uploads\/2022\/09\/image-2.jpg\" alt=\"\" class=\"wp-image-2244\" srcset=\"https:\/\/www.knichip.pw.edu.pl\/wp-content\/uploads\/2022\/09\/image-2.jpg 399w, https:\/\/www.knichip.pw.edu.pl\/wp-content\/uploads\/2022\/09\/image-2-300x291.jpg 300w\" sizes=\"(max-width: 399px) 100vw, 399px\" \/><figcaption>Nasz mieszalnik<\/figcaption><\/figure>\n\n\n\n<figure class=\"wp-block-image is-resized\"><a href=\"http:\/\/www.knichip.pw.edu.pl\/?attachment_id=2242#main\"><img decoding=\"async\" src=\"http:\/\/www.knichip.pw.edu.pl\/wp-content\/uploads\/2022\/09\/image.jpg\" alt=\"Nasz bioreaktor \" class=\"wp-image-2242\" width=\"539\" height=\"439\"\/><\/a><figcaption>Nasz bioreaktor<br><br><\/figcaption><\/figure>\n\n\n\n<p>Powy\u017csze aparaty, tylko w wi\u0119kszej skali studenci mog\u0105 spotka\u0107 w swojej pracy zawodowej lub podczas studiowania. Ma\u0142a skala urz\u0105dze\u0144 u\u0142atwia mobilno\u015b\u0107, dzi\u0119ki czemu \u0142atwo b\u0119dzie mo\u017cna je zaprezentowa\u0107 na pokazach, targach czy dniach otwartych Wydzia\u0142u, popularyzuj\u0105c kierunek In\u017cynierii Chemicznej i Procesowej w spo\u0142ecze\u0144stwie oraz umo\u017cliwi dotarcie do potencjalnych kandydat\u00f3w na studia.<\/p>\n\n\n\n<p>Kolumna adsorpcyjna dodatkowo ukazuj\u0119 aspekt ekologiczny in\u017cynierii chemicznej, przedstawiaj\u0105c jeden ze sposob\u00f3w przemys\u0142owej walki z zanieczyszczeniami czy walk\u0105 z gazami cieplarnianymi.<\/p>\n\n\n\n<p>Studenci zaanga\u017cowani w ten projekt zdob\u0119d\u0105 umiej\u0119tno\u015bci praktyczne z projektowania aparatury procesowej. Pozwoli to przybli\u017cy\u0107 jakie problemy trzeba rozwi\u0105za\u0107, aby projekt zosta\u0142 sfinalizowany.<br>Dzia\u0142alno\u015b\u0107 taka rozwija umiej\u0119tno\u015bci kreatywnego my\u015blenia oraz przybli\u017ca prace w zespole projektowym i w pewnym stopniu przypomina przysz\u0142\u0105 karier\u0119 zawodow\u0105 b\u0105d\u017a naukow\u0105.&nbsp;<\/p>\n\n\n\n<p>W czerwcu tego roku, naszemu Ko\u0142u zosta\u0142 przyznany grant w wysoko\u015bci 7 tysi\u0119cy z\u0142otych na realizacj\u0119 tego projektu. W ci\u0105gu wakacji, nasz zesp\u00f3\u0142 projektowy intensywnie pracowa\u0142 nad wszelkimi detalami instalacji. Efekty ich dzia\u0142a\u0144 b\u0119dziecie mogli podziwia\u0107 jeszcze przed ko\u0144cem listopada. Stay tuned!<\/p>\n\n\n\n<p>Koordynator: Nikodem D\u0105browski<\/p>\n","protected":false},"excerpt":{"rendered":"<p>Jest to projekt wchodz\u0105cy w cze\u015b\u0107 projekt\u00f3w Ko\u0142a Naukowego In\u017cynierii Chemicznej i Procesowej \u201eVenturi\u201d. Jego pocz\u0105tki si\u0119gaj\u0105 2020 roku. Z powodu pandemii, termin jego realizacji ulega\u0142 ci\u0105g\u0142ym op\u00f3\u017anieniom, lecz wreszcie zmierza ku d\u0142ugo oczekiwanej finalizacji. Przedsi\u0119wzi\u0119cie to skupia si\u0119 na wykonaniu trzech aparat\u00f3w w ma\u0142ej skali. Ma on na celu popularyzacje nauki i dzia\u0142alno\u015bci dydaktycznej.&nbsp; &#8230; <a title=\"Mini-Instalacje\" class=\"read-more\" href=\"https:\/\/www.knichip.pw.edu.pl\/?page_id=2282\" aria-label=\"Read more about Mini-Instalacje\">Dowiedz si\u0119 wi\u0119cej<\/a><\/p>\n","protected":false},"author":26,"featured_media":0,"parent":13,"menu_order":0,"comment_status":"closed","ping_status":"closed","template":"","meta":{"footnotes":""},"class_list":["post-2282","page","type-page","status-publish"],"_links":{"self":[{"href":"https:\/\/www.knichip.pw.edu.pl\/index.php?rest_route=\/wp\/v2\/pages\/2282","targetHints":{"allow":["GET"]}}],"collection":[{"href":"https:\/\/www.knichip.pw.edu.pl\/index.php?rest_route=\/wp\/v2\/pages"}],"about":[{"href":"https:\/\/www.knichip.pw.edu.pl\/index.php?rest_route=\/wp\/v2\/types\/page"}],"author":[{"embeddable":true,"href":"https:\/\/www.knichip.pw.edu.pl\/index.php?rest_route=\/wp\/v2\/users\/26"}],"replies":[{"embeddable":true,"href":"https:\/\/www.knichip.pw.edu.pl\/index.php?rest_route=%2Fwp%2Fv2%2Fcomments&post=2282"}],"version-history":[{"count":2,"href":"https:\/\/www.knichip.pw.edu.pl\/index.php?rest_route=\/wp\/v2\/pages\/2282\/revisions"}],"predecessor-version":[{"id":2287,"href":"https:\/\/www.knichip.pw.edu.pl\/index.php?rest_route=\/wp\/v2\/pages\/2282\/revisions\/2287"}],"up":[{"embeddable":true,"href":"https:\/\/www.knichip.pw.edu.pl\/index.php?rest_route=\/wp\/v2\/pages\/13"}],"wp:attachment":[{"href":"https:\/\/www.knichip.pw.edu.pl\/index.php?rest_route=%2Fwp%2Fv2%2Fmedia&parent=2282"}],"curies":[{"name":"wp","href":"https:\/\/api.w.org\/{rel}","templated":true}]}}