{"id":534,"date":"2014-11-07T14:13:44","date_gmt":"2014-11-07T13:13:44","guid":{"rendered":"http:\/\/www.knichip.pw.edu.pl\/?page_id=534"},"modified":"2024-10-29T09:02:02","modified_gmt":"2024-10-29T08:02:02","slug":"do-pobrania","status":"publish","type":"page","link":"https:\/\/www.knichip.pw.edu.pl\/?page_id=534","title":{"rendered":"Do Pobrania"},"content":{"rendered":"<p><a href=\"https:\/\/www.knichip.pw.edu.pl\/wp-content\/uploads\/2024\/10\/Regulamin-KN-IChiP-X_2024.pdf\" target=\"_blank\" rel=\"noopener\">Regulamin KN IChiP &#8222;Venturi&#8221;<\/a><\/p>\n<p><a href=\"https:\/\/forms.office.com\/e\/FX01pYgxcG\" target=\"_blank\" rel=\"noopener\">Za\u0142\u0105cznik 2 &#8211; Wniosek o przyj\u0119cie do Ko\u0142a<\/a><\/p>\n<p><a href=\"https:\/\/forms.office.com\/e\/tsrHcid9mM\" target=\"_blank\" rel=\"noopener\">Za\u0142\u0105cznik 3 &#8211; Sprawozdanie z okresu pr\u00f3bnego<\/a><\/p>\n<p><a href=\"https:\/\/forms.office.com\/e\/2xEYZfG65w\" target=\"_blank\" rel=\"noopener\">Za\u0142\u0105cznik 4 &#8211; Sprawozdanie roczne<\/a><\/p>\n<p><a href=\"https:\/\/www.knichip.pw.edu.pl\/wp-content\/uploads\/2023\/10\/Zalacznik-nr5_Wniosek-o-wykreslenie.docx\" target=\"_blank\" rel=\"noopener\">Za\u0142\u0105cznik 5 &#8211; Wniosek o wykre\u015blenie z listy cz\u0142onk\u00f3w<\/a><\/p>\n<p><a href=\"http:\/\/www.knichip.pw.edu.pl\/?page_id=758\" target=\"_blank\" rel=\"noopener noreferrer\">Baza praktyk<\/a><\/p>\n","protected":false},"excerpt":{"rendered":"<p>Regulamin KN IChiP &#8222;Venturi&#8221; Za\u0142\u0105cznik 2 &#8211; Wniosek o przyj\u0119cie do Ko\u0142a Za\u0142\u0105cznik 3 &#8211; Sprawozdanie z okresu pr\u00f3bnego Za\u0142\u0105cznik 4 &#8211; Sprawozdanie roczne Za\u0142\u0105cznik 5 &#8211; Wniosek o wykre\u015blenie z listy cz\u0142onk\u00f3w Baza praktyk<\/p>\n","protected":false},"author":17,"featured_media":0,"parent":0,"menu_order":0,"comment_status":"closed","ping_status":"open","template":"","meta":{"footnotes":""},"class_list":["post-534","page","type-page","status-publish"],"_links":{"self":[{"href":"https:\/\/www.knichip.pw.edu.pl\/index.php?rest_route=\/wp\/v2\/pages\/534","targetHints":{"allow":["GET"]}}],"collection":[{"href":"https:\/\/www.knichip.pw.edu.pl\/index.php?rest_route=\/wp\/v2\/pages"}],"about":[{"href":"https:\/\/www.knichip.pw.edu.pl\/index.php?rest_route=\/wp\/v2\/types\/page"}],"author":[{"embeddable":true,"href":"https:\/\/www.knichip.pw.edu.pl\/index.php?rest_route=\/wp\/v2\/users\/17"}],"replies":[{"embeddable":true,"href":"https:\/\/www.knichip.pw.edu.pl\/index.php?rest_route=%2Fwp%2Fv2%2Fcomments&post=534"}],"version-history":[{"count":23,"href":"https:\/\/www.knichip.pw.edu.pl\/index.php?rest_route=\/wp\/v2\/pages\/534\/revisions"}],"predecessor-version":[{"id":2507,"href":"https:\/\/www.knichip.pw.edu.pl\/index.php?rest_route=\/wp\/v2\/pages\/534\/revisions\/2507"}],"wp:attachment":[{"href":"https:\/\/www.knichip.pw.edu.pl\/index.php?rest_route=%2Fwp%2Fv2%2Fmedia&parent=534"}],"curies":[{"name":"wp","href":"https:\/\/api.w.org\/{rel}","templated":true}]}}