{"id":57,"date":"2013-02-13T16:53:06","date_gmt":"2013-02-13T16:53:06","guid":{"rendered":"http:\/\/www.knichip.pw.edu.pl\/?page_id=57"},"modified":"2019-11-05T12:24:31","modified_gmt":"2019-11-05T11:24:31","slug":"doswiadczenia-i-instalacje","status":"publish","type":"page","link":"https:\/\/www.knichip.pw.edu.pl\/?page_id=57","title":{"rendered":"Do\u015bwiadczenia"},"content":{"rendered":"<p>Zakres dzia\u0142alno\u015bci KNIChiP obejmuje projektowanie i realizacj\u0119 budowy uk\u0142ad\u00f3w do\u015bwiadczalnych.<\/p>\n<p>Stanowiska mog\u0105 by\u0107 prezentowane na pokazach, na kt\u00f3rych cz\u0142onkowie KNIChiP precyzyjnie potrafi\u0105 wyt\u0142umaczy\u0107 jaki proces zachodzi w do\u015bwiadczeniu, na czym polega oraz w jakiej dziedzinie znajduje zastosowanie.<\/p>\n<p>Wiele ju\u017c zrobili\u015bmy i wiele mamy w planach, zamieszczamy r\u00f3wnie\u017c propozycje na do\u015bwiadczenia, kt\u00f3re ka\u017cdy mo\u017ce zrobi\u0107 sam.<\/p>\n","protected":false},"excerpt":{"rendered":"<p>Zakres dzia\u0142alno\u015bci KNIChiP obejmuje projektowanie i realizacj\u0119 budowy uk\u0142ad\u00f3w do\u015bwiadczalnych. Stanowiska mog\u0105 by\u0107 prezentowane na pokazach, na kt\u00f3rych cz\u0142onkowie KNIChiP precyzyjnie potrafi\u0105 wyt\u0142umaczy\u0107 jaki proces zachodzi w do\u015bwiadczeniu, na czym polega oraz w jakiej dziedzinie znajduje zastosowanie. Wiele ju\u017c zrobili\u015bmy i wiele mamy w planach, zamieszczamy r\u00f3wnie\u017c propozycje na do\u015bwiadczenia, kt\u00f3re ka\u017cdy mo\u017ce zrobi\u0107 sam.<\/p>\n","protected":false},"author":17,"featured_media":0,"parent":0,"menu_order":0,"comment_status":"closed","ping_status":"open","template":"","meta":{"footnotes":""},"class_list":["post-57","page","type-page","status-publish"],"_links":{"self":[{"href":"https:\/\/www.knichip.pw.edu.pl\/index.php?rest_route=\/wp\/v2\/pages\/57","targetHints":{"allow":["GET"]}}],"collection":[{"href":"https:\/\/www.knichip.pw.edu.pl\/index.php?rest_route=\/wp\/v2\/pages"}],"about":[{"href":"https:\/\/www.knichip.pw.edu.pl\/index.php?rest_route=\/wp\/v2\/types\/page"}],"author":[{"embeddable":true,"href":"https:\/\/www.knichip.pw.edu.pl\/index.php?rest_route=\/wp\/v2\/users\/17"}],"replies":[{"embeddable":true,"href":"https:\/\/www.knichip.pw.edu.pl\/index.php?rest_route=%2Fwp%2Fv2%2Fcomments&post=57"}],"version-history":[{"count":7,"href":"https:\/\/www.knichip.pw.edu.pl\/index.php?rest_route=\/wp\/v2\/pages\/57\/revisions"}],"predecessor-version":[{"id":1813,"href":"https:\/\/www.knichip.pw.edu.pl\/index.php?rest_route=\/wp\/v2\/pages\/57\/revisions\/1813"}],"wp:attachment":[{"href":"https:\/\/www.knichip.pw.edu.pl\/index.php?rest_route=%2Fwp%2Fv2%2Fmedia&parent=57"}],"curies":[{"name":"wp","href":"https:\/\/api.w.org\/{rel}","templated":true}]}}