{"id":794,"date":"2015-04-20T18:47:34","date_gmt":"2015-04-20T17:47:34","guid":{"rendered":"http:\/\/www.knichip.pw.edu.pl\/?page_id=794"},"modified":"2015-04-20T18:51:04","modified_gmt":"2015-04-20T17:51:04","slug":"przeplyw-taylora-couettea","status":"publish","type":"page","link":"https:\/\/www.knichip.pw.edu.pl\/?page_id=794","title":{"rendered":"Przep\u0142yw Taylora-Couette\u2019a"},"content":{"rendered":"<p style=\"text-align: justify;\"><strong>Przep\u0142yw Taylora-Couette\u2019a<\/strong> (przep\u0142yw wleczony) jest nazw\u0105 przep\u0142ywu cieczy, zwi\u0105zan\u0105 z niestabilno\u015bci\u0105, wyst\u0119puj\u0105c\u0105 w pier\u015bcieniu pomi\u0119dzy dwoma wsp\u00f3\u0142osiowymi wiruj\u0105cymi cylindrami. Du\u017ca cz\u0119sto\u015b\u0107 obrotowa jednego z cylindr\u00f3w mo\u017ce zak\u0142\u00f3ci\u0107 laminarny przep\u0142yw p\u0142ynu. Istotne jest, kt\u00f3ry z cylindr\u00f3w wykonuje ruch obrotowy. Je\u017celi wiruje cylinder zewn\u0119trzny, przep\u0142yw laminarny jest bardziej stabilny, gdy za\u015b obraca si\u0119 cylinder wewn\u0119trzny- przep\u0142yw zak\u0142\u00f3cany jest dzia\u0142aj\u0105c\u0105 si\u0142\u0105 od\u015brodkow\u0105. Wraz ze wzrostem pr\u0119dko\u015bci obrotowej wewn\u0119trznego cylindra wzrastaj\u0105 si\u0142y od\u015brodkowe, kt\u00f3re pokonuj\u0105 si\u0142y lepko\u015bci wyst\u0119puj\u0105ce mi\u0119dzy cz\u0105steczkami cieczy, co powoduje kszta\u0142towanie si\u0119 w przestrzeni mi\u0119dzy cylindrami toroidalnych wir\u00f3w nazywanych wirami Taylora. Przep\u0142yw p\u0142ynu nosi w\u00f3wczas nazw\u0119 przep\u0142ywu Taylora-Couette\u2019a.<br \/>\nUzyskane rozmycie kolor\u00f3w i powr\u00f3t do pierwotnej postaci mo\u017cliwe jest tylko dla bardzo g\u0119stych roztwor\u00f3w (w naszym do\u015bwiadczeniu wykorzystali\u015bmy syrop glukozowy). Kropla barwnika musi mie\u0107 takie same parametry fizykochemiczne co ciecz w kt\u00f3rej wykonujemy przep\u0142yw wleczony, tj. powinna mie\u0107 t\u0105 sam\u0105 g\u0119sto\u015b\u0107, lepko\u015b\u0107 oraz temperatur\u0119.<\/p>\n<ul>\n<li>Przy r\u00f3\u017cnej g\u0119sto\u015bci mo\u017cliwe jest unoszenie lub opadanie kropli, co psuje ca\u0142y efekt.<\/li>\n<li>Przy r\u00f3\u017cnej lepko\u015bci ciecz nie b\u0119dzie wraca\u0142a do pierwotnej postaci.<\/li>\n<\/ul>\n<p><a href=\"http:\/\/www.knichip.pw.edu.pl\/wp-content\/uploads\/2015\/04\/T-C.png\"><img fetchpriority=\"high\" decoding=\"async\" class=\"size-full wp-image-793 aligncenter\" src=\"http:\/\/www.knichip.pw.edu.pl\/wp-content\/uploads\/2015\/04\/T-C.png\" alt=\"T-C\" width=\"440\" height=\"264\" srcset=\"https:\/\/www.knichip.pw.edu.pl\/wp-content\/uploads\/2015\/04\/T-C.png 440w, https:\/\/www.knichip.pw.edu.pl\/wp-content\/uploads\/2015\/04\/T-C-300x180.png 300w\" sizes=\"(max-width: 440px) 100vw, 440px\" \/><\/a><\/p>\n<p>&nbsp;<\/p>\n","protected":false},"excerpt":{"rendered":"<p>Przep\u0142yw Taylora-Couette\u2019a (przep\u0142yw wleczony) jest nazw\u0105 przep\u0142ywu cieczy, zwi\u0105zan\u0105 z niestabilno\u015bci\u0105, wyst\u0119puj\u0105c\u0105 w pier\u015bcieniu pomi\u0119dzy dwoma wsp\u00f3\u0142osiowymi wiruj\u0105cymi cylindrami. Du\u017ca cz\u0119sto\u015b\u0107 obrotowa jednego z cylindr\u00f3w mo\u017ce zak\u0142\u00f3ci\u0107 laminarny przep\u0142yw p\u0142ynu. Istotne jest, kt\u00f3ry z cylindr\u00f3w wykonuje ruch obrotowy. Je\u017celi wiruje cylinder zewn\u0119trzny, przep\u0142yw laminarny jest bardziej stabilny, gdy za\u015b obraca si\u0119 cylinder wewn\u0119trzny- przep\u0142yw zak\u0142\u00f3cany &#8230; <a title=\"Przep\u0142yw Taylora-Couette\u2019a\" class=\"read-more\" href=\"https:\/\/www.knichip.pw.edu.pl\/?page_id=794\" aria-label=\"Read more about Przep\u0142yw Taylora-Couette\u2019a\">Dowiedz si\u0119 wi\u0119cej<\/a><\/p>\n","protected":false},"author":17,"featured_media":0,"parent":57,"menu_order":0,"comment_status":"closed","ping_status":"open","template":"","meta":{"footnotes":""},"class_list":["post-794","page","type-page","status-publish"],"_links":{"self":[{"href":"https:\/\/www.knichip.pw.edu.pl\/index.php?rest_route=\/wp\/v2\/pages\/794","targetHints":{"allow":["GET"]}}],"collection":[{"href":"https:\/\/www.knichip.pw.edu.pl\/index.php?rest_route=\/wp\/v2\/pages"}],"about":[{"href":"https:\/\/www.knichip.pw.edu.pl\/index.php?rest_route=\/wp\/v2\/types\/page"}],"author":[{"embeddable":true,"href":"https:\/\/www.knichip.pw.edu.pl\/index.php?rest_route=\/wp\/v2\/users\/17"}],"replies":[{"embeddable":true,"href":"https:\/\/www.knichip.pw.edu.pl\/index.php?rest_route=%2Fwp%2Fv2%2Fcomments&post=794"}],"version-history":[{"count":2,"href":"https:\/\/www.knichip.pw.edu.pl\/index.php?rest_route=\/wp\/v2\/pages\/794\/revisions"}],"predecessor-version":[{"id":798,"href":"https:\/\/www.knichip.pw.edu.pl\/index.php?rest_route=\/wp\/v2\/pages\/794\/revisions\/798"}],"up":[{"embeddable":true,"href":"https:\/\/www.knichip.pw.edu.pl\/index.php?rest_route=\/wp\/v2\/pages\/57"}],"wp:attachment":[{"href":"https:\/\/www.knichip.pw.edu.pl\/index.php?rest_route=%2Fwp%2Fv2%2Fmedia&parent=794"}],"curies":[{"name":"wp","href":"https:\/\/api.w.org\/{rel}","templated":true}]}}